{"id":535,"date":"2018-07-06T09:51:25","date_gmt":"2018-07-06T07:51:25","guid":{"rendered":"https:\/\/www.centritecnopolo.unipr.it\/siteiaparma\/?page_id=535"},"modified":"2023-03-31T16:09:32","modified_gmt":"2023-03-31T14:09:32","slug":"personale","status":"publish","type":"page","link":"https:\/\/www.centritecnopolo.unipr.it\/siteiaparma\/il-centro\/personale\/","title":{"rendered":"Personale Siteia"},"content":{"rendered":"<p>Ogni UO \u00e8 coordinata da uno o pi\u00f9 Responsabili (RUO) ed \u00e8 composta da ricercatori e tecnici tra il personale strutturato, e assegnisti e borsisti tra il personale non strutturato.<\/p>\n<p>Il <strong>personale strutturato<\/strong> del centro, che dedica una specifica percentuale del proprio impegno lavorativo a SITEIA.PARMA, \u00e8 formato da professori ordinari e associati, ricercatori universitari e personale tecnico amministrativo.<\/p>\n<p>Il <strong>personale non strutturato <\/strong>che lavora a tempo pieno (100%) per il centro \u00e8 costituito da assegnisti e borsisti di ricerca.<\/p>\n<p>Direttore Centro: Prof Alessandro Pirondi<\/p>\n<p>Vice Direttore e Resp. Accreditamento: Prof Gianni Galaverna<\/p>\n<p>Responsabile Scientifico: Prof Davide Barbanti<\/p>\n<p>Responsabile Amministrativo: Rag. Giorgetta Leporati<\/p>\n<p><strong>Personale Strutturato <\/strong><\/p>\n<p>TELEFONO:<\/p>\n<table width=\"103%\">\n<tbody>\n<tr>\n<td width=\"19%\"><strong>COGNOME<\/strong><\/p>\n<p><strong>NOME<\/strong><\/td>\n<td width=\"17%\"><strong>UO<\/strong><\/td>\n<td width=\"22%\"><strong>QUALIFICA ALL\u2019INTERNO DEL CENTRO<\/strong><\/td>\n<td width=\"19%\"><strong>SETTORE SCIENTIFICO- DISCIPLINARE<\/strong><\/td>\n<td width=\"21%\"><strong>E-MAIL<\/strong><\/p>\n<p><strong>TELEFONO<\/strong><\/td>\n<\/tr>\n<tr>\n<td width=\"19%\"><strong><u><a href=\"http:\/\/www.unipr.it\/ugov\/person\/18292\">ARFINI<\/a><\/u><\/strong><\/p>\n<p><strong>FILIPPO<\/strong><\/td>\n<td width=\"17%\"><\/td>\n<td width=\"22%\">MdC<\/td>\n<td width=\"19%\">ECONOMIA ED ESTIMO RURALE (AGR\/01) &#8211; Scienze agrarie e veterinarie<\/td>\n<td width=\"21%\"><u><a href=\"mailto:filippo.arfini@unipr.it\">filippo.arfini@unipr.it<\/a><\/u><\/p>\n<p><strong>TELEFONO:<\/strong><\/p>\n<p>+39 0521 032496<\/td>\n<\/tr>\n<tr>\n<td width=\"19%\"><strong><u><a href=\"http:\/\/www.unipr.it\/ugov\/person\/16418\">BARBANTI<\/a><\/u><\/strong><\/p>\n<p><strong>DAVIDE<\/strong><\/td>\n<td width=\"17%\">Laboratorio di prove tecnologiche alimentari<\/td>\n<td width=\"22%\">RUO, Responsabile scientifico<\/td>\n<td width=\"19%\">SCIENZE E TECNOLOGIE ALIMENTARI (AGR\/15) &#8211; Scienze agrarie e veterinarie<\/td>\n<td width=\"21%\"><u><a href=\"mailto:davide.barbanti@unipr.it\">davide.barbanti@unipr.it<\/a><\/u><\/p>\n<p><strong>TELEFONO:<\/strong><\/p>\n<p>+39 0521 905706<\/td>\n<\/tr>\n<tr>\n<td width=\"19%\"><a href=\"https:\/\/www.unipr.it\/ugov\/person\/21880\"><strong>BERNINI VALENTINA<\/strong><\/a><\/p>\n<p><strong>&nbsp;<\/strong><\/td>\n<td width=\"17%\"><\/td>\n<td width=\"22%\">MdC<\/td>\n<td width=\"19%\">MICROBIOLOGIA AGRARIA (AGR\/16) &#8211; Scienze agrarie e veterinarie<\/td>\n<td width=\"21%\"><u><a href=\"mailto:valentina.bernini@unipr.it\">valentina.bernini@unipr.it<\/a><\/u><\/p>\n<p><strong>TELEFONO: <\/strong><\/p>\n<p>+39 0521 906527<\/td>\n<\/tr>\n<tr>\n<td width=\"19%\"><strong><u><a href=\"http:\/\/www.unipr.it\/ugov\/person\/18101\">BETTATI<\/a><\/u><\/strong><\/p>\n<p><strong>STEFANO<\/strong><\/td>\n<td width=\"17%\">Laboratorio high throughput proteomica<\/td>\n<td width=\"22%\"><\/td>\n<td width=\"19%\">FISICA APPLICATA (A BENI CULTURALI, AMBIENTALI, BIOLOGIA E MEDICINA) (FIS\/07) &#8211; Scienze fisiche<\/td>\n<td width=\"21%\"><u><a href=\"mailto:stefano.bettati@unipr.it\">stefano.bettati@unipr.it<\/a><\/u><\/p>\n<p><strong>TELEFONO:<\/strong><\/p>\n<p>+39 0521 905502<\/td>\n<\/tr>\n<tr>\n<td width=\"19%\"><strong><u><a href=\"http:\/\/www.unipr.it\/ugov\/person\/18101\">BETTINI<\/a><\/u><\/strong><\/p>\n<p><strong>RUGGERO<\/strong><\/td>\n<td width=\"17%\"><\/td>\n<td width=\"22%\">MdC<\/td>\n<td width=\"19%\">FARMACEUTICO TECNOLOGICO APPLICATIVO (CHIM\/09) &#8211; Scienze chimiche<\/td>\n<td width=\"21%\"><u><a href=\"mailto:ruggero.bettini@unipr.it\">ruggero.bettini@unipr.it<\/a><\/u><\/p>\n<p><strong>TELEFONO:<\/strong><\/p>\n<p>+39 0521 905089<\/td>\n<\/tr>\n<tr>\n<td width=\"19%\"><a href=\"https:\/\/www.unipr.it\/ugov\/person\/17486\"><strong>BOTTARI BENEDETTA<\/strong><\/a><\/p>\n<p><strong>&nbsp;<\/strong><\/p>\n<p><strong>&nbsp;<\/strong><\/td>\n<td width=\"17%\"><\/td>\n<td width=\"22%\">MdC<\/td>\n<td width=\"19%\">MICROBIOLOGIA AGRARIA (AGR\/16) &#8211; Scienze agrarie e veterinarie<\/td>\n<td width=\"21%\"><u><a href=\"mailto:benedetta.bottari@unipr.it\">benedetta.bottari@unipr.it<\/a><\/u><\/p>\n<p><strong>TELEFONO:<\/strong><\/p>\n<p>+39 0521 906528<\/td>\n<\/tr>\n<tr>\n<td width=\"19%\"><strong><u><a href=\"http:\/\/www.unipr.it\/ugov\/person\/20024\">BOZZOLI<\/a><\/u><\/strong><\/p>\n<p><strong>FABIO<\/strong><\/td>\n<td width=\"17%\">Laboratorio progettazione termofluidodinamica e prove termiche<\/td>\n<td width=\"22%\">MdC<\/td>\n<td width=\"19%\">FISICA TECNICA INDUSTRIALE (ING-IND\/10) &#8211; Ingegneria industriale e dell&#8217;informazione<\/td>\n<td width=\"21%\"><u><a href=\"mailto:fabio.bozzoli@unipr.it\">fabio.bozzoli@unipr.it<\/a><\/u><\/p>\n<p><strong>TELEFONO:<\/strong><\/p>\n<p>+39 0521 905859<\/td>\n<\/tr>\n<tr>\n<td width=\"19%\"><strong><u><a href=\"http:\/\/www.unipr.it\/ugov\/person\/17123\">BRIGHENTI<\/a><\/u><\/strong><\/p>\n<p><strong>FURIO<\/strong><\/td>\n<td width=\"17%\">Laboratorio chimico 2<\/td>\n<td width=\"22%\">MdC<\/td>\n<td width=\"19%\">FISIOLOGIA (BIO\/09) &#8211; Scienze biologiche<\/td>\n<td width=\"21%\"><u><a href=\"mailto:furio.brighenti@unipr.it\">furio.brighenti@unipr.it<\/a><\/u><\/p>\n<p><strong>TELEFONO:<\/strong><\/p>\n<p>+39 0521 033835<\/td>\n<\/tr>\n<tr>\n<td width=\"19%\"><strong><u><a href=\"http:\/\/www.unipr.it\/ugov\/person\/19377\">CALESTANI<\/a><\/u><\/strong><\/p>\n<p><strong>GIANLUCA<\/strong><\/td>\n<td width=\"17%\">Laboratorio chimico analitico, Laboratorio di microscopia elettronica a scansione ambientale (ESEM+EDX)<\/td>\n<td width=\"22%\">MdC<\/td>\n<td width=\"19%\">CHIMICA GENERALE E INORGANICA (CHIM\/03) &#8211; Scienze chimiche<\/td>\n<td width=\"21%\">gianluca.calestani@unipr.it<\/p>\n<p><strong>TELEFONO:<\/strong><\/p>\n<p>+39 0521 905448<\/td>\n<\/tr>\n<tr>\n<td width=\"19%\"><strong><u><a href=\"http:\/\/www.unipr.it\/ugov\/person\/16978\">CALIGIANI<\/a><\/u><\/strong><\/p>\n<p><strong>AUGUSTA<\/strong><\/td>\n<td width=\"17%\">Laboratorio chimico 1<\/td>\n<td width=\"22%\">MdC<\/td>\n<td width=\"19%\">CHIMICA DEGLI ALIMENTI (CHIM\/10) &#8211; Scienze chimiche<\/td>\n<td width=\"21%\"><u><a href=\"mailto:augusta.caligiani@unipr.it\">augusta.caligiani@unipr.it<\/a><\/u><\/p>\n<p><strong>TELEFONO:<\/strong><\/p>\n<p>+39 0521 905407<\/td>\n<\/tr>\n<tr>\n<td width=\"19%\"><strong><u><a href=\"http:\/\/www.unipr.it\/ugov\/person\/16813\">CARERI<\/a><\/u><\/strong><\/p>\n<p><strong>MARIA<\/strong><\/td>\n<td width=\"17%\">Laboratorio chimico analitico, e Laboratorio di microscopia elettronica a scansione ambientale (ESEM+EDX)<\/td>\n<td width=\"22%\">RUO, MdC<\/td>\n<td width=\"19%\">CHIMICA ANALITICA (CHIM\/01) &#8211; Scienze chimiche<\/td>\n<td width=\"21%\"><u><a href=\"mailto:maria.careri@unipr.it\">maria.careri@unipr.it<\/a><\/u><\/p>\n<p><strong>TELEFONO:<\/strong><\/p>\n<p>+39 0521 905477<\/td>\n<\/tr>\n<tr>\n<td width=\"19%\"><a href=\"https:\/\/www.unipr.it\/ugov\/person\/17617\"><strong>CARINI ELEONORA<\/strong><\/a><\/p>\n<p><strong>&nbsp;<\/strong><\/p>\n<p><strong>&nbsp;<\/strong><\/td>\n<td width=\"17%\"><\/td>\n<td width=\"22%\">MdC<\/td>\n<td width=\"19%\">SCIENZE E TECNOLOGIE ALIMENTARI (AGR\/15) &#8211; Scienze agrarie e veterinarie<\/td>\n<td width=\"21%\"><u><a href=\"mailto:eleonora.carini@unipr.it\">eleonora.carini@unipr.it<\/a><\/u><\/p>\n<p><strong>TELEFONO: <\/strong>+39 0521 906520<\/td>\n<\/tr>\n<tr>\n<td width=\"19%\"><strong><u><a href=\"http:\/\/www.unipr.it\/ugov\/person\/21250\">CASOLI<\/a><\/u><\/strong><\/p>\n<p><strong>PAOLO<\/strong><\/td>\n<td width=\"17%\">Laboratorio di progettazione avanzata di macchine a fluido<\/td>\n<td width=\"22%\">RUO, MdC<\/td>\n<td width=\"19%\">MACCHINE A FLUIDO (ING-IND\/08) &#8211; Ingegneria industriale e dell&#8217;informazione<\/td>\n<td width=\"21%\"><u><a href=\"mailto:paolo.casoli@unipr.it\">paolo.casoli@unipr.it<\/a><\/u><\/p>\n<p><strong>TELEFONO:<\/strong><\/p>\n<p>+39 0521 905868<\/td>\n<\/tr>\n<tr>\n<td width=\"19%\"><strong><u><a href=\"http:\/\/www.unipr.it\/ugov\/person\/145088\">CERRI<\/a><\/u><\/strong><\/p>\n<p><strong>EMANUELA<\/strong><\/td>\n<td width=\"17%\">Laboratorio di metallurgia e tecnologie metallurgiche innovative<\/td>\n<td width=\"22%\">RUO, MdC<\/td>\n<td width=\"19%\">METALLURGIA (ING-IND\/21) &#8211; Ingegneria industriale e dell&#8217;informazione<\/td>\n<td width=\"21%\"><u><a href=\"mailto:emanuela.cerri@unipr.it\">emanuela.cerri@unipr.it<\/a><\/u><\/p>\n<p><strong>TELEFONO:<\/strong><\/p>\n<p>+39 0521 905882<\/td>\n<\/tr>\n<tr>\n<td width=\"19%\"><a href=\"https:\/\/www.unipr.it\/ugov\/person\/18836\"><strong>CHIAVARO EMMA<\/strong><\/a><\/p>\n<p><strong>&nbsp;<\/strong><\/p>\n<p><strong>&nbsp;<\/strong><\/td>\n<td width=\"17%\"><\/td>\n<td width=\"22%\">MdC<\/td>\n<td width=\"19%\">SCIENZE E TECNOLOGIE ALIMENTARI (AGR\/15) &#8211; Scienze agrarie e veterinarie<\/td>\n<td width=\"21%\"><u><a href=\"mailto:emma.chiavaro@unipr.it\">emma.chiavaro@unipr.it<\/a><\/u><\/p>\n<p><strong>TELEFONO: <\/strong>+39 0521 905888<\/td>\n<\/tr>\n<tr>\n<td width=\"19%\"><a href=\"https:\/\/www.unipr.it\/ugov\/person\/16044\"><strong>CORRADINI ROBERTO<\/strong><\/a><\/td>\n<td width=\"17%\"><\/td>\n<td width=\"22%\">MdC<\/td>\n<td width=\"19%\">CHIMICA ORGANICA (CHIM\/06) &#8211; Scienze chimiche<\/td>\n<td width=\"21%\"><u><a href=\"mailto:roberto.corradini@unipr.it\">roberto.corradini@unipr.it<\/a><\/u><\/p>\n<p><strong>TELEFONO:<\/strong><\/p>\n<p>39 0521 905410<\/td>\n<\/tr>\n<tr>\n<td width=\"19%\"><strong><u><a href=\"http:\/\/www.unipr.it\/ugov\/person\/16436\">COSTANTINO<\/a><\/u><\/strong><\/p>\n<p><strong>GABRIELE<\/strong><\/td>\n<td width=\"17%\"><\/td>\n<td width=\"22%\">MdC<\/td>\n<td width=\"19%\">CHIMICA FARMACEUTICA (CHIM\/08) &#8211; Scienze chimiche<\/td>\n<td width=\"21%\"><u><a href=\"mailto:gabriele.costantino@unipr.it\">gabriele.costantino@unipr.it<\/a><\/u><\/p>\n<p><strong>TELEFONO:<\/strong><\/p>\n<p>+39 0521 905055<\/td>\n<\/tr>\n<tr>\n<td width=\"19%\"><strong><u><a href=\"http:\/\/www.unipr.it\/ugov\/person\/19132\">CRISTOFOLINI<\/a><\/u><\/strong><\/p>\n<p><strong>LUIGI<\/strong><\/td>\n<td width=\"17%\">Laboratorio di microscopia elettronica a scansione (SEM+EDS)<\/td>\n<td width=\"22%\">RUO, MdC<\/td>\n<td width=\"19%\">FISICA DELLA MATERIA (FIS\/03) &#8211; Scienze fisiche<\/td>\n<td width=\"21%\"><u><a href=\"mailto:luigi.cristofolini@unipr.it\">luigi.cristofolini@unipr.it<\/a><\/u><\/p>\n<p><strong>TELEFONO:<\/strong><\/p>\n<p>+39 0521 905276<\/td>\n<\/tr>\n<tr>\n<td width=\"19%\"><strong><u><a href=\"http:\/\/www.unipr.it\/ugov\/person\/15987\">DEL RIO<\/a><\/u><\/strong><\/p>\n<p><strong>DANIELE<\/strong><\/td>\n<td width=\"17%\">Laboratorio Chimico 2<\/td>\n<td width=\"22%\">RUO, MdC<\/td>\n<td width=\"19%\">SCIENZE TECNICHE DIETETICHE APPLICATE (MED\/49) &#8211; Scienze mediche<\/td>\n<td width=\"21%\"><u><a href=\"mailto:daniele.delrio@unipr.it\">daniele.delrio@unipr.it<\/a><\/u><\/p>\n<p><strong>TELEFONO:<\/strong><\/p>\n<p>+39 0521 033830<\/td>\n<\/tr>\n<tr>\n<td width=\"19%\"><a href=\"https:\/\/www.unipr.it\/ugov\/person\/19714\"><strong>DIECI GIORGIO<\/strong><\/a><\/p>\n<p><strong>&nbsp;<\/strong><\/td>\n<td width=\"17%\"><\/td>\n<td width=\"22%\">MdC<\/td>\n<td width=\"19%\">BIOCHIMICA (BIO\/10) &#8211; Scienze biologiche<\/td>\n<td width=\"21%\"><strong><u>giorgio<\/u><\/strong><u>.<strong>dieci<\/strong>@unipr.it<\/u><\/p>\n<p><strong><u>TELEFONO:<\/u><\/strong><\/p>\n<p><u>+39 0521 905649 <\/u><\/p>\n<p><u>+39 0521 905151 <\/u><\/td>\n<\/tr>\n<tr>\n<td width=\"19%\"><strong><u><a href=\"http:\/\/www.unipr.it\/ugov\/person\/18339\">FARINA<\/a><\/u><\/strong><\/p>\n<p><strong>ANGELO<\/strong><\/td>\n<td width=\"17%\">Laboratorio di prove acustiche<\/td>\n<td width=\"22%\">RUO, MdC<\/td>\n<td width=\"19%\">FISICA TECNICA AMBIENTALE (ING-IND\/11) &#8211; Ingegneria industriale e dell&#8217;informazione<\/td>\n<td width=\"21%\"><u><a href=\"mailto:angelo.farina@unipr.it\">angelo.farina@unipr.it<\/a><\/u><\/p>\n<p><strong><u>TELEFONO:<\/u><\/strong><\/p>\n<p>+39 0521 905854<\/td>\n<\/tr>\n<tr>\n<td width=\"19%\"><strong><u><a href=\"http:\/\/www.unipr.it\/ugov\/person\/18170\">FOLLI<\/a><\/u><\/strong><\/p>\n<p><strong>CLAUDIA<\/strong><\/td>\n<td width=\"17%\">Laboratorio high throughput proteomica<\/td>\n<td width=\"22%\">MdC<\/td>\n<td width=\"19%\">BIOCHIMICA (BIO\/10) &#8211; Scienze biologiche<\/td>\n<td width=\"21%\"><u><a href=\"mailto:claudia.folli@unipr.it\">claudia.folli@unipr.it<\/a><\/u><\/p>\n<p><strong><u>TELEFONO:<\/u><\/strong><\/p>\n<p>+39 0521 905174<\/td>\n<\/tr>\n<tr>\n<td width=\"19%\"><strong><u><a href=\"http:\/\/www.unipr.it\/ugov\/person\/20691\">GALAVERNA<\/a><\/u><\/strong><\/p>\n<p><strong>GIANNI<\/strong><\/td>\n<td width=\"17%\">Laboratorio Chimico 1<\/td>\n<td width=\"22%\">MdC<\/p>\n<p>Vicedirettore<\/p>\n<p>Responsabile Accreditamento<\/td>\n<td width=\"19%\">CHIMICA DEGLI ALIMENTI (CHIM\/10) &#8211; Scienze chimiche<\/td>\n<td width=\"21%\"><u><a href=\"mailto:gianni.galaverna@unipr.it\">gianni.galaverna@unipr.it<\/a><\/u><\/p>\n<p><strong><u>TELEFONO:<\/u><\/strong><\/p>\n<p>+39 0521 906270<\/td>\n<\/tr>\n<tr>\n<td width=\"19%\"><strong><u><a href=\"http:\/\/www.unipr.it\/ugov\/person\/16791\">GARZIERA<\/a><\/u><\/strong><\/p>\n<p><strong>RINALDO<\/strong><\/td>\n<td width=\"17%\"><\/td>\n<td width=\"22%\">MdC<\/td>\n<td width=\"19%\">MECCANICA APPLICATA ALLE MACCHINE (ING-IND\/13) &#8211; Ingegneria industriale e dell&#8217;informazione<\/td>\n<td width=\"21%\"><u><a href=\"mailto:rinaldo.garziera@unipr.it\">rinaldo.garziera@unipr.it<\/a><\/u><\/p>\n<p><strong><u>TELEFONO:<\/u><\/strong><\/p>\n<p>+39 0521 905700<\/td>\n<\/tr>\n<tr>\n<td width=\"19%\"><strong><u><a href=\"http:\/\/www.unipr.it\/ugov\/person\/20809\">GATTI<\/a><\/u><\/strong><\/p>\n<p><strong>MONICA<\/strong><\/td>\n<td width=\"17%\">Laboratorio microbiologico<\/td>\n<td width=\"22%\">RUO, MdC<\/td>\n<td width=\"19%\">MICROBIOLOGIA AGRARIA (AGR\/16) &#8211; Scienze agrarie e veterinarie<\/td>\n<td width=\"21%\"><u><a href=\"mailto:monica.gatti@unipr.it\">monica.gatti@unipr.it<\/a><\/u><\/p>\n<p><strong><u>TELEFONO:<\/u><\/strong><\/p>\n<p>+39 0521 906529<\/td>\n<\/tr>\n<tr>\n<td width=\"19%\"><strong><u><a href=\"http:\/\/www.unipr.it\/ugov\/person\/17091\">GIANNETTO<\/a><\/u><\/strong><\/p>\n<p><strong>MARCO<\/strong><\/td>\n<td width=\"17%\">Laboratorio chimico analitico<\/td>\n<td width=\"22%\">RUO, MdC<\/td>\n<td width=\"19%\">CHIMICA ANALITICA (CHIM\/01) &#8211; Scienze chimiche<\/td>\n<td width=\"21%\"><u><a href=\"mailto:marco.giannetto@unipr.it\">marco.giannetto@unipr.it<\/a><\/u><\/p>\n<p><strong><u>TELEFONO:<\/u><\/strong><\/p>\n<p>+39 0521 905485 \u2013 905035<\/td>\n<\/tr>\n<tr>\n<td width=\"19%\"><strong><u><a href=\"http:\/\/www.unipr.it\/ugov\/person\/21890\">GULL\u00cc<\/a><\/u><\/strong><\/p>\n<p><strong>MARIOLINA<\/strong><\/td>\n<td width=\"17%\">Laboratorio Biotecnologico e Genetico-Molecolare<\/td>\n<td width=\"22%\">MdC<\/td>\n<td width=\"19%\">GENETICA AGRARIA (AGR\/07) &#8211; Scienze agrarie e veterinarie<\/td>\n<td width=\"21%\"><u><a href=\"mailto:mariolina.gulli@unipr.it\">mariolina.gulli@unipr.it<\/a><\/u><\/p>\n<p><strong><u>TELEFONO:<\/u><\/strong><\/p>\n<p>+39 0521 905486<\/td>\n<\/tr>\n<tr>\n<td width=\"19%\"><a href=\"https:\/\/www.unipr.it\/ugov\/person\/20574\"><strong>LAZZI CAMILLA <\/strong><\/a><\/p>\n<p><strong>&nbsp;<\/strong><\/p>\n<p><strong>&nbsp;<\/strong><\/td>\n<td width=\"17%\"><\/td>\n<td width=\"22%\">MdC<\/td>\n<td width=\"19%\">MICROBIOLOGIA AGRARIA (AGR\/16) &#8211; Scienze agrarie e veterinarie<\/td>\n<td width=\"21%\"><u><a href=\"mailto:camilla.lazzi@unipr.it\">camilla.lazzi@unipr.it<\/a><\/u><\/p>\n<p><strong>TELEFONO: <\/strong><\/p>\n<p>+39 0521 906530<\/td>\n<\/tr>\n<tr>\n<td width=\"19%\"><strong><u><a href=\"http:\/\/www.unipr.it\/ugov\/person\/16050\">MAESTRI<\/a><\/u><\/strong><\/p>\n<p><strong>ELENA<\/strong><\/td>\n<td width=\"17%\">Laboratorio Biotecnologico e Genetico-Molecolare<\/td>\n<td width=\"22%\">MdC<\/td>\n<td width=\"19%\">BIOLOGIA APPLICATA (BIO\/13) &#8211; Scienze biologiche<\/td>\n<td width=\"21%\"><u><a href=\"mailto:elena.maestri@unipr.it\">elena.maestri@unipr.it<\/a><\/u><\/p>\n<p><strong><u>TELEFONO:<\/u><\/strong><\/p>\n<p>+39 0521 905687<\/td>\n<\/tr>\n<tr>\n<td width=\"19%\"><a href=\"https:\/\/www.unipr.it\/ugov\/person\/89491\"><strong>MATTAROZZI<\/strong><\/a><\/p>\n<p><strong>MONICA<\/strong><\/td>\n<td width=\"17%\">Laboratorio Chimico Analitico, e Laboratorio di microscopia elettronica a scansione ambientale (ESEM+EDX)<\/td>\n<td width=\"22%\">MdC<\/td>\n<td width=\"19%\">CHIMICA ANALITICA (CHIM\/01) &#8211; Scienze chimiche<\/td>\n<td width=\"21%\"><u><a href=\"mailto:monica.materozzi@unipr.it\">monica.materozzi@unipr.it<\/a><\/u><\/p>\n<p><strong><u>TELEFONO:<\/u><\/strong><\/p>\n<p>+39 0521 905476<\/td>\n<\/tr>\n<tr>\n<td width=\"19%\"><strong><u><a href=\"http:\/\/www.unipr.it\/ugov\/person\/19786\">MONTANARI<\/a><\/u><\/strong><\/p>\n<p><strong>ROBERTO<\/strong><\/td>\n<td width=\"17%\">Laboratorio di progettazione avanzata di impianti, laboratorio di produzione \u2013 logistica e supply chain<\/td>\n<td width=\"22%\">RUO, MdC<\/td>\n<td width=\"19%\">IMPIANTI INDUSTRIALI MECCANICI (ING-IND\/17) &#8211; Ingegneria industriale e dell&#8217;informazione<\/td>\n<td width=\"21%\"><u><a href=\"mailto:roberto.montanari@unipr.it\">roberto.montanari@unipr.it<\/a><\/u><\/p>\n<p><strong><u>TELEFONO:<\/u><\/strong><\/p>\n<p>+39 0521 905851<\/td>\n<\/tr>\n<tr>\n<td width=\"19%\"><strong><u><a href=\"http:\/\/www.unipr.it\/ugov\/person\/20343\">NEVIANI<\/a><\/u><\/strong><\/p>\n<p><strong>ERASMO<\/strong><\/td>\n<td width=\"17%\">Laboratorio microbiologico<\/td>\n<td width=\"22%\">RUO, MdC<\/td>\n<td width=\"19%\">MICROBIOLOGIA AGRARIA (AGR\/16) &#8211; Scienze agrarie e veterinarie<\/td>\n<td width=\"21%\"><u><a href=\"mailto:erasmo.neviani@unipr.it\">erasmo.neviani@unipr.it<\/a><\/u><\/p>\n<p><strong><u>TELEFONO:<\/u><\/strong><\/p>\n<p>+39 0521 906531<\/td>\n<\/tr>\n<tr>\n<td width=\"19%\"><a href=\"https:\/\/personale.unipr.it\/it\/ugovdocenti\/person\/107445\"><strong>PACIULLI<\/strong><\/a><\/p>\n<p><strong>MARIA<\/strong><\/td>\n<td width=\"17%\">Laboratorio di prove tecnologiche alimentari<\/td>\n<td width=\"22%\">MdC<\/td>\n<td width=\"19%\">SCIENZE E TECNOLOGIE ALIMENTARI (AGR\/15) \u2013 Scienze agrarie e veterinarie<\/td>\n<td width=\"21%\"><a href=\"mailto:maria.paciulli@unipr.it\">maria.paciulli@unipr.it<\/a><br \/>\n<strong><u>TELEFONO:<\/u><\/strong><\/p>\n<p>+39 0521 905891<\/td>\n<\/tr>\n<tr>\n<td width=\"19%\"><strong><u><a href=\"http:\/\/www.unipr.it\/ugov\/person\/21623\">PAGLIARINI<\/a><\/u><\/strong><\/p>\n<p><strong>GIORGIO<\/strong><\/td>\n<td width=\"17%\">Laboratorio Progettazione Termofluidodinamica e Prove Termiche<\/td>\n<td width=\"22%\">MdC<\/td>\n<td width=\"19%\">FISICA TECNICA INDUSTRIALE (ING-IND\/10) &#8211; Ingegneria industriale e dell&#8217;informazione<\/td>\n<td width=\"21%\"><u><a href=\"mailto:giorgio.pagliarini@unipr.it\">giorgio.pagliarini@unipr.it<\/a><\/u><\/p>\n<p><strong><u>TELEFONO:<\/u><\/strong><\/p>\n<p>+39 0521 905856<\/td>\n<\/tr>\n<tr>\n<td width=\"19%\"><strong><u><a href=\"http:\/\/www.unipr.it\/ugov\/person\/20304\">PELLEGRINI<\/a><\/u><\/strong><\/p>\n<p><strong>NICOLETTA<\/strong><\/td>\n<td width=\"17%\">Laboratorio Chimico 2 (nutrizione umana)<\/td>\n<td width=\"22%\">MdC<\/td>\n<td width=\"19%\">SCIENZE TECNICHE DIETETICHE APPLICATE (MED\/49) &#8211; Scienze mediche<\/td>\n<td width=\"21%\"><u><a href=\"mailto:nicoletta.pellegrini@unipr.it\">nicoletta.pellegrini@unipr.it<\/a><\/u><\/p>\n<p><strong><u>TELEFONO:<\/u><\/strong><\/p>\n<p>+39 0521 033907<\/td>\n<\/tr>\n<tr>\n<td width=\"19%\"><strong><u><a href=\"http:\/\/www.unipr.it\/ugov\/person\/17614\">PIRONDI<\/a><\/u><\/strong><\/p>\n<p><strong>ALESSANDRO<\/strong><\/td>\n<td width=\"17%\">Laboratorio Progettazione Meccanica e Prove Meccaniche<\/td>\n<td width=\"22%\">Direttore del Centro, RUO<\/td>\n<td width=\"19%\">PROGETTAZIONE MECCANICA E COSTRUZIONE DI MACCHINE (ING-IND\/14) &#8211; Ingegneria industriale e dell&#8217;informazione<\/td>\n<td width=\"21%\"><u><a href=\"mailto:alessandro.pirondi@unipr.it\">alessandro.pirondi@unipr.it<\/a><\/u><\/p>\n<p><strong><u>TELEFONO:<\/u><\/strong><\/p>\n<p>+39 0521 905885<\/td>\n<\/tr>\n<tr>\n<td width=\"19%\"><strong><u><a href=\"http:\/\/www.unipr.it\/ugov\/person\/16527\">RAINIERI<\/a><\/u><\/strong><\/p>\n<p><strong>SARA<\/strong><\/td>\n<td width=\"17%\">Laboratorio progettazione termofluidodinamica e prove termiche<\/td>\n<td width=\"22%\">RUO, MdC<\/td>\n<td width=\"19%\">PROGETTAZIONE MECCANICA E COSTRUZIONE DI MACCHINE (ING-IND\/14) &#8211; Ingegneria industriale e dell&#8217;informazione<\/td>\n<td width=\"21%\"><u><a href=\"mailto:sara.rainieri@unipr.it\">sara.rainieri@unipr.it<\/a><\/u><\/p>\n<p><strong><u>TELEFONO:<\/u><\/strong><\/p>\n<p>+39 0521 905857<\/td>\n<\/tr>\n<tr>\n<td width=\"19%\"><strong><u><a href=\"http:\/\/www.unipr.it\/ugov\/person\/21196\">RINALDI<\/a><\/u><\/strong><\/p>\n<p><strong>MASSIMILIANO<\/strong><\/td>\n<td width=\"17%\">Laboratorio di prove tecnologiche alimentari<\/td>\n<td width=\"22%\">MdC<\/td>\n<td width=\"19%\">SCIENZE E TECNOLOGIE ALIMENTARI (AGR\/15) \u2013 Scienze agrarie e veterinarie<\/td>\n<td width=\"21%\"><u><a href=\"massimiliano.rinaldi@unipr.it\">massimiliano.rinaldi@unipr.it<\/a><\/u><\/p>\n<p><strong><u>TELEFONO:<\/u><\/strong><\/p>\n<p>+39 0521 905846<\/td>\n<\/tr>\n<tr>\n<td width=\"19%\"><strong><u><a href=\"http:\/\/www.unipr.it\/ugov\/person\/112807\">ROMOLI<\/a><\/u><\/strong><\/p>\n<p><strong>LUCA<\/strong><\/td>\n<td width=\"17%\">Tecnologia meccanica<\/td>\n<td width=\"22%\">RUO, MdC<\/td>\n<td width=\"19%\">TECNOLOGIE E SISTEMI DI LAVORAZIONE (ING-IND\/16) &#8211; Ingegneria industriale e dell&#8217;informazione<\/td>\n<td width=\"21%\"><u><a href=\"mailto:luca.romoli@unipr.it\">luca.romoli@unipr.it<\/a><\/u><\/p>\n<p><strong><u>TELEFONO:<\/u><\/strong><\/p>\n<p>+39 0521 906202<\/td>\n<\/tr>\n<tr>\n<td width=\"19%\"><strong><u><a href=\"http:\/\/www.unipr.it\/ugov\/person\/18181\">SFORZA<\/a><\/u><\/strong><\/p>\n<p><strong>STEFANO<\/strong><\/td>\n<td width=\"17%\">Laboratorio Chimico 1<\/td>\n<td width=\"22%\">MdC<\/td>\n<td width=\"19%\">CHIMICA ORGANICA (CHIM\/06) &#8211; Scienze chimiche<\/td>\n<td width=\"21%\">stefano.sforza@unipr.it<\/p>\n<p>+39 0521 905413<\/td>\n<\/tr>\n<tr>\n<td width=\"19%\"><strong><u><a href=\"http:\/\/www.unipr.it\/ugov\/person\/16145\">SILVESTRI<\/a><\/u><\/strong><\/p>\n<p><strong>MARCO<\/strong><\/td>\n<td width=\"17%\">Automazione industriale<\/td>\n<td width=\"22%\">MdC<\/td>\n<td width=\"19%\">MECCANICA APPLICATA ALLE MACCHINE (ING-IND\/13) &#8211; Ingegneria industriale e dell&#8217;informazione<\/td>\n<td width=\"21%\"><u><a href=\"mailto:marco.silvestri2@unipr.it\">marco.silvestri2@unipr.it<\/a><\/u><\/p>\n<p><strong><u>TELEFONO:<\/u><\/strong><\/p>\n<p>+39 0521 905895<\/td>\n<\/tr>\n<tr>\n<td width=\"19%\"><strong><u><a href=\"http:\/\/www.unipr.it\/ugov\/person\/17566\">TEDESCHI<\/a><\/u><\/strong><\/p>\n<p><strong>TULLIA<\/strong><\/td>\n<td width=\"17%\">Laboratorio Chimico 1<\/td>\n<td width=\"22%\">MdC<\/td>\n<td width=\"19%\">CHIMICA ORGANICA (CHIM\/06) &#8211; Scienze chimiche<\/td>\n<td width=\"21%\"><u><a href=\"mailto:tullia.tedeschi@unipr.it\">tullia.tedeschi@unipr.it<\/a><\/u><\/p>\n<p><strong><u>TELEFONO:<\/u><\/strong><\/p>\n<p>+39 0521 905406<\/td>\n<\/tr>\n<tr>\n<td width=\"19%\"><strong><u><a href=\"http:\/\/www.unipr.it\/ugov\/person\/15168\">TRIBAUDINO<\/a><\/u><\/strong><\/p>\n<p><strong>MARIO<\/strong><\/td>\n<td width=\"17%\"><\/td>\n<td width=\"22%\">MdC<\/td>\n<td width=\"19%\">MINERALOGIA (GEO\/06) &#8211; Scienze della terra<\/td>\n<td width=\"21%\"><u><a href=\"mailto:mario.tribaudino@unipr.it\">mario.tribaudino@unipr.it<\/a><\/u><\/p>\n<p><strong><u>TELEFONO:<\/u><\/strong><\/p>\n<p>+39 0521 905340<\/td>\n<\/tr>\n<tr>\n<td width=\"19%\"><a href=\"https:\/\/www.unipr.it\/ugov\/person\/23925\"><strong>VIGNALI GIUSEPPE<\/strong><\/a><\/p>\n<p><strong>&nbsp;<\/strong><\/td>\n<td width=\"17%\"><\/td>\n<td width=\"22%\">MdC<\/td>\n<td width=\"19%\">IMPIANTI INDUSTRIALI MECCANICI (ING-IND\/17) &#8211; Ingegneria industriale e dell&#8217;informazione<\/td>\n<td width=\"21%\"><u><a href=\"mailto:giuseppe.vignali@unipr.it\">giuseppe.vignali@unipr.it<\/a><\/u><\/p>\n<p><strong>TELEFONO: <\/strong><\/p>\n<p>+39 0521 906061<\/td>\n<\/tr>\n<\/tbody>\n<\/table>\n","protected":false},"excerpt":{"rendered":"<p>Ogni UO \u00e8 coordinata da uno o pi\u00f9 Responsabili (RUO) ed \u00e8 composta da ricercatori e tecnici tra il personale [&hellip;]<\/p>\n","protected":false},"author":23,"featured_media":0,"parent":112,"menu_order":0,"comment_status":"closed","ping_status":"closed","template":"","meta":[],"acf":[],"_links":{"self":[{"href":"https:\/\/www.centritecnopolo.unipr.it\/siteiaparma\/wp-json\/wp\/v2\/pages\/535"}],"collection":[{"href":"https:\/\/www.centritecnopolo.unipr.it\/siteiaparma\/wp-json\/wp\/v2\/pages"}],"about":[{"href":"https:\/\/www.centritecnopolo.unipr.it\/siteiaparma\/wp-json\/wp\/v2\/types\/page"}],"author":[{"embeddable":true,"href":"https:\/\/www.centritecnopolo.unipr.it\/siteiaparma\/wp-json\/wp\/v2\/users\/23"}],"replies":[{"embeddable":true,"href":"https:\/\/www.centritecnopolo.unipr.it\/siteiaparma\/wp-json\/wp\/v2\/comments?post=535"}],"version-history":[{"count":22,"href":"https:\/\/www.centritecnopolo.unipr.it\/siteiaparma\/wp-json\/wp\/v2\/pages\/535\/revisions"}],"predecessor-version":[{"id":1200,"href":"https:\/\/www.centritecnopolo.unipr.it\/siteiaparma\/wp-json\/wp\/v2\/pages\/535\/revisions\/1200"}],"up":[{"embeddable":true,"href":"https:\/\/www.centritecnopolo.unipr.it\/siteiaparma\/wp-json\/wp\/v2\/pages\/112"}],"wp:attachment":[{"href":"https:\/\/www.centritecnopolo.unipr.it\/siteiaparma\/wp-json\/wp\/v2\/media?parent=535"}],"curies":[{"name":"wp","href":"https:\/\/api.w.org\/{rel}","templated":true}]}}