{"id":411,"date":"2017-07-27T10:55:10","date_gmt":"2017-07-27T08:55:10","guid":{"rendered":"https:\/\/www.centritecnopolo.unipr.it\/siteiaparma\/?page_id=411"},"modified":"2019-11-29T12:06:10","modified_gmt":"2019-11-29T11:06:10","slug":"sostinnovi","status":"publish","type":"page","link":"https:\/\/www.centritecnopolo.unipr.it\/siteiaparma\/ricerca-e-progetti\/progetti\/sostinnovi\/","title":{"rendered":"SOSTINNOVI"},"content":{"rendered":"<p style=\"text-align: justify;\"><a href=\"https:\/\/www.centritecnopolo.unipr.it\/siteiaparma\/sostinnovi\/por_fesr_er_loghi_firma_trasp_550px-e1500883026440-2\/\" rel=\"attachment wp-att-416\"><img decoding=\"async\" loading=\"lazy\" class=\"size-medium wp-image-416 aligncenter\" src=\"https:\/\/www.centritecnopolo.unipr.it\/siteiaparma\/wp-content\/uploads\/sites\/9\/2017\/07\/Por_Fesr_ER_loghi_FIRMA_trasp_550px-e1500883026440-1-300x46.png\" alt=\"por_fesr_er_loghi_firma_trasp_550px-e1500883026440\" width=\"300\" height=\"46\" srcset=\"https:\/\/www.centritecnopolo.unipr.it\/siteiaparma\/wp-content\/uploads\/sites\/9\/2017\/07\/Por_Fesr_ER_loghi_FIRMA_trasp_550px-e1500883026440-1-300x46.png 300w, https:\/\/www.centritecnopolo.unipr.it\/siteiaparma\/wp-content\/uploads\/sites\/9\/2017\/07\/Por_Fesr_ER_loghi_FIRMA_trasp_550px-e1500883026440-1.png 550w\" sizes=\"(max-width: 300px) 100vw, 300px\" \/><\/a><\/p>\n<p style=\"text-align: justify;\"><a href=\"http:\/\/www.sostinnovi.eu\/\">SOSTINNOVI<\/a> \u00e8 un progetto di Ricerca Industriale &#8211; cofinanziato dalla Regione Emilia Romagna tramite il POR FESR 2014-2020 &#8211; gestito da BIOGEST-SITEIA e INTERMECH (UNIMORE) in partenariato con:<\/p>\n<ul>\n<li><a href=\"https:\/\/www.centritecnopolo.unipr.it\/cidea\/\">SITEIA.PARMA (UNIPR)<\/a><\/li>\n<li><a href=\"http:\/\/www.agroalimentare.unibo.it\/it\">CIRI-AGRO (UNIBO)<\/a><\/li>\n<li><a href=\"http:\/\/lab.crpv.it\/\">CRPV Lab (CRPV) <\/a><\/li>\n<li><a href=\"http:\/\/www.reinnova.it\/\">REI &#8211; REGGIO EMILIA INNOVAZIONE <\/a><\/li>\n<\/ul>\n<p style=\"text-align: justify;\">Il progetto vede il coinvolgimento di diverse aziende Vitivinicole attive sul territorio regionale:<\/p>\n<h3 style=\"text-align: center;\"><a href=\"http:\/\/www.caviro.com\/it\/\"><img decoding=\"async\" loading=\"lazy\" class=\"alignnone wp-image-126\" src=\"https:\/\/i1.wp.com\/www.sostinnovi.eu\/wp-content\/uploads\/2016\/10\/Logo_CAVIRO.jpg?resize=790%2C527\" alt=\"Logo_CAVIRO\" width=\"99\" height=\"66\" \/><\/a><a href=\"http:\/\/www.emiliawine.eu\/\"><img decoding=\"async\" loading=\"lazy\" class=\"alignnone wp-image-130\" src=\"https:\/\/i1.wp.com\/www.sostinnovi.eu\/wp-content\/uploads\/2016\/10\/Logo_emilia_wine.png?resize=157%2C45\" alt=\"logo_emilia_wine\" width=\"109\" height=\"31\" \/><\/a><a href=\"http:\/\/www.gruppocevico.com\/\"><img decoding=\"async\" loading=\"lazy\" class=\"alignnone size-full wp-image-128\" src=\"https:\/\/i0.wp.com\/www.sostinnovi.eu\/wp-content\/uploads\/2016\/10\/Logo_CEVICO.png?resize=220%2C70\" alt=\"logo_cevico\" width=\"93\" height=\"30\" \/><\/a><a href=\"http:\/\/www.cantinesanmartino.com\/\"><img decoding=\"async\" loading=\"lazy\" class=\"alignnone wp-image-129\" src=\"https:\/\/i0.wp.com\/www.sostinnovi.eu\/wp-content\/uploads\/2016\/10\/Logo_SM_In_Rio.png?resize=310%2C160\" alt=\"logo_sm_in_rio\" width=\"128\" height=\"66\" \/><img decoding=\"async\" loading=\"lazy\" class=\"wp-image-127 aligncenter\" src=\"https:\/\/i1.wp.com\/www.sostinnovi.eu\/wp-content\/uploads\/2016\/10\/Logo_RIUNITE_CIV.png?resize=242%2C50\" alt=\"logo_riunite_civ\" width=\"117\" height=\"24\" \/><\/a><\/h3>\n<div class=\"su-row\">\n<div class=\"su-column su-column-size-1-4\"><\/div>\n<div class=\"su-column su-column-size-3-4\">\n<div class=\"su-column-inner su-clearfix\"><a href=\"http:\/\/www.sostinnovi.eu\/\">SOSTINNOVI<\/a> (Sostenibilit\u00e0 e Innovazione nella Filiera Vitivinicola) \u00e8 il progetto che trasforma l\u2019Emilia-Romagna in un punto di riferimento internazionale per l\u2019innovazione sostenibile nella filiera vitivinicola.<\/div>\n<\/div>\n<\/div>\n<p style=\"text-align: justify;\">Le soluzioni proposte da SOSTINNOVI riguardano la gestione delle pratiche agronomiche in vigneto tramite telerilevamento con <strong>droni<\/strong> e valutazione oggettiva della maturazione dell\u2019uva con <strong>smartphone<\/strong>, oltre all\u2019impiego di <strong>tecnologie enologiche<\/strong> per l\u2019abbattimento del contenuto di anidride solforosa in vino e alla <strong>valorizzazione di sottoprodotti<\/strong> della vinificazione per ottenere bioplastiche. Una strategia per modulare le attivit\u00e0 di viticoltori e aziende su esigenze reali, coniugando redditivit\u00e0, tecnologia, tradizione, eccellenza, tipicit\u00e0 e sostenibilit\u00e0.<\/p>\n<p style=\"text-align: justify;\"><strong>Coordinamento e Responsabile Scientifico del Progetto<\/strong><\/p>\n<p style=\"text-align: justify;\">Prof Andrea Antonelli &#8211; email: <a href=\"mailto:andrea.antonelli@unimore.it\">andrea.antonelli@unimore.it<\/a> &#8211; Tel: +39 0522 522023<\/p>\n<p style=\"text-align: justify;\"><strong>Responsabile Scientifico SITEIA.PARMA<\/strong><\/p>\n<p style=\"text-align: justify;\">Prof.ssa Federica Bondioli &#8211; email: <a href=\"mailto:federica.bondioli@unipr.it\">federica.bondioli@unipr.it<\/a>&#8211; Tel: <span class=\"field-content\">+39 0521 906189<\/span><\/p>\n","protected":false},"excerpt":{"rendered":"<p>SOSTINNOVI \u00e8 un progetto di Ricerca Industriale &#8211; cofinanziato dalla Regione Emilia Romagna tramite il POR FESR 2014-2020 &#8211; gestito [&hellip;]<\/p>\n","protected":false},"author":6,"featured_media":0,"parent":255,"menu_order":0,"comment_status":"closed","ping_status":"closed","template":"","meta":[],"acf":[],"_links":{"self":[{"href":"https:\/\/www.centritecnopolo.unipr.it\/siteiaparma\/wp-json\/wp\/v2\/pages\/411"}],"collection":[{"href":"https:\/\/www.centritecnopolo.unipr.it\/siteiaparma\/wp-json\/wp\/v2\/pages"}],"about":[{"href":"https:\/\/www.centritecnopolo.unipr.it\/siteiaparma\/wp-json\/wp\/v2\/types\/page"}],"author":[{"embeddable":true,"href":"https:\/\/www.centritecnopolo.unipr.it\/siteiaparma\/wp-json\/wp\/v2\/users\/6"}],"replies":[{"embeddable":true,"href":"https:\/\/www.centritecnopolo.unipr.it\/siteiaparma\/wp-json\/wp\/v2\/comments?post=411"}],"version-history":[{"count":8,"href":"https:\/\/www.centritecnopolo.unipr.it\/siteiaparma\/wp-json\/wp\/v2\/pages\/411\/revisions"}],"predecessor-version":[{"id":781,"href":"https:\/\/www.centritecnopolo.unipr.it\/siteiaparma\/wp-json\/wp\/v2\/pages\/411\/revisions\/781"}],"up":[{"embeddable":true,"href":"https:\/\/www.centritecnopolo.unipr.it\/siteiaparma\/wp-json\/wp\/v2\/pages\/255"}],"wp:attachment":[{"href":"https:\/\/www.centritecnopolo.unipr.it\/siteiaparma\/wp-json\/wp\/v2\/media?parent=411"}],"curies":[{"name":"wp","href":"https:\/\/api.w.org\/{rel}","templated":true}]}}