{"id":346,"date":"2017-07-26T12:47:35","date_gmt":"2017-07-26T10:47:35","guid":{"rendered":"https:\/\/www.centritecnopolo.unipr.it\/siteiaparma\/?page_id=346"},"modified":"2019-12-02T14:33:04","modified_gmt":"2019-12-02T13:33:04","slug":"smartwheat","status":"publish","type":"page","link":"https:\/\/www.centritecnopolo.unipr.it\/siteiaparma\/ricerca-e-progetti\/progetti\/smartwheat\/","title":{"rendered":"SMARTWHEAT"},"content":{"rendered":"<p><img decoding=\"async\" class=\"aligncenter\" src=\"https:\/\/www.centritecnopolo.unipr.it\/siteiaparma\/wp-content\/uploads\/sites\/9\/2017\/07\/Por_Fesr_ER_loghi_FIRMA_trasp_550px-e1500883026440.png\" \/><\/p>\n<p>&nbsp;<\/p>\n<p><a href=\"http:\/\/www.smartwheat.eu\/\"><strong>SMARTWHEAT<\/strong><\/a> \u00e8 un progetto di Ricerca Industriale &#8211; cofinanziato dalla Regione Emilia Romagna tramite il POR FESR 2014-2020 &#8211; coordinato da Siteia.Parma in partenariato con:<\/p>\n<ul>\n<li><a href=\"http:\/\/www.agroalimentare.unibo.it\/it\">CIRI AGRO <\/a>&#8211; Universit\u00e0 degli Studi di Bologna<\/li>\n<li><a href=\"https:\/\/www.centritecnopolo.unipr.it\/biopharmanet-tec\/\">BIOPHARMENT<\/a> &#8211; TEC<\/li>\n<li><a href=\"http:\/\/www.biogest-siteia.unimore.it\/site\/home.html\">BIOGEST SITEIA<\/a>\u00a0&#8211; Universit\u00e0 degli Studi di Modena<\/li>\n<\/ul>\n<p>Il progetto \u00e8 realizzato\u00a0 in collaborazione con Barilla spa e Reire.<\/p>\n<p><strong>Data avvio<\/strong>: 1.04.2016<\/p>\n<p><strong>Data termine<\/strong>: 31.07.2018<\/p>\n<p><strong>Obiettivi<\/strong><\/p>\n<p style=\"text-align: justify;\">La celiachia \u00e8 una malattia autoimmune in rapido aumento tra la popolazione, dovuta a fattori genetici ed ambientali. Il progetto si propone di investigare la possibilit\u00e0 di esercitare un&#8217;azione preventiva contro la diffusione della celiachia individuando variet\u00e0 di frumento a ridotto impatto tossico per essere utilizzate nell&#8217;alimentazione dei soggetti predisposti alla celiachia, ma non ancora malati.<br \/>\nIl progetto <a href=\"http:\/\/www.smartwheat.eu\/\">SmartWheat<\/a> partir\u00e0 dall&#8217;individuazione di variet\u00e0 di frumento che, a seguito di digestione gastrointestinale, abbiano una produzione ridotta di peptidi tossici per soggetti celiaci, e verificher\u00e0 la robustezza di questa caratteristica al variare delle condizioni agronomiche.<br \/>\nDa queste variet\u00e0 verranno formulati prodotti commerciali, verificando che a seguito di digestione gastrointestinale questi prodotti producano effettivamente una ridotta quantit\u00e0 di peptidi tossici per i celiaci. Infine, verr\u00e0 verificato clinicamente ex vivo che tali prodotti abbiano un profilo di tossicit\u00e0 ridotto su pazienti selezionati come predisposti alla malattia celiaca.<\/p>\n<p style=\"text-align: justify;\"><strong>Coordinamento e Responsabile Scientifico<\/strong>: Siteia.Parma<\/p>\n<p>Prof. Arnaldo Dossena &#8211; Email: <a href=\"mailto:arnaldo.dossena@unipr.it\">arnaldo.dossena@unipr.it<\/a>; Tel:+39 0521 905413<\/p>\n<p>Prof. Stefano Sforza &#8211; Email: <a href=\"mailto:stefano.sforza@unipr.it\">stefano.sforza@unipr.it<\/a>; Tel:+39 0521 905413<\/p>\n<hr \/>\n<p>Costo Complessivo del Progetto:\u00a0 \u20ac\u00a01049158,75<\/p>\n<p>Contributo Pubblico:\u00a0 \u20ac\u00a0749.411,14<\/p>\n<p>Contributo Pubblico Siteia.Parma: \u20ac\u00a0295827,63<\/p>\n<p>CUP:\u00a0 D92I16000060009 \u2013 Regione Emilia Romagna<\/p>\n","protected":false},"excerpt":{"rendered":"<p>&nbsp; SMARTWHEAT \u00e8 un progetto di Ricerca Industriale &#8211; cofinanziato dalla Regione Emilia Romagna tramite il POR FESR 2014-2020 &#8211; [&hellip;]<\/p>\n","protected":false},"author":6,"featured_media":0,"parent":255,"menu_order":0,"comment_status":"closed","ping_status":"closed","template":"","meta":[],"acf":[],"_links":{"self":[{"href":"https:\/\/www.centritecnopolo.unipr.it\/siteiaparma\/wp-json\/wp\/v2\/pages\/346"}],"collection":[{"href":"https:\/\/www.centritecnopolo.unipr.it\/siteiaparma\/wp-json\/wp\/v2\/pages"}],"about":[{"href":"https:\/\/www.centritecnopolo.unipr.it\/siteiaparma\/wp-json\/wp\/v2\/types\/page"}],"author":[{"embeddable":true,"href":"https:\/\/www.centritecnopolo.unipr.it\/siteiaparma\/wp-json\/wp\/v2\/users\/6"}],"replies":[{"embeddable":true,"href":"https:\/\/www.centritecnopolo.unipr.it\/siteiaparma\/wp-json\/wp\/v2\/comments?post=346"}],"version-history":[{"count":12,"href":"https:\/\/www.centritecnopolo.unipr.it\/siteiaparma\/wp-json\/wp\/v2\/pages\/346\/revisions"}],"predecessor-version":[{"id":861,"href":"https:\/\/www.centritecnopolo.unipr.it\/siteiaparma\/wp-json\/wp\/v2\/pages\/346\/revisions\/861"}],"up":[{"embeddable":true,"href":"https:\/\/www.centritecnopolo.unipr.it\/siteiaparma\/wp-json\/wp\/v2\/pages\/255"}],"wp:attachment":[{"href":"https:\/\/www.centritecnopolo.unipr.it\/siteiaparma\/wp-json\/wp\/v2\/media?parent=346"}],"curies":[{"name":"wp","href":"https:\/\/api.w.org\/{rel}","templated":true}]}}