{"id":1286,"date":"2024-10-15T08:44:10","date_gmt":"2024-10-15T06:44:10","guid":{"rendered":"https:\/\/www.centritecnopolo.unipr.it\/siteiaparma\/?page_id=1286"},"modified":"2024-10-15T08:44:10","modified_gmt":"2024-10-15T06:44:10","slug":"meat-icoinnovative-circularity-options-in-meat-processing-industry","status":"publish","type":"page","link":"https:\/\/www.centritecnopolo.unipr.it\/siteiaparma\/meat-icoinnovative-circularity-options-in-meat-processing-industry\/","title":{"rendered":"<strong>MEAT-ICOInnovative Circularity Options in MEAT processing industry<\/strong>"},"content":{"rendered":"\n<p><strong>Abstract<\/strong><\/p>\n\n\n\n<p>L\u2019industria della trasformazione delle carni \u00e8 molto sviluppata in Emilia-Romagna, \u00e8 in continua trasformazione tecnologica e presenta opportunit\u00e0 di valorizzazione dei residui delle lavorazioni in un\u2019ottica di economia circolare e di riduzione dei consumi di acqua e di energia per garantire una crescente sostenibilit\u00e0. Gli scarti di produzione del prosciutto crudo variano dal 15 al 40% e sono smaltiti come \u201crifiuti speciali\u201d con un costo per la filiera e una dispersione di risorse potenzialmente recuperabili.<\/p>\n\n\n\n<p><strong>Obiettivi e risultati attesi<\/strong><\/p>\n\n\n\n<p><em>OBIETTIVI<\/em><\/p>\n\n\n\n<p>Sviluppare una filiera virtuosa per la valorizzazione dei residui della linea di trasformazione delle carni per la Regione Emilia-Romagna con recupero di materia ed energia, permettendo sia di ridurre la quantit\u00e0 di residui classificati e trattati come rifiuti, sia la dipendenza da fonti fossili, con un conseguente contenimento dei costi di smaltimento a carico della filiera.<\/p>\n\n\n\n<p><em>APPROCCIO<\/em><\/p>\n\n\n\n<p>MEAT-ICO mira a progettare e dimostrare a TRL6 tre processi per la produzione di biometano e biochar attraverso studi e sperimentazioni di laboratorio che prevedono:<\/p>\n\n\n\n<p>(a) gassificazione,<\/p>\n\n\n\n<p>(b) digestione con larve,<\/p>\n\n\n\n<p>(c) digestione anaerobica e<\/p>\n\n\n\n<p>(d) processi idrotermici.<\/p>\n\n\n\n<p>Con i dati ottenuti si selezioner\u00e0 la soluzione pi\u00f9 promettente e verr\u00e0 sviluppato un caso studio con analisi di impatto sulla filiera in un\u2019ottica di economia circolare.<\/p>\n\n\n\n<p><em>RISULTATI ATTESI<\/em><\/p>\n\n\n\n<p>Il progetto MEAT-ICO si concentra sulla filiera di trasformazione delle carni dove i processi sviluppati con il coinvolgimento dei laboratori e dei diversi anelli della filiera permetteranno di aumentare la redditivit\u00e0 e la competitivit\u00e0 delle singole aziende, rispondendo anche alle pi\u00f9 attuali richieste dei consumatori in materia di sostenibilit\u00e0 delle produzioni.<\/p>\n\n\n\n<p><strong>Dettagli del progetto<\/strong><\/p>\n\n\n\n<p><strong>Responsabile scientifico:<\/strong>&nbsp;Prof. Nelson Marmiroli<\/p>\n\n\n\n<p><strong>Strutture Unipr coinvolte:<\/strong><br>Centro Interdipartimentale sulla Sicurezza, Tecnologie e Innovazione Agroalimentare<\/p>\n\n\n\n<p><strong>Coordinatore:<\/strong><br>Universit\u00e0 Cattolica del Sacro Cuore (BioDNA)<\/p>\n\n\n\n<p><strong>Partner:<\/strong><\/p>\n\n\n\n<ul>\n<li>Stazione Sperimentale per l\u2019Industria delle Conserve Alimentari \u2013 Fondazione di Ricerca<\/li>\n\n\n\n<li>Centro Interdipartimentale sulla Sicurezza, Tecnologie e Innovazione Agroalimentare<\/li>\n\n\n\n<li>LEAP s.c. a r. l. Laboratorio Energia Ambiente Piacenza<\/li>\n<\/ul>\n\n\n\n<p><strong>Costo totale di progetto:<\/strong>\u00a0692.916,55 euro<br><strong>Contributo totale di progetto:<\/strong>\u00a0499.989,83 euro<br><strong>Costo totale Unipr:<\/strong>\u00a0163.935,92 euro<br><strong>Contributo totale Unipr:<\/strong>\u00a0114.996,64 euro<br><strong>Durata del progetto in mesi:<\/strong>\u00a030<br><strong>Data di inizio:<\/strong>\u00a031\/01\/2024<br><strong>Data di fine:<\/strong>\u00a031\/07\/2026<\/p>\n\n\n\n<p><strong>Il progetto \u00e8 realizzato grazie ai Fondi europei della Regione Emilia-Romagna<\/strong><\/p>\n\n\n\n<figure class=\"wp-block-image size-large\"><img decoding=\"async\" loading=\"lazy\" width=\"1024\" height=\"198\" src=\"https:\/\/www.centritecnopolo.unipr.it\/siteiaparma\/wp-content\/uploads\/sites\/9\/2024\/07\/Loghi_CoesioneITA_UE_REP_ER_21-27_compatta_colore-1024x198.png\" alt=\"\" class=\"wp-image-1230\" srcset=\"https:\/\/www.centritecnopolo.unipr.it\/siteiaparma\/wp-content\/uploads\/sites\/9\/2024\/07\/Loghi_CoesioneITA_UE_REP_ER_21-27_compatta_colore-1024x198.png 1024w, https:\/\/www.centritecnopolo.unipr.it\/siteiaparma\/wp-content\/uploads\/sites\/9\/2024\/07\/Loghi_CoesioneITA_UE_REP_ER_21-27_compatta_colore-300x58.png 300w, https:\/\/www.centritecnopolo.unipr.it\/siteiaparma\/wp-content\/uploads\/sites\/9\/2024\/07\/Loghi_CoesioneITA_UE_REP_ER_21-27_compatta_colore-768x148.png 768w, https:\/\/www.centritecnopolo.unipr.it\/siteiaparma\/wp-content\/uploads\/sites\/9\/2024\/07\/Loghi_CoesioneITA_UE_REP_ER_21-27_compatta_colore-1536x296.png 1536w, https:\/\/www.centritecnopolo.unipr.it\/siteiaparma\/wp-content\/uploads\/sites\/9\/2024\/07\/Loghi_CoesioneITA_UE_REP_ER_21-27_compatta_colore-2048x395.png 2048w\" sizes=\"(max-width: 1024px) 100vw, 1024px\" \/><\/figure>\n","protected":false},"excerpt":{"rendered":"<p>Abstract L\u2019industria della trasformazione delle carni \u00e8 molto sviluppata in Emilia-Romagna, \u00e8 in continua trasformazione tecnologica e presenta opportunit\u00e0 di [&hellip;]<\/p>\n","protected":false},"author":34,"featured_media":0,"parent":0,"menu_order":0,"comment_status":"closed","ping_status":"closed","template":"","meta":[],"acf":[],"_links":{"self":[{"href":"https:\/\/www.centritecnopolo.unipr.it\/siteiaparma\/wp-json\/wp\/v2\/pages\/1286"}],"collection":[{"href":"https:\/\/www.centritecnopolo.unipr.it\/siteiaparma\/wp-json\/wp\/v2\/pages"}],"about":[{"href":"https:\/\/www.centritecnopolo.unipr.it\/siteiaparma\/wp-json\/wp\/v2\/types\/page"}],"author":[{"embeddable":true,"href":"https:\/\/www.centritecnopolo.unipr.it\/siteiaparma\/wp-json\/wp\/v2\/users\/34"}],"replies":[{"embeddable":true,"href":"https:\/\/www.centritecnopolo.unipr.it\/siteiaparma\/wp-json\/wp\/v2\/comments?post=1286"}],"version-history":[{"count":1,"href":"https:\/\/www.centritecnopolo.unipr.it\/siteiaparma\/wp-json\/wp\/v2\/pages\/1286\/revisions"}],"predecessor-version":[{"id":1287,"href":"https:\/\/www.centritecnopolo.unipr.it\/siteiaparma\/wp-json\/wp\/v2\/pages\/1286\/revisions\/1287"}],"wp:attachment":[{"href":"https:\/\/www.centritecnopolo.unipr.it\/siteiaparma\/wp-json\/wp\/v2\/media?parent=1286"}],"curies":[{"name":"wp","href":"https:\/\/api.w.org\/{rel}","templated":true}]}}