{"id":1246,"date":"2024-10-11T13:39:01","date_gmt":"2024-10-11T11:39:01","guid":{"rendered":"https:\/\/www.centritecnopolo.unipr.it\/siteiaparma\/?page_id=1246"},"modified":"2025-07-15T10:09:05","modified_gmt":"2025-07-15T08:09:05","slug":"cagroforer-non-solo-carbonio-un-approccio-multifunzionale-per-servizi-ecosistemici-e-produzione-di-alimenti-di-qualita-in-sistemi-agroforestali-dellemilia-romagna","status":"publish","type":"page","link":"https:\/\/www.centritecnopolo.unipr.it\/siteiaparma\/cagroforer-non-solo-carbonio-un-approccio-multifunzionale-per-servizi-ecosistemici-e-produzione-di-alimenti-di-qualita-in-sistemi-agroforestali-dellemilia-romagna\/","title":{"rendered":"<strong>C+AgroForER \u00a0Non solo carbonio: un approccio multifunzionale per servizi ecosistemici e produzione di alimenti di qualit\u00e0 in sistemi agroforestali dell&#8217;Emilia-Romagna<\/strong>"},"content":{"rendered":"\n<p><strong>Abstract<\/strong><\/p>\n\n\n\n<p>PR-FESR EMILIA ROMAGNA 2021-2027<\/p>\n\n\n\n<p>Priorit\u00e0 1: RICERCA, INNOVAZIONE E COMPETITIVIT\u00c0<\/p>\n\n\n\n<p>Obiettivo specifico 1.1: Sviluppare e rafforzare le capacit\u00e0 di ricerca e di innovazione e l\u2019introduzione di tecnologie avanzate<\/p>\n\n\n\n<p>Azione 1.1.2 \u201cSupporto a progetti di ricerca collaborativa dei laboratori di ricerca e delle universit\u00e0 con le imprese\u201d<\/p>\n\n\n\n<p>BANDO PER PROGETTI DI RICERCA INDUSTRIALE STRATEGICA RIVOLTI AGLI AMBITI PRIORITARI DELLA STRATEGIA DI SPECIALIZZAZIONE INTELLIGENTE 2023-2024<\/p>\n\n\n\n<p><strong>Obiettivi e risultati attesi<\/strong><\/p>\n\n\n\n<ul>\n<li>L\u2019obiettivo del progetto \u00e8 lo sviluppo di strumenti abilitanti per sostenere le aziende del territorio nelle decisioni relative alla sostenibilit\u00e0 e alle misure di mitigazione dei cambiamenti climatici<\/li>\n\n\n\n<li>La proposta nasce dalle richieste delle aziende di avere uno strumento flessibile e semplice per prendere decisioni in merito agli investimenti nel campo dei crediti di sostenibilit\u00e0, e contribuire con le loro azioni alla transizione ecologica&nbsp;<\/li>\n\n\n\n<li>Gli attuali sistemi di calcolo sono limitati nel considerare gli ulteriori benefici ambientali delle diverse soluzioni in modo oggettivo e riproducibile. Gli standard internazionali che si stanno sviluppando hanno ancora molte lacune e sono di difficile applicazione.&nbsp;<\/li>\n\n\n\n<li>sperimentare l\u2019applicazione di principi agroecologici e di forestazione certificata su diverse aree per ottenere sequestro di carbonio e servizi ecosistemici addizionali<\/li>\n\n\n\n<li>valutare i servizi ecosistemici prodotti sfruttando e migliorando metodologie analitiche e con il contributo di tecnologie digitali<\/li>\n\n\n\n<li>quantificare il valore dei servizi ecosistemici ottenuti per ricavare un indice di sostenibilit\u00e0 atto a classificare l\u2019efficacia delle soluzioni proposte<\/li>\n\n\n\n<li>proporre l\u2019affiancamento di questo metodo di valutazione e calcolo agli attuali sistemi di cessione di crediti di sostenibilit\u00e0<\/li>\n\n\n\n<li>implementare uno strumento informatico di semplice utilizzo per le aziende che intendono investire in sostenibilit\u00e0<\/li>\n\n\n\n<li>ideare ed eseguire azioni formative del personale aziendale&nbsp;<\/li>\n\n\n\n<li>condurre attivit\u00e0 di consultazione e coinvolgimento delle comunit\u00e0 interessate dalla sperimentazione<\/li>\n<\/ul>\n\n\n\n<p>Il progetto si propone di affinare le competenze specifiche sulla valutazione degli effetti delle attivit\u00e0 di gestione del capitale naturale delle imprese sull\u2019offerta di servizi ecosistemici sulla misurazione e valorizzazione in chiave di mercato delle azioni di miglioramento sull\u2019applicazione degli standard riconosciuti a livello nazionale e internazionale per la quantificazione dei crediti per servizi ecosistemici nell\u2019ambito delle diverse tipologie di imprese coinvolte e sull\u2019impiego delle moderne tecnologie di informazione per sviluppare il DST&nbsp;<\/p>\n\n\n\n<p><strong>Dettagli del progetto<\/strong><\/p>\n\n\n\n<p><strong>Responsabile scientifico:<\/strong>&nbsp;Prof.ssa Elena Maestri<\/p>\n\n\n\n<p><strong>Strutture Unipr coinvolte:<\/strong><br>Centro Interdipartimentale sulla Sicurezza, Tecnologie e Innovazione Agroalimentare<\/p>\n\n\n\n<p><strong>Coordinatore:<\/strong><br>Universit\u00e0 degli studi di Parma<\/p>\n\n\n\n<p><strong>Partner:<\/strong><\/p>\n\n\n\n<ul>\n<li>Proambiente S.C.r.l.<\/li>\n\n\n\n<li>Centro Ricerche Produzioni Animali Soc. Cons. P.A.<\/li>\n\n\n\n<li>UNIFE &#8211; Laboratorio Terra&amp;AcquaTech<\/li>\n<\/ul>\n\n\n\n<p><strong>Costo totale di progetto:<\/strong>\u00a0632.885,87 euro<br><strong>Contributo totale di progetto:<\/strong>\u00a0468.962,12 euro<br><strong>Costo totale Unipr:<\/strong>\u00a0221.743,00 euro<br><strong>Contributo totale Unipr:<\/strong>\u00a0158.817,76 euro<br><strong>Durata del progetto in mesi:<\/strong>\u00a034<br><strong>Data di inizio:\u00a0<\/strong>06\/02\/2024<br><strong>Data di fine:<\/strong>\u00a005\/12\/2026<\/p>\n\n\n\n<p><strong>Il progetto \u00e8 realizzato grazie ai Fondi europei della Regione Emilia-Romagna<\/strong><\/p>\n\n\n\n<figure class=\"wp-block-image size-large\"><img decoding=\"async\" loading=\"lazy\" width=\"1024\" height=\"198\" src=\"https:\/\/www.centritecnopolo.unipr.it\/siteiaparma\/wp-content\/uploads\/sites\/9\/2024\/07\/Loghi_CoesioneITA_UE_REP_ER_21-27_compatta_colore-1024x198.png\" alt=\"\" class=\"wp-image-1230\" srcset=\"https:\/\/www.centritecnopolo.unipr.it\/siteiaparma\/wp-content\/uploads\/sites\/9\/2024\/07\/Loghi_CoesioneITA_UE_REP_ER_21-27_compatta_colore-1024x198.png 1024w, https:\/\/www.centritecnopolo.unipr.it\/siteiaparma\/wp-content\/uploads\/sites\/9\/2024\/07\/Loghi_CoesioneITA_UE_REP_ER_21-27_compatta_colore-300x58.png 300w, https:\/\/www.centritecnopolo.unipr.it\/siteiaparma\/wp-content\/uploads\/sites\/9\/2024\/07\/Loghi_CoesioneITA_UE_REP_ER_21-27_compatta_colore-768x148.png 768w, https:\/\/www.centritecnopolo.unipr.it\/siteiaparma\/wp-content\/uploads\/sites\/9\/2024\/07\/Loghi_CoesioneITA_UE_REP_ER_21-27_compatta_colore-1536x296.png 1536w, https:\/\/www.centritecnopolo.unipr.it\/siteiaparma\/wp-content\/uploads\/sites\/9\/2024\/07\/Loghi_CoesioneITA_UE_REP_ER_21-27_compatta_colore-2048x395.png 2048w\" sizes=\"(max-width: 1024px) 100vw, 1024px\" \/><\/figure>\n","protected":false},"excerpt":{"rendered":"<p>Abstract PR-FESR EMILIA ROMAGNA 2021-2027 Priorit\u00e0 1: RICERCA, INNOVAZIONE E COMPETITIVIT\u00c0 Obiettivo specifico 1.1: Sviluppare e rafforzare le capacit\u00e0 di [&hellip;]<\/p>\n","protected":false},"author":34,"featured_media":0,"parent":0,"menu_order":0,"comment_status":"closed","ping_status":"closed","template":"","meta":[],"acf":[],"_links":{"self":[{"href":"https:\/\/www.centritecnopolo.unipr.it\/siteiaparma\/wp-json\/wp\/v2\/pages\/1246"}],"collection":[{"href":"https:\/\/www.centritecnopolo.unipr.it\/siteiaparma\/wp-json\/wp\/v2\/pages"}],"about":[{"href":"https:\/\/www.centritecnopolo.unipr.it\/siteiaparma\/wp-json\/wp\/v2\/types\/page"}],"author":[{"embeddable":true,"href":"https:\/\/www.centritecnopolo.unipr.it\/siteiaparma\/wp-json\/wp\/v2\/users\/34"}],"replies":[{"embeddable":true,"href":"https:\/\/www.centritecnopolo.unipr.it\/siteiaparma\/wp-json\/wp\/v2\/comments?post=1246"}],"version-history":[{"count":5,"href":"https:\/\/www.centritecnopolo.unipr.it\/siteiaparma\/wp-json\/wp\/v2\/pages\/1246\/revisions"}],"predecessor-version":[{"id":1336,"href":"https:\/\/www.centritecnopolo.unipr.it\/siteiaparma\/wp-json\/wp\/v2\/pages\/1246\/revisions\/1336"}],"wp:attachment":[{"href":"https:\/\/www.centritecnopolo.unipr.it\/siteiaparma\/wp-json\/wp\/v2\/media?parent=1246"}],"curies":[{"name":"wp","href":"https:\/\/api.w.org\/{rel}","templated":true}]}}