{"id":12,"date":"2016-10-04T11:29:12","date_gmt":"2016-10-04T09:29:12","guid":{"rendered":"https:\/\/www.centritecnopolo.unipr.it\/biopharmanet-tec\/?page_id=12"},"modified":"2023-03-31T16:09:37","modified_gmt":"2023-03-31T14:09:37","slug":"servizi","status":"publish","type":"page","link":"https:\/\/www.centritecnopolo.unipr.it\/siteiaparma\/servizi\/","title":{"rendered":"Servizi"},"content":{"rendered":"<p>Offriamo consulenza e analisi nei tre ambiti delle attivit\u00e0 del Centro:<\/p>\n<ul>\n<li><strong>Sicurezza e Qualit\u00e0<\/strong>: metodi per valutare qualit\u00e0, sicurezza e tracciabilit\u00e0 delle materie prime e dei prodotti finiti; valutazione del rapporto alimentazione-salute<\/li>\n<li><strong>Prodotti e Processi<\/strong>: prodotti alimentari funzionali; processi alimentari innovativi e ottimizzazione delle prestazioni; trasferimento tecnologico per l\u2019innovazione nelle PMI<\/li>\n<li><strong>Macchine e Impianti<\/strong>: progettazione, simulazione e diagnostica<\/li>\n<\/ul>\n<p><!--more--><\/p>\n<p>Pi\u00f9 nello specifico, le attivit\u00e0 di SITEIA.PARMA offerte dalle singole <a href=\"https:\/\/www.centritecnopolo.unipr.it\/siteiaparma\/il-centro\/unita-operative\/\">Unit\u00e0 Operative<\/a> comprendono:<\/p>\n<p>&nbsp;<\/p>\n<p><strong>ANALISI DI PROTEINE IN PRODOTTI ALIMENTARI<\/strong><\/p>\n<p>&#8211; Biomarker di qualit\u00e0 per processi industriali di produzione di alimenti con proteine (es. prosciutto cotto e crudo), tenerezza, colore, capacit\u00e0 di trattenere l\u2019acqua nella trasformazione da muscolo a carne;<\/p>\n<p>&#8211; Caratterizzazione della componente del glutine in variet\u00e0 di frumento duro per panificazione.<\/p>\n<p>&#8211; Controllo di qualit\u00e0 delle materie prime (es. zafferano), escludendo contaminazioni da allergeni e verificandone l\u2019autenticit\u00e0 (confronto con prodotto standard certificato).<\/p>\n<p>&nbsp;<\/p>\n<p><strong>RICERCA DI POPOLAZIONI MICROBICHE NEGLI ALIMENTI<\/strong><\/p>\n<p>&#8211; Studio di difetti del prodotto finito correlati a dinamiche di evoluzione microbica atipiche.<\/p>\n<p>&#8211; Valutazione del cambiamento nella popolazione microbica in funzione di diverse tecnologie tecnologie di produzione produzione impiegate impiegate e territoriali territoriali.<\/p>\n<p>&#8211; Identificazione di profili microbici caratteristici riconducibili a prodotti di elevato standard qualitativo.<\/p>\n<p><strong>&nbsp;<\/strong><\/p>\n<p><strong>EFFETTO DEI TRATTAMENTI SULLE QUALITA\u2019 NUTRIZIONALI DEGLI ALIMENTI<\/strong><\/p>\n<p>Valutazione delle qualit\u00e0 nutrizionali di alimenti in relazioni a processi con test e modelli in vitro.<\/p>\n<p>&nbsp;<\/p>\n<p><strong>STUDI NELL\u2019UOMO PER VALUTARE GLI EFFETTI SALUTISTICI DEGLI ALIMENTI<\/strong><\/p>\n<p>&#8211; Capacit\u00e0 di disegnare e svolgere studi di intervento con volontari sani per valutare gli effetti salutistici di alimenti.<\/p>\n<p>&#8211; Preparazione di dossier per domande all\u2019EFSA nell\u2019ambito dell\u2019art.13, 13.5 o 14 (Reg 1924\/2006).<\/p>\n<p>&nbsp;<\/p>\n<p><strong>CARATTERIZZAZIONE DELLA MORFOLOGIA FISICA (MICROSCOPIE AFM e SEM)<\/strong><\/p>\n<p>Caratterizzazione morfologica dettagliata delle superfici come predittore veloce per l\u2019insorgere di processi deteriorativi (ed es. dell\u2019affioramento di zuccheri o di materia grassa nel cioccolato).<\/p>\n<p>&nbsp;<\/p>\n<p><strong>DETERMINAZIONE DEGLI ALLERGENI E DEGLI &#8220;ALLERGENI NASCOSTI&#8221; IN ALIMENTI<\/strong><\/p>\n<p>Determinazione di allergeni (frutta con guscio, lupino, etc.) in tracce<\/p>\n<p>&nbsp;<\/p>\n<p><strong>IMMUNOSENSORI BASATI SU NANO-BIOCOMPOSITI PER LA DETERMINAZIONE DI ERBICIDI IN TRACCE<\/strong><\/p>\n<p>&nbsp;<\/p>\n<p><strong>METODI RAPIDI DI IDENTIFICAZIONE DI CONTAMINANTI MEDIANTE SISTEMI MULTIPLEX<\/strong><\/p>\n<p>&nbsp;<\/p>\n<p><strong>OTTIMIZZAZIONE STRUTTURALE DELLE MACCHINE ALIMENTARI<\/strong><\/p>\n<p>&#8211; Velocizzazione assemblaggio mediante applicazione nell\u02b9incollaggio strutturale in sostituzione di metodi tradizionali di unione<\/p>\n<p>&#8211; Verifica e ottimizzazione di forma e topologica mediante simulazione agli elementi finiti<\/p>\n<p>&#8211; Alleggerimento delle parti mobili<\/p>\n<p>&nbsp;<\/p>\n<p><strong>SIMULAZIONE TERMOFLUIDODINAMICA DI MACCHINE E PROCESSI ALIMENTARI<\/strong><\/p>\n<p>Verifica ed ottimizzazione delle prestazioni, riduzione dei consumi energetici di impianti industriali e macchine come ad esempio pompe, valvole, impianti di sterilizzazione e raffreddamento, sistemi di miscelazione e iniezione.<\/p>\n<p>&nbsp;<\/p>\n<p><strong>OTTIMIZZAZIONE DELLO SCAMBIO TERMICO IN APPARATI DI PROCESSO<\/strong><\/p>\n<p>Riduzione dei consumi energetici, dimensioni e costi di apparati di scambio termico.<\/p>\n<p>&nbsp;<\/p>\n<p><strong>SIMULAZIONE LOGISTICA DELLE LINEE DI PRODUZIONE ALIMENTARE<\/strong><\/p>\n<p>Risoluzione e analisi statistica di linee produttive (flussi di materiali, tempi di ciclo, smistamento dei prodotti, operazioni di picking, \u2026) tenendo conto della stocasticit\u00e0 degli eventi<\/p>\n<p>&nbsp;<\/p>\n<p><strong>DIAGNOSTICA NON INVASIVA MEDIANTE ANALISI ACUSTICA<\/strong><\/p>\n<p>&#8211; Analisi delle sorgenti di rumorosit\u00e0<\/p>\n<p>&#8211; Manutenzione predittiva mediante monitoraggio acustico.<\/p>\n<p>&nbsp;<\/p>\n<p><strong>CONFORMIT\u00c0 IGIENICA DEI MATERIALI E DELLE APPARECCHIATURE<\/strong><\/p>\n<p>&#8211; Valutazione di conformit\u00e0 igienica delle apparecchiature e dei materiali.<\/p>\n<p>&#8211; Assistenza alla progettazione igienica di apparecchiature alimentari, con particolare riferimento alle linee guida EHEDG.<\/p>\n<p>&#8211; Validazione sperimentale e documentale di apparecchiature asettiche<\/p>\n<p>&#8211; Efficacia di processi innovativi per la sanificazione\/decontaminazione delle apparecchiature a contatto e dei materiali di confezionamento.<\/p>\n<p>&#8211; Pulibilit\u00e0 di materiali a contatto innovativi o ottenuti con processi e\/o metodi di finitura superficiale innovativi.<\/p>\n<p>&#8211; Metodi innovativi di validazione della pulibilit\u00e0, sanificabilit\u00e0 e asetticit\u00e0 delle apparecchiature.<\/p>\n<p>&nbsp;<\/p>\n<p><strong>CARATTERIZZAZIONE DI PRODOTTI A BASE CEREALI<\/strong><\/p>\n<p>Ottimizzazione della formulazione e comprensione dell\u2019effetto del processo produttivo sul prodotto tramite:<\/p>\n<p>&#8211; analisi macroscopiche (analisi macroscopiche (texture texture, attivit\u00e0 acqua attivit\u00e0 acqua, contenuto acqua contenuto acqua, analisi sensoriale) analisi sensoriale)<\/p>\n<p>&#8211; analisi macromolecolari (acqua congelabile, retrogradazione amido, transizioni di fase)<\/p>\n<p>&#8211; analisi molecolari (mobilit\u00e0 molecolare dell\u2019acqua, rilassometria a bassa risoluzione)<\/p>\n<p>&nbsp;<\/p>\n<p>&nbsp;<\/p>\n","protected":false},"excerpt":{"rendered":"<p>Offriamo consulenza e analisi nei tre ambiti delle attivit\u00e0 del Centro: Sicurezza e Qualit\u00e0: metodi per valutare qualit\u00e0, sicurezza e [&hellip;]<\/p>\n","protected":false},"author":23,"featured_media":0,"parent":0,"menu_order":0,"comment_status":"closed","ping_status":"closed","template":"","meta":[],"acf":[],"_links":{"self":[{"href":"https:\/\/www.centritecnopolo.unipr.it\/siteiaparma\/wp-json\/wp\/v2\/pages\/12"}],"collection":[{"href":"https:\/\/www.centritecnopolo.unipr.it\/siteiaparma\/wp-json\/wp\/v2\/pages"}],"about":[{"href":"https:\/\/www.centritecnopolo.unipr.it\/siteiaparma\/wp-json\/wp\/v2\/types\/page"}],"author":[{"embeddable":true,"href":"https:\/\/www.centritecnopolo.unipr.it\/siteiaparma\/wp-json\/wp\/v2\/users\/23"}],"replies":[{"embeddable":true,"href":"https:\/\/www.centritecnopolo.unipr.it\/siteiaparma\/wp-json\/wp\/v2\/comments?post=12"}],"version-history":[{"count":9,"href":"https:\/\/www.centritecnopolo.unipr.it\/siteiaparma\/wp-json\/wp\/v2\/pages\/12\/revisions"}],"predecessor-version":[{"id":1168,"href":"https:\/\/www.centritecnopolo.unipr.it\/siteiaparma\/wp-json\/wp\/v2\/pages\/12\/revisions\/1168"}],"wp:attachment":[{"href":"https:\/\/www.centritecnopolo.unipr.it\/siteiaparma\/wp-json\/wp\/v2\/media?parent=12"}],"curies":[{"name":"wp","href":"https:\/\/api.w.org\/{rel}","templated":true}]}}