{"id":12,"date":"2016-10-04T11:29:12","date_gmt":"2016-10-04T09:29:12","guid":{"rendered":"https:\/\/www.centritecnopolo.unipr.it\/biopharmanet-tec\/?page_id=12"},"modified":"2023-03-31T16:07:56","modified_gmt":"2023-03-31T14:07:56","slug":"servizi","status":"publish","type":"page","link":"https:\/\/www.centritecnopolo.unipr.it\/comt\/servizi\/","title":{"rendered":"Servizi"},"content":{"rendered":"<ul>\n<li style=\"list-style-type: none;\">\n<ul>\n<li class=\"li1\"><span class=\"s2\">Produzione, caratterizzazione e marcatura di anticorpi monoclonali e policlonali.<\/span><\/li>\n<\/ul>\n<\/li>\n<\/ul>\n<ul>\n<li class=\"li1\"><span class=\"s2\">Analisi immunochimiche, istologiche, di proteomica e di microbiologia\/virologia applicata.<\/span><\/li>\n<li class=\"li1\"><span class=\"s2\">Genomica, epigenetica, post-genomica funzionale e tossicologia<\/span><\/li>\n<li class=\"li1\"><span class=\"s2\">Analisi e saggi cellulari in vitro e in vivo e amplificazione, deposito e fornitura di linee cellulari<\/span><\/li>\n<li>Produzione di proteine ricombinanti in sistemi eucariotici e procariotici<\/li>\n<li class=\"li1\"><span class=\"s2\">Consulenza tecnico-scientifica e progettazione<\/span><\/li>\n<\/ul>\n<p><!--more--><\/p>\n<p>Una descrizione pi\u00f9 dettagliata delle attivit\u00e0 di ricerca e di servizio \u00e8 riportata nella pagina <a href=\"https:\/\/www.centritecnopolo.unipr.it\/comt\/il-centro\/unita-operative\/\">Unit\u00e0 Operative<\/a>.<\/p>\n<p>In allegato il tariffario dei servizi e dell&#8217;utilizzo delle strumentazioni.<\/p>\n","protected":false},"excerpt":{"rendered":"<p>Produzione, caratterizzazione e marcatura di anticorpi monoclonali e policlonali. Analisi immunochimiche, istologiche, di proteomica e di microbiologia\/virologia applicata. Genomica, epigenetica, [&hellip;]<\/p>\n","protected":false},"author":23,"featured_media":0,"parent":0,"menu_order":0,"comment_status":"closed","ping_status":"closed","template":"","meta":[],"acf":[],"_links":{"self":[{"href":"https:\/\/www.centritecnopolo.unipr.it\/comt\/wp-json\/wp\/v2\/pages\/12"}],"collection":[{"href":"https:\/\/www.centritecnopolo.unipr.it\/comt\/wp-json\/wp\/v2\/pages"}],"about":[{"href":"https:\/\/www.centritecnopolo.unipr.it\/comt\/wp-json\/wp\/v2\/types\/page"}],"author":[{"embeddable":true,"href":"https:\/\/www.centritecnopolo.unipr.it\/comt\/wp-json\/wp\/v2\/users\/23"}],"replies":[{"embeddable":true,"href":"https:\/\/www.centritecnopolo.unipr.it\/comt\/wp-json\/wp\/v2\/comments?post=12"}],"version-history":[{"count":8,"href":"https:\/\/www.centritecnopolo.unipr.it\/comt\/wp-json\/wp\/v2\/pages\/12\/revisions"}],"predecessor-version":[{"id":294,"href":"https:\/\/www.centritecnopolo.unipr.it\/comt\/wp-json\/wp\/v2\/pages\/12\/revisions\/294"}],"wp:attachment":[{"href":"https:\/\/www.centritecnopolo.unipr.it\/comt\/wp-json\/wp\/v2\/media?parent=12"}],"curies":[{"name":"wp","href":"https:\/\/api.w.org\/{rel}","templated":true}]}}