{"id":510,"date":"2024-10-15T07:39:20","date_gmt":"2024-10-15T05:39:20","guid":{"rendered":"https:\/\/www.centritecnopolo.unipr.it\/cipack\/?page_id=510"},"modified":"2025-11-03T12:21:26","modified_gmt":"2025-11-03T11:21:26","slug":"co-pack-so-coating-per-packaging-alimentari-sostenibili-e-circolari","status":"publish","type":"page","link":"https:\/\/www.centritecnopolo.unipr.it\/cipack\/co-pack-so-coating-per-packaging-alimentari-sostenibili-e-circolari\/","title":{"rendered":"<strong>Co.Pack.So &#8211; Coating per packaging alimentari sostenibili e circolari<\/strong>"},"content":{"rendered":"\n<p><\/p>\n\n\n<div class=\"wp-block-image\">\n<figure class=\"aligncenter size-large is-resized\"><img decoding=\"async\" loading=\"lazy\" src=\"https:\/\/www.centritecnopolo.unipr.it\/cipack\/wp-content\/uploads\/sites\/6\/2025\/11\/COPACKSO-logo-uff-1024x644.png\" alt=\"\" class=\"wp-image-583\" width=\"377\" height=\"237\" srcset=\"https:\/\/www.centritecnopolo.unipr.it\/cipack\/wp-content\/uploads\/sites\/6\/2025\/11\/COPACKSO-logo-uff-1024x644.png 1024w, https:\/\/www.centritecnopolo.unipr.it\/cipack\/wp-content\/uploads\/sites\/6\/2025\/11\/COPACKSO-logo-uff-300x189.png 300w, https:\/\/www.centritecnopolo.unipr.it\/cipack\/wp-content\/uploads\/sites\/6\/2025\/11\/COPACKSO-logo-uff-768x483.png 768w, https:\/\/www.centritecnopolo.unipr.it\/cipack\/wp-content\/uploads\/sites\/6\/2025\/11\/COPACKSO-logo-uff-1536x966.png 1536w, https:\/\/www.centritecnopolo.unipr.it\/cipack\/wp-content\/uploads\/sites\/6\/2025\/11\/COPACKSO-logo-uff-2048x1288.png 2048w\" sizes=\"(max-width: 377px) 100vw, 377px\" \/><\/figure><\/div>\n\n\n<p>Sito WEB<\/p>\n\n\n\n<p><a href=\"https:\/\/copackso.it\/\">Co Pack So<\/a><\/p>\n\n\n\n<p><strong>Abstract<\/strong><\/p>\n\n\n\n<p>L\u2019incremento della sostenibilit\u00e0 dei prodotti alimentari confezionati pu\u00f2 essere perseguito anche tramite lo sviluppo e l\u2019ottimizzazione di tecnologie di rivestimento superficiale (coating). Partendo da sperimentazioni avviate dai partner (TRL4), il progetto si propone di innovare materiali sia per packaging rigidi che flessibili ad uso alimentare, migliorando le prestazioni barriera e aggiungendo funzionalit\u00e0 antimicrobiche a materiali convenzionali mediante coating innovativi, e di valutare la sostituzione di alcune tecniche per il rivestimento di imballaggi metallici con altre a ridotto impatto ambientale. L\u2019idoneit\u00e0 tecnologica e al contatto con gli alimenti delle soluzioni sviluppate sar\u00e0 valutata tramite analisi chimico-fisiche e di migrazione sui materiali (secondo metodiche ufficiali e normativa vigente) e tramite test di shelf life su selezionati alimenti. Delle soluzioni testate sara? valutata e ottimizzata l\u2019intera supply chain (compreso il fine vita) per verificarne la sostenibilita? economica, sociale e ambientale, identificando opzioni di ulteriore miglioramento nella successiva fase di piena industrializzazione. Il coinvolgimento di aziende interessate al progetto potr\u00e0 contribuire alla implementazione delle soluzioni investigate in ambito industriale. (TRL6)<\/p>\n\n\n\n<p><strong>Obiettivi e risultati attesi<\/strong><\/p>\n\n\n\n<p>Un packaging ottimizzato nelle tecnologie di rivestimento superficiali (coating) e nelle prestazioni ambientali \u00e8 la migliore e pi\u00f9 praticabile soluzione per incrementare la sostenibilit\u00e0 dei prodotti alimentari confezionati. Partendo da sperimentazioni avviate in diversi centri della regione, il progetto si propone di innovare i materiali e le tecnologie di confezionamento e conservazione sia per packaging rigidi che flessibili ad uso alimentare. In particolare, si intende migliorare le prestazioni barriera e aggiungere funzionalit\u00e0 antimicrobiche a materiali convenzionali mediante coating innovativi sviluppati all\u2019interno del consorzio, e valutare la possibilit\u00e0 di sostituire alcune tecniche per il rivestimento di imballaggi metallici con altre a ridotto impatto ambientale e sulla salute umana. Prove di shelf life, prove meccaniche sui materiali sviluppati nel progetto e prove di migrazione condotte con simulanti secondo le normative vigenti, saranno approntate per valutarne l\u2019idoneit\u00e0 tecnologica e al contatto con gli alimenti. Per tutte le soluzioni tecnologiche testate sar\u00e0 valutata e ottimizzata l\u2019intera supply chain e la gestione del fine vita al fine di verificare la loro sostenibilit\u00e0 economica, sociale e ambientale, comparandola con le soluzioni attualmente in uso.<\/p>\n\n\n\n<p><strong>Dettagli del progetto<\/strong><\/p>\n\n\n\n<p><strong>Responsabile scientifico:<\/strong>&nbsp;Prof. Giuseppe Vignali<\/p>\n\n\n\n<p><strong>Strutture Unipr coinvolte:<\/strong><br>Centro Interdipartimentale per il packaging<\/p>\n\n\n\n<p><strong>Coordinatore:<\/strong><br>Centro Interdipartimentale per il Packaging \u2013 CIPACK&nbsp;<\/p>\n\n\n\n<p><strong>Partner:<\/strong><\/p>\n\n\n\n<ul>\n<li>Ecoinnovazione S.R.L. (Italy)<\/li>\n\n\n\n<li>Stazione Sperimentale Per L&#8217;Industria Delle Conserve Alimentari In Parma (Italy)<\/li>\n\n\n\n<li>ALMA MATER STUDIORUM &#8211; Universit\u00e0 di Bologna (Italy)<\/li>\n\n\n\n<li>UNIMORE &#8211; BIOGEST-SITEIA &#8211; Centro Interdipartimentale per il Miglioramento e la Valorizzazione delle Risorse Biologiche Agro-alimentari (Italy)<strong>&nbsp;<\/strong><\/li>\n<\/ul>\n\n\n\n<p><strong>Costo totale di progetto:<\/strong>&nbsp;713.537,96 euro<br><strong>Contributo totale di progetto:<\/strong>&nbsp;499.547,00 euro<br><strong>Costo totale Unipr:<\/strong>&nbsp;211.185,00 euro<br><strong>Contributo totale Unipr:<\/strong>&nbsp;152.329,50 euro<br><strong>Durata del progetto in mesi:<\/strong>&nbsp;28<br><strong>Data di inizio:<\/strong>&nbsp;06\/02\/2024<br><strong>Data di fine:<\/strong>&nbsp;05\/06\/2026<\/p>\n\n\n\n<p><strong>Il progetto \u00e8 realizzato grazie ai Fondi europei della Regione Emilia-Romagna<\/strong><\/p>\n\n\n\n<figure class=\"wp-block-image size-large\"><img decoding=\"async\" loading=\"lazy\" width=\"1024\" height=\"197\" src=\"https:\/\/www.centritecnopolo.unipr.it\/cipack\/wp-content\/uploads\/sites\/6\/2024\/07\/Loghi_CoesioneITA_UE_REP_ER_21-27_tracciati-OK-2-1024x197.jpg\" alt=\"\" class=\"wp-image-489\" srcset=\"https:\/\/www.centritecnopolo.unipr.it\/cipack\/wp-content\/uploads\/sites\/6\/2024\/07\/Loghi_CoesioneITA_UE_REP_ER_21-27_tracciati-OK-2-1024x197.jpg 1024w, https:\/\/www.centritecnopolo.unipr.it\/cipack\/wp-content\/uploads\/sites\/6\/2024\/07\/Loghi_CoesioneITA_UE_REP_ER_21-27_tracciati-OK-2-300x58.jpg 300w, https:\/\/www.centritecnopolo.unipr.it\/cipack\/wp-content\/uploads\/sites\/6\/2024\/07\/Loghi_CoesioneITA_UE_REP_ER_21-27_tracciati-OK-2-768x148.jpg 768w, https:\/\/www.centritecnopolo.unipr.it\/cipack\/wp-content\/uploads\/sites\/6\/2024\/07\/Loghi_CoesioneITA_UE_REP_ER_21-27_tracciati-OK-2-1536x296.jpg 1536w, https:\/\/www.centritecnopolo.unipr.it\/cipack\/wp-content\/uploads\/sites\/6\/2024\/07\/Loghi_CoesioneITA_UE_REP_ER_21-27_tracciati-OK-2-2048x395.jpg 2048w\" sizes=\"(max-width: 1024px) 100vw, 1024px\" \/><\/figure>\n","protected":false},"excerpt":{"rendered":"<p>Sito WEB Co Pack So Abstract L\u2019incremento della sostenibilit\u00e0 dei prodotti alimentari confezionati pu\u00f2 essere perseguito anche tramite lo sviluppo [&hellip;]<\/p>\n","protected":false},"author":34,"featured_media":0,"parent":0,"menu_order":0,"comment_status":"closed","ping_status":"closed","template":"","meta":[],"acf":[],"_links":{"self":[{"href":"https:\/\/www.centritecnopolo.unipr.it\/cipack\/wp-json\/wp\/v2\/pages\/510"}],"collection":[{"href":"https:\/\/www.centritecnopolo.unipr.it\/cipack\/wp-json\/wp\/v2\/pages"}],"about":[{"href":"https:\/\/www.centritecnopolo.unipr.it\/cipack\/wp-json\/wp\/v2\/types\/page"}],"author":[{"embeddable":true,"href":"https:\/\/www.centritecnopolo.unipr.it\/cipack\/wp-json\/wp\/v2\/users\/34"}],"replies":[{"embeddable":true,"href":"https:\/\/www.centritecnopolo.unipr.it\/cipack\/wp-json\/wp\/v2\/comments?post=510"}],"version-history":[{"count":5,"href":"https:\/\/www.centritecnopolo.unipr.it\/cipack\/wp-json\/wp\/v2\/pages\/510\/revisions"}],"predecessor-version":[{"id":585,"href":"https:\/\/www.centritecnopolo.unipr.it\/cipack\/wp-json\/wp\/v2\/pages\/510\/revisions\/585"}],"wp:attachment":[{"href":"https:\/\/www.centritecnopolo.unipr.it\/cipack\/wp-json\/wp\/v2\/media?parent=510"}],"curies":[{"name":"wp","href":"https:\/\/api.w.org\/{rel}","templated":true}]}}