{"id":132,"date":"2017-01-11T15:37:51","date_gmt":"2017-01-11T14:37:51","guid":{"rendered":"https:\/\/www.centritecnopolo.unipr.it\/cipack\/?page_id=132"},"modified":"2023-11-08T15:02:39","modified_gmt":"2023-11-08T14:02:39","slug":"unita-operative","status":"publish","type":"page","link":"https:\/\/www.centritecnopolo.unipr.it\/cipack\/il-centro\/unita-operative\/","title":{"rendered":"Unit\u00e0 operative"},"content":{"rendered":"\n<p>Il centro \u00e8 articolato in sei <strong>Unit\u00e0 Operative<\/strong>:<\/p>\n\n\n\n<ol>\n<li>Laboratorio di Chimica Analitica<\/li>\n\n\n\n<li>Laboratorio dei Materiali (SG Cipack)<\/li>\n\n\n\n<li>Laboratorio di Chimica Industriale (Sistema Olfattivo Artificiale)<\/li>\n\n\n\n<li>Laboratorio di Ingegneria Industriale<\/li>\n\n\n\n<li>Laboratorio di Microbiologia<\/li>\n\n\n\n<li>Laboratorio di Design del packaging<\/li>\n<\/ol>\n\n\n\n<p>Ogni unit\u00e0 operativa \u00e8 composta da ricercatori e tecnici tra il personale strutturato, e assegnisti e borsisti tra il personale non strutturato, ed \u00e8 coordinata da un Responsabile.<\/p>\n\n\n\n<figure class=\"wp-block-table\"><table><tbody><tr><td><strong>UNIT\u00c0 OPERATIVA<\/strong><\/td><td><strong>SEDE<\/strong><\/td><td><strong>RESPONSABILE<\/strong><\/td><td><strong>ATTIVIT\u00c0 E COMPETENZE<\/strong><\/td><\/tr><tr><td>Laboratorio di Chimica Analitica<\/td><td><em>Dipartimento di Scienze Chimiche, della Vita e della Sostenibilit\u00e0 Ambientale<\/em>\n<p>&nbsp;<\/p>\n<p>Sito 013, Edificio 1, Piano S, Laboratori 13,14,26,27;<\/p>\n<p>Sito 013, Edificio 1, Piano 0, Laboratori 11, 13<\/p>\n<p>Parco Area delle Scienze 17\/A<\/p>\n<p>43124 Parma<\/p>\n<\/td><td><u>Composti non volatili<\/u>\n<p>&nbsp;<\/p>\n<p>Claudio Corradini claudio.corradini@unipr.it<\/p>\n<p>Antonella Cavazza antonella.cavazza@unipr.it<\/p>\n<p>&nbsp;<\/p>\n<p><u>Metalli<\/u><\/p>\n<p>Claudio Mucchino<\/p>\n<p>claudio.mucchino@unipr.it<\/p>\n<p>&nbsp;<\/p>\n<p><u>Composti volatili<\/u><\/p>\n<p>Federica Bianchi federica.bianchi@unipr.it<\/p>\n<\/td><td>Analisi, anche a livelli di tracce, di sostanze organiche volatili, non volatili e metalli<\/td><\/tr><tr><td>Laboratorio dei Materiali\n<p>&nbsp;<\/p>\n<p>(SG Cipack)<\/p>\n<\/td><td><em>Dipartimento di Scienze Chimiche, della Vita e della Sostenibilit\u00e0 Ambientale<\/em>\n<p>&nbsp;<\/p>\n<p>Sito 013, Edificio 1, Piano 0, Locali 052 e 054,<\/p>\n<p>Parco Area della Scienze 17\/A<\/p>\n<p>43124 Parma<\/p>\n<\/td><td>giovanni.predieri@unipr.it\n<p>&nbsp;<\/p>\n<p>+39 0521 90543<\/p>\n<p>&nbsp;<\/p>\n<\/td><td>&#8211; Studio, formulazione e caratterizzazione di trattamenti superficiali destinati a diversi tipi di materiali (es. vetro, ceramica, materie plastiche, legno, tessuti, metalli)\n<p>&nbsp;<\/p>\n<p>&#8211; Analisi e sviluppo di film in PE, PP, PET e PLA<\/p>\n<\/td><\/tr><tr><td>Laboratorio di Chimica Industriale (Sistema Olfattivo Artificiale)<\/td><td><em>Dipartimento di Scienze Chimiche, della Vita e della Sostenibilit\u00e0 Ambientale<\/em>\n<p>&nbsp;<\/p>\n<p>Sito 013, Edificio 1, Piano S, Laboratorio 107<\/p>\n<p>Parco Area della Scienze 17\/A<\/p>\n<p>43124 Parma<\/p>\n<\/td><td>Enrico Dalcanale\n<p>&nbsp;<\/p>\n<p>enrico.dalcanale@unipr.it<\/p>\n<p>+39 0521 905463<\/p>\n<\/td><td>&#8211; Controllo qualit\u00e0 imballi, in particolar modo carta\/cartoncino, e valutazione difetti\n<p>&nbsp;<\/p>\n<p>&#8211; Valutazione e controllo materie prime<\/p>\n<p>&#8211; Controllo qualit\u00e0 parmigiano Reggiano<\/p>\n<\/td><\/tr><tr><td>Laboratorio di Ingegneria Industriale<\/td><td><em>Dipartimento di Ingegneria e Architettura<\/em>\n<p>&nbsp;<\/p>\n<p>Sito 017, Piano terra, Palazzina 7,<\/p>\n<p>Parco Area della Scienze 181\/A<\/p>\n<p>43124 Parma<\/p>\n<\/td><td>Giuseppe Vignali\n<p>&nbsp;<\/p>\n<p>giuseppe.vignali@unipr.it<\/p>\n<p>+39 0521 906061<\/p>\n<\/td><td>&#8211; Prove di valutazione dell\u2019impatto ambientale di processi e prodotti (LCA)\n<p>&nbsp;<\/p>\n<p>&#8211; Prove di ottimizzazione multi-obiettivo e multidisciplinare per problemi a variabili continue, discrete o miste<\/p>\n<p>&#8211; Prove di simulazioni termo fluidodinamiche<\/p>\n<\/td><\/tr><tr><td>Laboratorio di Microbiologia<\/td><td><em>Dipartimento di Scienze degli Alimenti e del Farmaco<\/em><\/td><td>Ianieri Adriana\n<p>&nbsp;<\/p>\n<p>ianieri.adriana@unipr.it<\/p>\n<p>+39 0521 032750<\/p>\n<p>&nbsp;<\/p>\n<\/td><td>Analisi e microbiologiche in atmosfera aerobia ed anaerobia<\/td><\/tr><tr><td>Laboratorio di Design del packaging<\/td><td>Dipartimento di Ingegneria e Architettura<br><br>Piano terra, Palazzina 10,<br>Parco Area della Scienze 181\/A, 43124 Parma<br><\/td><td>Paolo Tamborrini<br><br><br>paolo.tamborrini@unipr.it\u00a0<br><br>+39 0521\u00a0906340<\/td><td>&#8211; Analisi dei packaging<br>&#8211; Studi etnografici e di scenario<br><br>&#8211; Studio degli utenti<br>&#8211; Analisi dei trend attuali e sviluppo delle direzioni strategiche <br>&#8211; Sviluppo e analisi di scenari futuri<br>&#8211; Design strategico: linee guida progettuali e strategie di comunicazione<br><br>&#8211; Design dell\u2019imballaggio<br>&#8211; Workshop e corsi<br><\/td><\/tr><\/tbody><\/table><\/figure>\n","protected":false},"excerpt":{"rendered":"<p>Il centro \u00e8 articolato in sei Unit\u00e0 Operative: Ogni unit\u00e0 operativa \u00e8 composta da ricercatori e tecnici tra il personale [&hellip;]<\/p>\n","protected":false},"author":23,"featured_media":0,"parent":125,"menu_order":0,"comment_status":"closed","ping_status":"closed","template":"","meta":[],"acf":[],"_links":{"self":[{"href":"https:\/\/www.centritecnopolo.unipr.it\/cipack\/wp-json\/wp\/v2\/pages\/132"}],"collection":[{"href":"https:\/\/www.centritecnopolo.unipr.it\/cipack\/wp-json\/wp\/v2\/pages"}],"about":[{"href":"https:\/\/www.centritecnopolo.unipr.it\/cipack\/wp-json\/wp\/v2\/types\/page"}],"author":[{"embeddable":true,"href":"https:\/\/www.centritecnopolo.unipr.it\/cipack\/wp-json\/wp\/v2\/users\/23"}],"replies":[{"embeddable":true,"href":"https:\/\/www.centritecnopolo.unipr.it\/cipack\/wp-json\/wp\/v2\/comments?post=132"}],"version-history":[{"count":14,"href":"https:\/\/www.centritecnopolo.unipr.it\/cipack\/wp-json\/wp\/v2\/pages\/132\/revisions"}],"predecessor-version":[{"id":468,"href":"https:\/\/www.centritecnopolo.unipr.it\/cipack\/wp-json\/wp\/v2\/pages\/132\/revisions\/468"}],"up":[{"embeddable":true,"href":"https:\/\/www.centritecnopolo.unipr.it\/cipack\/wp-json\/wp\/v2\/pages\/125"}],"wp:attachment":[{"href":"https:\/\/www.centritecnopolo.unipr.it\/cipack\/wp-json\/wp\/v2\/media?parent=132"}],"curies":[{"name":"wp","href":"https:\/\/api.w.org\/{rel}","templated":true}]}}