{"id":194,"date":"2016-12-21T16:14:26","date_gmt":"2016-12-21T15:14:26","guid":{"rendered":"https:\/\/www.centritecnopolo.unipr.it\/cim\/?page_id=194"},"modified":"2023-03-31T16:06:30","modified_gmt":"2023-03-31T14:06:30","slug":"missione","status":"publish","type":"page","link":"https:\/\/www.centritecnopolo.unipr.it\/cim\/il-centro\/missione\/","title":{"rendered":"Missione"},"content":{"rendered":"<p>Il <strong>Centro Interdipartimentale Misure<\/strong> &#8220;Giuseppe Casnati&#8221; (C.I.M.) nasce nel 1975 col fine di mettere a disposizione di Istituti e Dipartimenti dell&#8217;Universit\u00e0 degli Studi di Parma strumentazioni di misura all&#8217;avanguardia, nonch\u00e9 di promuovere la conoscenza e l&#8217;impiego di nuove metodiche di misura.<\/p>\n<p>Le principali attivit\u00e0 del Centro riguardano<\/p>\n<ul>\n<li>lo sviluppo e la gestione di servizi e strumentazioni scientifiche complesse,<\/li>\n<li>l&#8217;organizzazione di corsi teorici e pratici a livello pre- e post-laurea,<\/li>\n<li>lo sviluppo di forme di cooperazione e coordinamento dell&#8217;attivit\u00e0 di ricerca fra Universit\u00e0 e enti pubblici e privati.<\/li>\n<\/ul>\n<table class=\"table\" width=\"100%\">\n<tbody>\n<tr>\n<td width=\"57%\">Decreto rettorale di costituzione del centro<\/td>\n<td width=\"42%\">D.R. N. 407 del 4 giugno 2013<\/td>\n<\/tr>\n<tr>\n<td width=\"57%\">Numero di accreditamento<\/td>\n<td width=\"42%\">88\/L<\/td>\n<\/tr>\n<tr>\n<td width=\"57%\">Data di concessione del primo accreditamento<\/td>\n<td width=\"42%\">17\/09\/2012 &#8211; 16\/09\/2015<\/td>\n<\/tr>\n<tr>\n<td width=\"57%\">Data di concessione e termine del rinnovo dell\u2019accreditamento<\/td>\n<td width=\"42%\">18\/11\/2015 &#8211; 17\/11\/2018<\/td>\n<\/tr>\n<\/tbody>\n<\/table>\n","protected":false},"excerpt":{"rendered":"<p>Il Centro Interdipartimentale Misure &#8220;Giuseppe Casnati&#8221; (C.I.M.) nasce nel 1975 col fine di mettere a disposizione di Istituti e Dipartimenti dell&#8217;Universit\u00e0 degli Studi di Parma strumentazioni di misura all&#8217;avanguardia, nonch\u00e9 di promuovere la conoscenza e l&#8217;impiego di nuove metodiche di misura. Le principali attivit\u00e0 del Centro riguardano lo sviluppo e la gestione di servizi e [&hellip;]<\/p>\n","protected":false},"author":23,"featured_media":0,"parent":91,"menu_order":0,"comment_status":"closed","ping_status":"closed","template":"","meta":[],"acf":[],"yoast_head":"<!-- This site is optimized with the Yoast SEO plugin v19.10 - https:\/\/yoast.com\/wordpress\/plugins\/seo\/ -->\n<title>Missione - Cim<\/title>\n<meta name=\"robots\" content=\"index, follow, max-snippet:-1, max-image-preview:large, max-video-preview:-1\" \/>\n<link rel=\"canonical\" href=\"https:\/\/www.centritecnopolo.unipr.it\/cim\/il-centro\/missione\/\" \/>\n<meta property=\"og:locale\" content=\"it_IT\" \/>\n<meta property=\"og:type\" content=\"article\" \/>\n<meta property=\"og:title\" content=\"Missione - Cim\" \/>\n<meta property=\"og:description\" content=\"Il Centro Interdipartimentale Misure &#8220;Giuseppe Casnati&#8221; (C.I.M.) nasce nel 1975 col fine di mettere a disposizione di Istituti e Dipartimenti dell&#8217;Universit\u00e0 degli Studi di Parma strumentazioni di misura all&#8217;avanguardia, nonch\u00e9 di promuovere la conoscenza e l&#8217;impiego di nuove metodiche di misura. Le principali attivit\u00e0 del Centro riguardano lo sviluppo e la gestione di servizi e [&hellip;]\" \/>\n<meta property=\"og:url\" content=\"https:\/\/www.centritecnopolo.unipr.it\/cim\/il-centro\/missione\/\" \/>\n<meta property=\"og:site_name\" content=\"Cim\" \/>\n<meta property=\"article:modified_time\" content=\"2023-03-31T14:06:30+00:00\" \/>\n<meta name=\"twitter:card\" content=\"summary_large_image\" \/>\n<meta name=\"twitter:label1\" content=\"Tempo di lettura stimato\" \/>\n\t<meta name=\"twitter:data1\" content=\"1 minuto\" \/>\n<script type=\"application\/ld+json\" class=\"yoast-schema-graph\">{\"@context\":\"https:\/\/schema.org\",\"@graph\":[{\"@type\":\"WebPage\",\"@id\":\"https:\/\/www.centritecnopolo.unipr.it\/cim\/il-centro\/missione\/\",\"url\":\"https:\/\/www.centritecnopolo.unipr.it\/cim\/il-centro\/missione\/\",\"name\":\"Missione - Cim\",\"isPartOf\":{\"@id\":\"https:\/\/www.centritecnopolo.unipr.it\/cim\/#website\"},\"datePublished\":\"2016-12-21T15:14:26+00:00\",\"dateModified\":\"2023-03-31T14:06:30+00:00\",\"breadcrumb\":{\"@id\":\"https:\/\/www.centritecnopolo.unipr.it\/cim\/il-centro\/missione\/#breadcrumb\"},\"inLanguage\":\"it-IT\",\"potentialAction\":[{\"@type\":\"ReadAction\",\"target\":[\"https:\/\/www.centritecnopolo.unipr.it\/cim\/il-centro\/missione\/\"]}]},{\"@type\":\"BreadcrumbList\",\"@id\":\"https:\/\/www.centritecnopolo.unipr.it\/cim\/il-centro\/missione\/#breadcrumb\",\"itemListElement\":[{\"@type\":\"ListItem\",\"position\":1,\"name\":\"Home\",\"item\":\"https:\/\/www.centritecnopolo.unipr.it\/cim\/\"},{\"@type\":\"ListItem\",\"position\":2,\"name\":\"Il centro\",\"item\":\"https:\/\/www.centritecnopolo.unipr.it\/cim\/il-centro\/\"},{\"@type\":\"ListItem\",\"position\":3,\"name\":\"Missione\"}]},{\"@type\":\"WebSite\",\"@id\":\"https:\/\/www.centritecnopolo.unipr.it\/cim\/#website\",\"url\":\"https:\/\/www.centritecnopolo.unipr.it\/cim\/\",\"name\":\"Cim\",\"description\":\"Centro Interdipartimentale Misure\",\"potentialAction\":[{\"@type\":\"SearchAction\",\"target\":{\"@type\":\"EntryPoint\",\"urlTemplate\":\"https:\/\/www.centritecnopolo.unipr.it\/cim\/?s={search_term_string}\"},\"query-input\":\"required name=search_term_string\"}],\"inLanguage\":\"it-IT\"}]}<\/script>\n<!-- \/ Yoast SEO plugin. -->","yoast_head_json":{"title":"Missione - Cim","robots":{"index":"index","follow":"follow","max-snippet":"max-snippet:-1","max-image-preview":"max-image-preview:large","max-video-preview":"max-video-preview:-1"},"canonical":"https:\/\/www.centritecnopolo.unipr.it\/cim\/il-centro\/missione\/","og_locale":"it_IT","og_type":"article","og_title":"Missione - Cim","og_description":"Il Centro Interdipartimentale Misure &#8220;Giuseppe Casnati&#8221; (C.I.M.) nasce nel 1975 col fine di mettere a disposizione di Istituti e Dipartimenti dell&#8217;Universit\u00e0 degli Studi di Parma strumentazioni di misura all&#8217;avanguardia, nonch\u00e9 di promuovere la conoscenza e l&#8217;impiego di nuove metodiche di misura. Le principali attivit\u00e0 del Centro riguardano lo sviluppo e la gestione di servizi e [&hellip;]","og_url":"https:\/\/www.centritecnopolo.unipr.it\/cim\/il-centro\/missione\/","og_site_name":"Cim","article_modified_time":"2023-03-31T14:06:30+00:00","twitter_card":"summary_large_image","twitter_misc":{"Tempo di lettura stimato":"1 minuto"},"schema":{"@context":"https:\/\/schema.org","@graph":[{"@type":"WebPage","@id":"https:\/\/www.centritecnopolo.unipr.it\/cim\/il-centro\/missione\/","url":"https:\/\/www.centritecnopolo.unipr.it\/cim\/il-centro\/missione\/","name":"Missione - Cim","isPartOf":{"@id":"https:\/\/www.centritecnopolo.unipr.it\/cim\/#website"},"datePublished":"2016-12-21T15:14:26+00:00","dateModified":"2023-03-31T14:06:30+00:00","breadcrumb":{"@id":"https:\/\/www.centritecnopolo.unipr.it\/cim\/il-centro\/missione\/#breadcrumb"},"inLanguage":"it-IT","potentialAction":[{"@type":"ReadAction","target":["https:\/\/www.centritecnopolo.unipr.it\/cim\/il-centro\/missione\/"]}]},{"@type":"BreadcrumbList","@id":"https:\/\/www.centritecnopolo.unipr.it\/cim\/il-centro\/missione\/#breadcrumb","itemListElement":[{"@type":"ListItem","position":1,"name":"Home","item":"https:\/\/www.centritecnopolo.unipr.it\/cim\/"},{"@type":"ListItem","position":2,"name":"Il centro","item":"https:\/\/www.centritecnopolo.unipr.it\/cim\/il-centro\/"},{"@type":"ListItem","position":3,"name":"Missione"}]},{"@type":"WebSite","@id":"https:\/\/www.centritecnopolo.unipr.it\/cim\/#website","url":"https:\/\/www.centritecnopolo.unipr.it\/cim\/","name":"Cim","description":"Centro Interdipartimentale Misure","potentialAction":[{"@type":"SearchAction","target":{"@type":"EntryPoint","urlTemplate":"https:\/\/www.centritecnopolo.unipr.it\/cim\/?s={search_term_string}"},"query-input":"required name=search_term_string"}],"inLanguage":"it-IT"}]}},"_links":{"self":[{"href":"https:\/\/www.centritecnopolo.unipr.it\/cim\/wp-json\/wp\/v2\/pages\/194"}],"collection":[{"href":"https:\/\/www.centritecnopolo.unipr.it\/cim\/wp-json\/wp\/v2\/pages"}],"about":[{"href":"https:\/\/www.centritecnopolo.unipr.it\/cim\/wp-json\/wp\/v2\/types\/page"}],"author":[{"embeddable":true,"href":"https:\/\/www.centritecnopolo.unipr.it\/cim\/wp-json\/wp\/v2\/users\/23"}],"replies":[{"embeddable":true,"href":"https:\/\/www.centritecnopolo.unipr.it\/cim\/wp-json\/wp\/v2\/comments?post=194"}],"version-history":[{"count":2,"href":"https:\/\/www.centritecnopolo.unipr.it\/cim\/wp-json\/wp\/v2\/pages\/194\/revisions"}],"predecessor-version":[{"id":196,"href":"https:\/\/www.centritecnopolo.unipr.it\/cim\/wp-json\/wp\/v2\/pages\/194\/revisions\/196"}],"up":[{"embeddable":true,"href":"https:\/\/www.centritecnopolo.unipr.it\/cim\/wp-json\/wp\/v2\/pages\/91"}],"wp:attachment":[{"href":"https:\/\/www.centritecnopolo.unipr.it\/cim\/wp-json\/wp\/v2\/media?parent=194"}],"curies":[{"name":"wp","href":"https:\/\/api.w.org\/{rel}","templated":true}]}}