{"id":155,"date":"2016-12-23T11:04:49","date_gmt":"2016-12-23T10:04:49","guid":{"rendered":"https:\/\/www.centritecnopolo.unipr.it\/cidea\/?page_id=155"},"modified":"2023-03-31T16:05:23","modified_gmt":"2023-03-31T14:05:23","slug":"pubblicazioni","status":"publish","type":"page","link":"https:\/\/www.centritecnopolo.unipr.it\/cidea\/ricercaetrasferimentotecnologico\/pubblicazioni\/","title":{"rendered":"Pubblicazioni"},"content":{"rendered":"<p>In allegato \u00e8 riportata una lista delle pubblicazioni pi\u00f9 significative delle 4 unit\u00e0 operative dal 2013 ad oggi<\/p>\n","protected":false},"excerpt":{"rendered":"<p>In allegato \u00e8 riportata una lista delle pubblicazioni pi\u00f9 significative delle 4 unit\u00e0 operative dal 2013 ad oggi<\/p>\n","protected":false},"author":23,"featured_media":0,"parent":41,"menu_order":0,"comment_status":"closed","ping_status":"closed","template":"","meta":[],"acf":[],"_links":{"self":[{"href":"https:\/\/www.centritecnopolo.unipr.it\/cidea\/wp-json\/wp\/v2\/pages\/155"}],"collection":[{"href":"https:\/\/www.centritecnopolo.unipr.it\/cidea\/wp-json\/wp\/v2\/pages"}],"about":[{"href":"https:\/\/www.centritecnopolo.unipr.it\/cidea\/wp-json\/wp\/v2\/types\/page"}],"author":[{"embeddable":true,"href":"https:\/\/www.centritecnopolo.unipr.it\/cidea\/wp-json\/wp\/v2\/users\/23"}],"replies":[{"embeddable":true,"href":"https:\/\/www.centritecnopolo.unipr.it\/cidea\/wp-json\/wp\/v2\/comments?post=155"}],"version-history":[{"count":4,"href":"https:\/\/www.centritecnopolo.unipr.it\/cidea\/wp-json\/wp\/v2\/pages\/155\/revisions"}],"predecessor-version":[{"id":252,"href":"https:\/\/www.centritecnopolo.unipr.it\/cidea\/wp-json\/wp\/v2\/pages\/155\/revisions\/252"}],"up":[{"embeddable":true,"href":"https:\/\/www.centritecnopolo.unipr.it\/cidea\/wp-json\/wp\/v2\/pages\/41"}],"wp:attachment":[{"href":"https:\/\/www.centritecnopolo.unipr.it\/cidea\/wp-json\/wp\/v2\/media?parent=155"}],"curies":[{"name":"wp","href":"https:\/\/api.w.org\/{rel}","templated":true}]}}