{"id":12,"date":"2016-10-04T11:29:12","date_gmt":"2016-10-04T09:29:12","guid":{"rendered":"https:\/\/www.centritecnopolo.unipr.it\/biopharmanet-tec\/?page_id=12"},"modified":"2023-03-31T16:05:23","modified_gmt":"2023-03-31T14:05:23","slug":"servizi","status":"publish","type":"page","link":"https:\/\/www.centritecnopolo.unipr.it\/cidea\/servizi\/","title":{"rendered":"Servizi"},"content":{"rendered":"<p>Forniamo consulenza nella definizione e valutazione delle fonti energetiche primarie, nella progettazione dei processi di conversione e di gestione dell\u2019energia, nell\u2019utilizzo intelligente dell\u2019energia e dei flussi energetici in ottica \u201csmart energy systems\u201d e \u201csector integration\u201d, nella valutazione dei costi economici ed energetici legati allo sfruttamento delle fonti. Ci occupiamo inoltre di valutazione e riduzione degli impatti sull\u2019ambiente e di sviluppo di metodi di acquisizione e gestione di dati ambientali.<br \/>\n<!--more--><\/p>\n<p>Pi\u00f9 nello specifico, i servizi forniti dalle 5 Unit\u00e0 operative sono i seguenti:<\/p>\n<h2>U.O. ENERGIA<\/h2>\n<ol>\n<li>Fonti Energetiche Primarie: valutazione tecnica, economica, logistica delle fonti energetiche primarie rinnovabili e non.<\/li>\n<li>Processi di Conversione: studio e ottimizzazione dei processi di conversione energetica e dei processi di combustione. Soluzioni per il miglioramento dell\u2019efficienza e del risparmio energetico.<\/li>\n<li>Smart Energy Systems: sviluppo e prototipazione di sistemi per la gestione e il controllo intelligente di sistemi energetici integrati e reti di distribuzione;<\/li>\n<li>Sector Integration: analisi e ottimizzazione di soluzioni per l\u2019elettrificazione degli usi finali e per l\u2019integrazione tra i domini energetici (Power-to-X);<\/li>\n<li>Materiali Innovativi per la Produzione di Energia da Fonti Alternative e Rinnovabili: studio e caratterizzazione di materiali (organici ed inorganici) per applicazioni fotovoltaiche, magnetocaloriche e sensoristiche.<\/li>\n<li>Utilizzazione dell\u2019Energia: riduzione dei consumi energetici attraverso il miglioramento dell\u2019efficienza energetica nei diversi settori, dal civile ai trasporti.<\/li>\n<li>Sistemi di Accumulo: soluzioni per l\u2019accumulo di energia termica, meccanica ed elettrica.<\/li>\n<li>Sistemi Geotermici: sfruttamento dell\u2019energia geotermica a bassa entalpia mediante pompe di calore.<\/li>\n<li>Sistemi per Cogenerazione e Trigenerazione: simulazione sia energetica sia economica di sistemi cogenerativi e trigenerativi in relazione alle caratteristiche delle utenze.<\/li>\n<li>Audit Energetico: metodologie e metodi per l\u2019applicazione di tecniche di audit energetico per utenze sia industriali sia civili. Valutazione dei consumi energetici, acquisizione ed elaborazione di dati relativi ai consumi energetici.<\/li>\n<\/ol>\n<h2>U.O. AMBIENTE<\/h2>\n<ol>\n<li>Valutazione degli Impatti sull\u2019Ambiente e Sugli Esseri Viventi: procedure e metodologie per la Valutazione di Impatto Ambientale (VIA) e lo Studio di Impatto Ambientale (SIA), valutazione degli effetti degli agenti inquinanti sull\u2019atmosfera, sull\u2019idrosfera e sulla geosfera. studio della risposta degli organismi vegetali (piante, licheni, ecc.) agli agenti inquinanti.<\/li>\n<li>Valutazione dei costi ambientali legati al rilascio di agenti inquinanti nell\u2019ambiente.<\/li>\n<li>Metodologie, soluzioni, tecnologie di mitigazione per ridurre gli impatti.<\/li>\n<li>Valutazione economica delle scelte: Analisi dell\u2019impatto degli strumenti di mercato e di politica economica sulle risorse energetiche e sull\u2019ambiente.<\/li>\n<li>Studi della biodiversit\u00e0 vegetale: identificazione e raccolta di germoplasma autoctono a rischio di estinzione di specie economiche e studio delle sue caratteristiche di adattamento ad ambienti diversi. conservazione ex situ finalizzata alla moltiplicazione di specie vegetali a rischio d\u2019estinzione (ad es. mediante micropropagazione).<\/li>\n<\/ol>\n<h2>U.O. ECONOMIA<\/h2>\n<ol>\n<li>Filiere agroenergetiche: valutazione dei rapporti contrattuali tra operatori nello sviluppo di nuove filiere agroenergetiche. valutazione del comportamento dei produttori agricoli in relazione a possibili cambiamenti nel mercato delle produzioni agricole con attitudine energetica. analisi delle convenienze ad introdurre nuove produzioni con indirizzo energetico nei differenti settori agricoli.<\/li>\n<li>Filiere petrolifere: valutazione delle relazioni tra operatori nello sviluppo di attivit\u00e0 legate alla produzione e distribuzione di prodotti petroliferi.<\/li>\n<li>Politiche energetiche: valutazioni economiche e finanziarie degli effetti delle politiche di incentivazione delle energie ottenute da risorse rinnovabili. ricostruzione attraverso l\u2019uso di modelli quantitativi delle politiche pubbliche a favore delle energie rinnovabili. analisi di impatto attraverso lo sviluppo e l\u2019implementazione di modelli di programmazione matematica sia di tipo settoriale che di tipo aziendale.<\/li>\n<li>Green marketing: analisi e valutazione dei marchi e dei percorsi di certificazione ambientale associati all\u2019impiego sostenibile delle risorse agricole (agricoltura biologica e integrata, sistemi di agricoltura sostenibile) e ambientali (ISO14000).<\/li>\n<li>Sviluppo sostenibile: dell\u2019attivit\u00e0 produttiva: valutazione delle ricadute delle politiche energetiche e delle politiche di sviluppo sulle filiere dell\u2019industria legate alle fonti rinnovabili.<\/li>\n<li>Sviluppo sostenibile delle aree rurali: valutazione delle politiche di sviluppo rurale finalizzate a creare condizioni di sostenibilit\u00e0 economica, sociale e ambientale nelle aree rurali.<\/li>\n<\/ol>\n<h2>U.O. DIGITALIZZAZIONE<\/h2>\n<ol>\n<li>Acquisizione, elaborazione e gestione dei dati ambientali quali indicatori degli impatti: sviluppo di metodologie di acquisizione e gestione dei dati relativi alle diverse matrici ambientali (atmosfera, litosfera superficiale, acque superficiali e sotterranee, biosfera), archiviazione e costruzione di data base di dati ambientali di supporto alle attivit\u00e0 di ricerca citate ed a disposizione dei soggetti interessati.<\/li>\n<li>Caratterizzazione elettro-ottica di materiali semiconduttori e isolanti per applicazioni fotoniche, elettroniche, sensoristiche: spettroscopia e microspettrometria a trasformata di Fourier. analisi ottiche in assorbimento e riflessione (anche in riflettenza diffusa) nelle regioni spettrali IR-VIS-UV su materiali in fase solida, polveri, liquidi o gas, fotoluminescenza, elettroluminescenza e fotoconducibilit\u00e0, misure a 4 punte di resistivit\u00e0 elettrica e mobilit\u00e0 dei portatori di carica (10\u00f7700 K), misure di ammettenza (20\u00f71MHz).<\/li>\n<li>Caratterizzazione magneto-termica di materiali magnetici per applicazioni nella refrigerazione magnetica e sensoristiche: suscettometria AC e DC (0.01Hz\u00f710kHz), misura curve di magnetizzazione isoterme e iso-campo (2\u00f7400K e 0\u00f75T), misura in campo magnetico della capacit\u00e0 termica (240\u00f7400K), della variazione adiabatica di temperatura (78\u00f7360K) e della conducibilit\u00e0 termica (10\u00f7500K)<\/li>\n<\/ol>\n<h2>U.O. ACQUE<\/h2>\n<ol>\n<li>Ciclo idrico integrato (impianti di attingimento, trattamento, trasporto e distribuzione idrica, impianti di fognatura, impianti di trattamento delle acque reflue).<\/li>\n<li>Cambiamenti Climatici: acquisizione di scenari di CC messi a punto da Istituti di ricerca internazionali riconosciuti dall\u2019IPCC, downscaling a livello di proiezione locale, modellistica idrologica per la valutazione degli impatti su magre, piene e sulla risorsa idrica complessiva.<\/li>\n<li>Contributi volti all\u2019aggiornamento dei Piani di Gestione del Rischio di Alluvione (PGRA) alla luce della Direttiva 2007\/60\/CE e del D.lgs. n. 49 del 23.02.2010.<\/li>\n<li>Analisi dell\u2019applicabilit\u00e0 di sistemi di controllo delle piene urbane\/ fluviali a basso impatto ambientale (tetti verdi, trincee drenanti, vasche di laminazione, servit\u00f9 di allagamento).<\/li>\n<li>Contrasto alle crisi idriche per siccit\u00e0 prolungate: individuazione precoce di indici descrittivi della gravit\u00e0 della siccit\u00e0, sistemi di condivisione e preallerta, sistemi di mitigazione della carenza idrica.<\/li>\n<li>Problematiche connesse con l\u2019eccessivo sfruttamento delle falde acquifere: analisi del deterioramento quanti-qualitativo delle acque sotterranee, sviluppo di strategie di risanamento, anche mediante modellazione numerica e analisi di campo.<\/li>\n<li>Gestione delle risorse idriche: analisi delle disponibilit\u00e0, anche in considerazione dei cambiamenti climatici o di modifiche del tessuto economico\/agricolo\/industriale; sviluppo di soluzioni per il reperimento di ulteriori risorse idriche, in un\u2019ottica di sostenibilit\u00e0 ambientale.<\/li>\n<li>Problematiche inerenti la pandemia riguardanti le acque reflue di origine civile e meteorica: accertamenti circa la presenza del virus COVID-19 nelle acque reflue e impatto del rilascio di sostanze disinfettanti sui corpi idrici superficiali e sotterranei.<\/li>\n<li>Salvaguardia qualitativa delle risorse idriche in aree antropizzate: messa a punto di strategie e soluzioni per prevenire il deterioramento qualitativo delle risorse idriche; analisi di fenomeni di contaminazione in atto; individuazione delle sorgenti di contaminazione; messa a punto di soluzioni per la messa in sicurezza e la bonifica di siti contaminati; isolamento e caratterizzazione di invertebrati edafici e di specie microbiche utili per il biorisanamento di suoli e di acquiferi contaminati.<\/li>\n<li>Uso dell\u2019acqua in ambito agricolo; agricoltura di precisione.<br \/>\nSviluppo e applicazione di indicatori delle pressioni antropiche, in termini di carichi di nutrienti generati nei bacini idrografici.<br \/>\nValutazione e gestione dei carichi fluviali di azoto, fosforo e silice in relazione all\u2019uso del suolo e alle condizioni idrologiche (magra\/piena) e agli impatti sul mare Adriatico a supporto della pianificazione di settore.<\/li>\n<li>Valutazione dei servizi ecosistemici di regolazione dei cicli e dei flussi dei nutrienti eutrofizzanti.<\/li>\n<li>Sviluppo di ricerche e studi pilota per verificare l\u2019applicabilit\u00e0 di \u201cnature based solutions\u201d per il controllo dei carichi diffusi e puntiformi di nutrienti eutrofizzanti in relazione a pressioni locali e cambiamento climatico.<\/li>\n<li>Riqualificazione ecologica dei laghi di cava in relazione ai servizi ecosistemici che possono fornire.<br \/>\nInvertebrati acquatici come bioindicatori di qualit\u00e0 delle acque.<br \/>\nUtilizzo di sistemi combinati biochar\/hydrochar-macrofite per il recupero di siti contaminati.<\/li>\n<\/ol>\n","protected":false},"excerpt":{"rendered":"<p>Forniamo consulenza nella definizione e valutazione delle fonti energetiche primarie, nella progettazione dei processi di conversione e di gestione dell\u2019energia, [&hellip;]<\/p>\n","protected":false},"author":23,"featured_media":0,"parent":0,"menu_order":0,"comment_status":"closed","ping_status":"closed","template":"sidebar-right.php","meta":[],"acf":[],"_links":{"self":[{"href":"https:\/\/www.centritecnopolo.unipr.it\/cidea\/wp-json\/wp\/v2\/pages\/12"}],"collection":[{"href":"https:\/\/www.centritecnopolo.unipr.it\/cidea\/wp-json\/wp\/v2\/pages"}],"about":[{"href":"https:\/\/www.centritecnopolo.unipr.it\/cidea\/wp-json\/wp\/v2\/types\/page"}],"author":[{"embeddable":true,"href":"https:\/\/www.centritecnopolo.unipr.it\/cidea\/wp-json\/wp\/v2\/users\/23"}],"replies":[{"embeddable":true,"href":"https:\/\/www.centritecnopolo.unipr.it\/cidea\/wp-json\/wp\/v2\/comments?post=12"}],"version-history":[{"count":7,"href":"https:\/\/www.centritecnopolo.unipr.it\/cidea\/wp-json\/wp\/v2\/pages\/12\/revisions"}],"predecessor-version":[{"id":1066,"href":"https:\/\/www.centritecnopolo.unipr.it\/cidea\/wp-json\/wp\/v2\/pages\/12\/revisions\/1066"}],"wp:attachment":[{"href":"https:\/\/www.centritecnopolo.unipr.it\/cidea\/wp-json\/wp\/v2\/media?parent=12"}],"curies":[{"name":"wp","href":"https:\/\/api.w.org\/{rel}","templated":true}]}}