{"id":1194,"date":"2024-10-14T16:47:31","date_gmt":"2024-10-14T14:47:31","guid":{"rendered":"https:\/\/www.centritecnopolo.unipr.it\/cidea\/?page_id=1194"},"modified":"2025-02-13T10:48:18","modified_gmt":"2025-02-13T09:48:18","slug":"smart-h2o-sistema-modulare-di-abbattimento-assorbimento-inquinanti","status":"publish","type":"page","link":"https:\/\/www.centritecnopolo.unipr.it\/cidea\/smart-h2o-sistema-modulare-di-abbattimento-assorbimento-inquinanti\/","title":{"rendered":"<strong>Smart H2O Sistema modulare di abbattimento assorbimento inquinanti<\/strong>"},"content":{"rendered":"\n<div style=\"height:100px\" aria-hidden=\"true\" class=\"wp-block-spacer\"><\/div>\n\n\n\n<figure class=\"wp-block-image size-large\"><img decoding=\"async\" loading=\"lazy\" width=\"1024\" height=\"148\" src=\"https:\/\/www.centritecnopolo.unipr.it\/cidea\/wp-content\/uploads\/sites\/4\/2024\/10\/SmartH2O-1-1024x148.png\" alt=\"\" class=\"wp-image-1212\" srcset=\"https:\/\/www.centritecnopolo.unipr.it\/cidea\/wp-content\/uploads\/sites\/4\/2024\/10\/SmartH2O-1-1024x148.png 1024w, https:\/\/www.centritecnopolo.unipr.it\/cidea\/wp-content\/uploads\/sites\/4\/2024\/10\/SmartH2O-1-300x44.png 300w, https:\/\/www.centritecnopolo.unipr.it\/cidea\/wp-content\/uploads\/sites\/4\/2024\/10\/SmartH2O-1-768x111.png 768w, https:\/\/www.centritecnopolo.unipr.it\/cidea\/wp-content\/uploads\/sites\/4\/2024\/10\/SmartH2O-1-1536x223.png 1536w, https:\/\/www.centritecnopolo.unipr.it\/cidea\/wp-content\/uploads\/sites\/4\/2024\/10\/SmartH2O-1-2048x297.png 2048w\" sizes=\"(max-width: 1024px) 100vw, 1024px\" \/><\/figure>\n\n\n\n<div style=\"height:64px\" aria-hidden=\"true\" class=\"wp-block-spacer\"><\/div>\n\n\n\n<p><strong>Sito web del progetto<\/strong><\/p>\n\n\n\n<p><a href=\"https:\/\/smarth2o.eu\/\">https:\/\/smarth2o.eu\/<\/a><\/p>\n\n\n\n<p><\/p>\n\n\n\n<p><strong>Abstract<\/strong><\/p>\n\n\n\n<p>I cambiamenti climatici stanno generando uno stress idrico di proporzioni mai viste fino ad ora (Decreto del 07\/12\/22 \u2013 22A07095). Il corretto utilizzo e gestione dell\u2019acqua \u00e8 quindi importante in una Regione come l\u2019Emilia-Romagna caratterizzata da un\u2019alta densit\u00e0 industriale che utilizza questa risorsa in molti settori produttivi.<\/p>\n\n\n\n<p>Lo scopo del progetto SMART-H2O \u00e8 lo sviluppo e la realizzazione di un sistema di purificazione delle acque industriali al fine di poterle riutilizzare in un\u2019ottica di sostenibilit\u00e0 e circolarit\u00e0 minimizzando il loro prelievo da superficie o da falda.<\/p>\n\n\n\n<p>Partendo da conoscenze di laboratorio consolidate (TRL4) su trattamenti di purificazione innovativi, in 2 anni il progetto realizzer\u00e0 il primo esempio di impianto (prototipale) ad oggi non disponibile su scala industriale (TRL6) in grado di abbattere carica microbica, metalli pesanti ed inquinanti organici, compresi quelli persistenti (IPA e PFAS).<\/p>\n\n\n\n<p>Il consorzio dei laboratori coinvolti: CIPACK, Terra&amp;Acqua Tech, ISSMC-CNR, CIDEA e CFR \u00e8 in grado di coprire tutta la filiera di valore, dallo sviluppo dei materiali, alla progettazione dell\u2019intero dispositivo, alle analisi chimiche e microbiologiche necessarie per la validazione del processo di purificazione. Il progetto SMART H2O gode dell\u2019appoggio di importanti aziende del territorio interessate a testare sul campo l\u2019efficacia del dispositivo filtrante per ridurre sprechi e consumi di risorse idriche, concorrendo al contempo al miglioramento della qualit\u00e0 delle acque tramite il riutilizzo delle acque di processo in ambito produttivo.<\/p>\n\n\n\n<p><strong>Obiettivi e risultati attesi<\/strong><\/p>\n\n\n\n<p>Obiettivo del presente progetto \u00e8 la progettazione, realizzazione e validazione sperimentale di un pilota di filtro multistadio per l\u2019abbattimento di contaminanti da acque industriali e acque reflue. La validazione sperimentale sar\u00e0 condotta in diversi contesti produttivi, caratterizzati da diverse tipologie di contaminanti, nei quali si valuter\u00e0 l\u2019efficacia del sistema sui contaminanti di interesse, anche in relazione alla conformit\u00e0 con eventuali limiti legislativi esistenti. I dati ottenuti permetteranno di verificare l\u2019efficienza di rimozione di diverse classi di inquinanti anche in relazione alla tipologia di refluo considerato. Le informazioni ottenute verranno utilizzate per ottimizzare il dimensionamento delle unit\u00e0 di trattamento al fine di realizzare un prototipo con operativit\u00e0 flessibile ed adattabile a diverse realt\u00e0 produttive.&nbsp;&nbsp;&nbsp;&nbsp;&nbsp;&nbsp;&nbsp;<\/p>\n\n\n\n<p>Grazie alle attivit\u00e0 svolte sar\u00e0 disponibile la curva caratteristica del filtro e un protocollo di buone pratiche di progettazione in funzione delle dimensioni e delle caratteristiche specifiche delle future installazioni industriali. Tali informazioni saranno inoltre finalizzate alla redazione di uno studio di fattibilit\u00e0 tecnico economico del filtro multistadio e ad un\u2019analisi competitiva di mercato che potranno essere il punto di partenza per un futuro business plan relativo alla commercializzazione della nuova soluzione impiantistica.<\/p>\n\n\n\n<p><strong>Dettagli del progetto<\/strong><\/p>\n\n\n\n<p><strong>Responsabile scientifico per CIDEA:<\/strong>&nbsp;Prof.ssa Federica Bianchi<\/p>\n\n\n\n<p><strong>Strutture Unipr coinvolte:<\/strong><\/p>\n\n\n\n<ul>\n<li>CIPACK \u2013 Centro Interdipartimentale per il packaging<\/li>\n\n\n\n<li>CIDEA- Centro Interdipartimentale per l\u2019Energia e l\u2019Ambiente<\/li>\n<\/ul>\n\n\n\n<p><strong>Coordinatore:<\/strong><br>CIPACK \u2013 Centro Interdipartimentale per il packaging<\/p>\n\n\n\n<p><strong>Partner:<\/strong><\/p>\n\n\n\n<ul>\n<li>Terra &amp; Acqua Tech<\/li>\n\n\n\n<li>CNR \u2013 ISSMC<\/li>\n\n\n\n<li>UNIPR \u2013 CIDEA<\/li>\n\n\n\n<li>Consorzio Futuro in Ricerca<\/li>\n<\/ul>\n\n\n\n<p><strong>Costo totale di progetto:<\/strong>&nbsp;701.427,42 euro<br><strong>Contributo totale di progetto:<\/strong>&nbsp;499.999,38 euro<br><strong>Costo totale CIDEA Unipr:<\/strong>&nbsp;83.720,00 euro<br><strong>Contributo totale CIDEA Unipr:<\/strong>&nbsp;58.604,00 euro<br><strong>Durata del progetto in mesi:<\/strong>&nbsp;24<br><strong>Data di inizio:<\/strong>&nbsp;07\/02\/2024<br><strong>Data di fine:<\/strong>&nbsp;06\/02\/2026<\/p>\n\n\n\n<p><strong>Il progetto \u00e8 realizzato grazie ai Fondi europei della Regione Emilia-Romagna<\/strong><\/p>\n\n\n\n<figure class=\"wp-block-image size-large\"><img decoding=\"async\" loading=\"lazy\" width=\"1024\" height=\"198\" src=\"https:\/\/www.centritecnopolo.unipr.it\/cidea\/wp-content\/uploads\/sites\/4\/2024\/10\/Loghi_CoesioneITA_UE_REP_ER_21-27_compatta_colore-1024x198.jpg\" alt=\"\" class=\"wp-image-1215\" srcset=\"https:\/\/www.centritecnopolo.unipr.it\/cidea\/wp-content\/uploads\/sites\/4\/2024\/10\/Loghi_CoesioneITA_UE_REP_ER_21-27_compatta_colore-1024x198.jpg 1024w, https:\/\/www.centritecnopolo.unipr.it\/cidea\/wp-content\/uploads\/sites\/4\/2024\/10\/Loghi_CoesioneITA_UE_REP_ER_21-27_compatta_colore-300x58.jpg 300w, https:\/\/www.centritecnopolo.unipr.it\/cidea\/wp-content\/uploads\/sites\/4\/2024\/10\/Loghi_CoesioneITA_UE_REP_ER_21-27_compatta_colore-768x148.jpg 768w, https:\/\/www.centritecnopolo.unipr.it\/cidea\/wp-content\/uploads\/sites\/4\/2024\/10\/Loghi_CoesioneITA_UE_REP_ER_21-27_compatta_colore-1536x296.jpg 1536w, https:\/\/www.centritecnopolo.unipr.it\/cidea\/wp-content\/uploads\/sites\/4\/2024\/10\/Loghi_CoesioneITA_UE_REP_ER_21-27_compatta_colore-2048x395.jpg 2048w\" sizes=\"(max-width: 1024px) 100vw, 1024px\" \/><\/figure>\n","protected":false},"excerpt":{"rendered":"<p>Sito web del progetto https:\/\/smarth2o.eu\/ Abstract I cambiamenti climatici stanno generando uno stress idrico di proporzioni mai viste fino ad [&hellip;]<\/p>\n","protected":false},"author":34,"featured_media":0,"parent":0,"menu_order":0,"comment_status":"closed","ping_status":"closed","template":"","meta":[],"acf":[],"_links":{"self":[{"href":"https:\/\/www.centritecnopolo.unipr.it\/cidea\/wp-json\/wp\/v2\/pages\/1194"}],"collection":[{"href":"https:\/\/www.centritecnopolo.unipr.it\/cidea\/wp-json\/wp\/v2\/pages"}],"about":[{"href":"https:\/\/www.centritecnopolo.unipr.it\/cidea\/wp-json\/wp\/v2\/types\/page"}],"author":[{"embeddable":true,"href":"https:\/\/www.centritecnopolo.unipr.it\/cidea\/wp-json\/wp\/v2\/users\/34"}],"replies":[{"embeddable":true,"href":"https:\/\/www.centritecnopolo.unipr.it\/cidea\/wp-json\/wp\/v2\/comments?post=1194"}],"version-history":[{"count":5,"href":"https:\/\/www.centritecnopolo.unipr.it\/cidea\/wp-json\/wp\/v2\/pages\/1194\/revisions"}],"predecessor-version":[{"id":1229,"href":"https:\/\/www.centritecnopolo.unipr.it\/cidea\/wp-json\/wp\/v2\/pages\/1194\/revisions\/1229"}],"wp:attachment":[{"href":"https:\/\/www.centritecnopolo.unipr.it\/cidea\/wp-json\/wp\/v2\/media?parent=1194"}],"curies":[{"name":"wp","href":"https:\/\/api.w.org\/{rel}","templated":true}]}}