{"id":1191,"date":"2024-10-14T16:45:42","date_gmt":"2024-10-14T14:45:42","guid":{"rendered":"https:\/\/www.centritecnopolo.unipr.it\/cidea\/?page_id=1191"},"modified":"2025-01-23T12:06:38","modified_gmt":"2025-01-23T11:06:38","slug":"simod-sistemi-mobili-multi-robot-per-la-manipolazione-di-oggetti-deformabili","status":"publish","type":"page","link":"https:\/\/www.centritecnopolo.unipr.it\/cidea\/simod-sistemi-mobili-multi-robot-per-la-manipolazione-di-oggetti-deformabili\/","title":{"rendered":"<strong>SiMOD Sistemi Mobili Multi-robot per la Manipolazione di Oggetti Deformabili<\/strong>"},"content":{"rendered":"\n<p><strong>Sito web del progetto<\/strong><\/p>\n\n\n\n<p><a href=\"https:\/\/simod.eu\/\" target=\"_blank\" rel=\"noreferrer noopener\">www.simod.eu<\/a><\/p>\n\n\n\n<p><strong>Abstract<\/strong><br><br>Il progetto SiMOD intende sviluppare un framework di manipolazione, basato su robot manipolatori collaborativi installati su piattaforme mobili, in grado di percepire e co-manipolare oggetti deformabili per applicazioni industriali. L\u2019obiettivo \u00e8 migliorare l\u2019esperienza lavorativa diminuendo lo sforzo fisico e cognitivo dei lavoratori del settore manifatturiero in applicazioni che implicano la manipolazione di oggetti deformabili di dimensioni significative, come cavi elettrici, sacchetti di materiale sfuso o pacchi di materiale soffice, quindi non automatizzabili in maniera flessibile con le soluzioni tecnologiche disponibili sul mercato. Il risultato tecnologico \u00e8 lo sviluppo e validazione ad un TRL 6 (Tecnologia dimostrata in ambiente industrialmente rilevante) di una tecnologia per la manipolazione mobile multi-robot, mediante la realizzazione di un prototipo da cui trarre le tecnologie abilitanti per la successiva realizzazione e commercializzazione di prodotti e servizi. Il prototipo, costituito da due manipolatori mobili dotati di sistemi di percezione per l\u2019acquisizione ed analisi degli oggetti e degli scenari operativi, nonch\u00e9 di organi di presa adatti alle manipolazioni da svolgere, sar\u00e0 reso disponibile come dimostratore presso il CIRI-MAM di Bologna.<\/p>\n\n\n\n<p><strong>Obiettivi e risultati attesi<\/strong><\/p>\n\n\n\n<p>SIMOD integra robotica collaborativa e mobile, percezione avanzata e intelligenza artificiale per creare una nuova famiglia di agenti robotici, in grado di cooperare tra loro per svolgere un\u2019ampia gamma di azioni, le quali alternativamente richiederebbero una molteplicit\u00e0 di tecnologie di automazione specifiche, economicamente non giustificabili. La tecnologia sviluppata da SIMOD pu\u00f2 essere game changer per operazioni di assemblaggio e logistica, in luoghi frequentati da esseri umani, per una grande variet\u00e0 di oggetti deformabili, quali cavi, sacchi di materiale sfuso, grandi imballaggi di materiale morbido, sacchi di rifiuti, ecc. Come obiettivo tecnologico, il progetto SiMOD prevede lo sviluppo di un prototipo, costituito da due manipolatori mobili dotati di sistemi di visione per l\u2019acquisizione ed analisi degli oggetti e degli scenari operativi, nonch\u00e9 di organi di presa adatti alle operazioni di percezione e manipolazione da svolgere, sar\u00e0 reso disponibile come dimostratore presso una delle sedi del CIRI-MAM di Bologna. Il sistema verr\u00e0 validato ad un TRL 6 (Tecnologia dimostrata in ambiente industrialmente rilevante) prendendo in considerazione i casi d\u2019uso e i contesti operativi delineati dalle aziende coinvolte nel progetto, fornendo quindi le tecnologie abilitanti per la successiva realizzazione e commercializzazione di processi, prodotti e servizi di manipolazione mobile di oggetti deformabili.<\/p>\n\n\n\n<p><br><strong>Dettagli del progetto<\/strong><br><strong>Responsabile scientifico<\/strong>: Prof Jacopo Aleotti<\/p>\n\n\n\n<p><strong>Strutture Unipr coinvolte:<\/strong><br>CIDEA- Centro Interdipartimentale per l\u2019Energia e l\u2019Ambiente<\/p>\n\n\n\n<p><strong>Coordinatore:<\/strong><br>ALMA MATER STUDIORUM \u2013 Universit\u00e0 di Bologna(Italy)<\/p>\n\n\n\n<p><strong>Partner:<\/strong><\/p>\n\n\n\n<ul>\n<li>Universit\u00e0 degli Studi di Ferrara \u2013 IN4 Hub per l\u2019Innovazione nell\u2019Ingegneria e l\u2019Integrazione nell\u2019Industria (Italy)<\/li>\n\n\n\n<li>Universit\u00e0 degli Studi di Parma \u2013 Centro Interdipartimentale di Ricerca per l\u2019Energia Ambiente \u2013 CIDEA (Italy)<\/li>\n\n\n\n<li>Fondazione Democenter-Sipe (Italy)<\/li>\n\n\n\n<li>Centro Interdipartimentale per la Ricerca Applicata e i Servizi della Meccanica A. e Motoristica -INTERMECH- MO.RE \u2013 Universit\u00e0 degli Studi di Modena e Reggio E. (Italy)<\/li>\n<\/ul>\n\n\n\n<p><strong>Costo totale di progetto:<\/strong>\u00a0Euro (EUR) 697.125,30<br><strong>Contributo totale di progetto:<\/strong>\u00a0Euro (EUR) 499.987,71<br><strong>Costo totale CIDEA Unipr<\/strong>: Euro (EUR) 128.570,30<br><strong>Contributo totale CIDEA Unipr:<\/strong>\u00a0Euro (EUR) 89.999,21<br><strong>Durata del progetto in mesi<\/strong>: 30<br><strong>Data di inizio<\/strong>\u00a001\/02\/2024<br><strong>Data di fine:<\/strong>\u00a001\/08\/2026<\/p>\n\n\n\n<p><strong>Il progetto \u00e8 realizzato grazie ai Fondi europei della Regione Emilia-Romagna<\/strong><\/p>\n\n\n\n<figure class=\"wp-block-image size-large\"><img decoding=\"async\" loading=\"lazy\" width=\"1024\" height=\"198\" src=\"https:\/\/www.centritecnopolo.unipr.it\/cidea\/wp-content\/uploads\/sites\/4\/2024\/10\/Loghi_CoesioneITA_UE_REP_ER_21-27_compatta_colore-1024x198.png\" alt=\"\" class=\"wp-image-1085\" srcset=\"https:\/\/www.centritecnopolo.unipr.it\/cidea\/wp-content\/uploads\/sites\/4\/2024\/10\/Loghi_CoesioneITA_UE_REP_ER_21-27_compatta_colore-1024x198.png 1024w, https:\/\/www.centritecnopolo.unipr.it\/cidea\/wp-content\/uploads\/sites\/4\/2024\/10\/Loghi_CoesioneITA_UE_REP_ER_21-27_compatta_colore-300x58.png 300w, https:\/\/www.centritecnopolo.unipr.it\/cidea\/wp-content\/uploads\/sites\/4\/2024\/10\/Loghi_CoesioneITA_UE_REP_ER_21-27_compatta_colore-768x148.png 768w, https:\/\/www.centritecnopolo.unipr.it\/cidea\/wp-content\/uploads\/sites\/4\/2024\/10\/Loghi_CoesioneITA_UE_REP_ER_21-27_compatta_colore-1536x296.png 1536w, https:\/\/www.centritecnopolo.unipr.it\/cidea\/wp-content\/uploads\/sites\/4\/2024\/10\/Loghi_CoesioneITA_UE_REP_ER_21-27_compatta_colore-2048x395.png 2048w\" sizes=\"(max-width: 1024px) 100vw, 1024px\" \/><\/figure>\n","protected":false},"excerpt":{"rendered":"<p>Sito web del progetto www.simod.eu Abstract Il progetto SiMOD intende sviluppare un framework di manipolazione, basato su robot manipolatori collaborativi [&hellip;]<\/p>\n","protected":false},"author":34,"featured_media":0,"parent":0,"menu_order":0,"comment_status":"closed","ping_status":"closed","template":"","meta":[],"acf":[],"_links":{"self":[{"href":"https:\/\/www.centritecnopolo.unipr.it\/cidea\/wp-json\/wp\/v2\/pages\/1191"}],"collection":[{"href":"https:\/\/www.centritecnopolo.unipr.it\/cidea\/wp-json\/wp\/v2\/pages"}],"about":[{"href":"https:\/\/www.centritecnopolo.unipr.it\/cidea\/wp-json\/wp\/v2\/types\/page"}],"author":[{"embeddable":true,"href":"https:\/\/www.centritecnopolo.unipr.it\/cidea\/wp-json\/wp\/v2\/users\/34"}],"replies":[{"embeddable":true,"href":"https:\/\/www.centritecnopolo.unipr.it\/cidea\/wp-json\/wp\/v2\/comments?post=1191"}],"version-history":[{"count":3,"href":"https:\/\/www.centritecnopolo.unipr.it\/cidea\/wp-json\/wp\/v2\/pages\/1191\/revisions"}],"predecessor-version":[{"id":1227,"href":"https:\/\/www.centritecnopolo.unipr.it\/cidea\/wp-json\/wp\/v2\/pages\/1191\/revisions\/1227"}],"wp:attachment":[{"href":"https:\/\/www.centritecnopolo.unipr.it\/cidea\/wp-json\/wp\/v2\/media?parent=1191"}],"curies":[{"name":"wp","href":"https:\/\/api.w.org\/{rel}","templated":true}]}}