{"id":1183,"date":"2024-10-14T16:41:05","date_gmt":"2024-10-14T14:41:05","guid":{"rendered":"https:\/\/www.centritecnopolo.unipr.it\/cidea\/?page_id=1183"},"modified":"2024-10-15T10:35:24","modified_gmt":"2024-10-15T08:35:24","slug":"sacer-sviluppo-e-integrazione-di-accumuli-innovativi-nelle-comunita-energetiche-rinnovabili","status":"publish","type":"page","link":"https:\/\/www.centritecnopolo.unipr.it\/cidea\/sacer-sviluppo-e-integrazione-di-accumuli-innovativi-nelle-comunita-energetiche-rinnovabili\/","title":{"rendered":"<strong>SACER\u00a0Sviluppo e integrazione di Accumuli innovativi nelle Comunit\u00e0 Energetiche Rinnovabili<\/strong>"},"content":{"rendered":"\n<p><strong>Abstract<\/strong><\/p>\n\n\n\n<p>Il progetto SACER propone un approccio multi-livello per la modellazione di comunit\u00e0 energetiche rinnovabili (CER) e gruppi di autoconsumo collettivo (GAC) in presenza di reti che permettano lo scambio di energia elettrica e termica tra i prosumers. Tali comunit\u00e0 sono di particolare interesse considerando la diffusione in Emilia Romagna delle reti di riscaldamento urbano. L\u2019obiettivo \u00e8 quello di testare nuove logiche di gestione dei flussi energetici in grado di massimizzare risparmi ed efficienza energetica grazie all\u2019utilizzo di sistemi di accumulo elettrici e termici innovativi. Gli accumuli termici possono permettere sia di stoccare surplus di energia termica che di fungere da elemento di raccordo tra rete elettrica e termica grazie all\u2019utilizzo delle pompe di calore. Nel progetto verranno studiati accumuli termici innovativi basati su materiali termochimici (TCM) o a cambiamento di fase (PCM) mentre dal punto di vista elettrico, si valuter\u00e0 il posizionamento ottimale dei sistemi di accumulo elettrico e la possibilit\u00e0 di ottenere calore di recupero dal loro raffreddamento. Verr\u00e0 sviluppato un applicativo IT per l\u2019analisi delle prestazioni delle CER in base alla gestione degli elementi di \u201cinterscambio energetico\u201d costituiti dagli accumuli messi a punto nel progetto.<\/p>\n\n\n\n<p><strong>Obiettivi e risultati attesi<\/strong><\/p>\n\n\n\n<p>SACER permetter\u00e0 di testare nuove soluzioni per una gestione pi\u00f9 efficiente di CER e GAC di nuova generazione. In primo luogo, verranno proposti innovativi serbatoi di accumulo termico basati su materiali termochimici e PCM da utilizzare in abbinamento con pompe di calore elettriche per realizzare un efficiente interscambio tra surplus di energia elettrica e calore. Tale attivit\u00e0 verr\u00e0 realizzata con la collaborazione di aziende regionali che producono tali componenti per sistemi HVAC tradizionali. Verr\u00e0 poi affrontato il problema della determinazione dei profili orari di consumo\/produzione di energia elettrica e termica per diverse tipologie di utenze attraverso una mirata campagna sperimentale combinata all\u2019adozione di modelli di machine learning applicati a database esistenti. In parallelo, verr\u00e0 studiato il comportamento della CER al variare della posizione degli accumuli elettrici (centralizzati\/delocalizzati) all\u2019interno della rete in base alla tipologia di utenze collegate. Un focus sar\u00e0 dedicato al problema dell\u2019ottimizzazione dell\u2019efficienza degli accumuli elettrici grazie allo sviluppo di sistemi di raffreddamento dedicati. Si prevede di condividere i principali risultati ottenuti attraverso la stesura di linee guida sulle CER di nuova generazione e la creazione di un applicativo IT ad accesso libero che permetter\u00e0 di calcolare le prestazioni di una CER a seguito dell\u2019adozione dei sistemi di accumulo termici ed elettrici messi a punto durante il progetto.<\/p>\n\n\n\n<p><strong>Dettagli del progetto<\/strong><\/p>\n\n\n\n<p><strong>Responsabile scientifico:<\/strong>&nbsp;Prof.ssa Pamela Vocale<\/p>\n\n\n\n<p><strong>Strutture Unipr coinvolte:<\/strong><br>CIDEA- Centro Interdipartimentale per l\u2019Energia e l\u2019Ambiente<\/p>\n\n\n\n<p><strong>Coordinatore:<\/strong><\/p>\n\n\n\n<p>UNIBO CIRI EC<\/p>\n\n\n\n<p><strong>Partner:<\/strong><\/p>\n\n\n\n<ul>\n<li>UNIPR CIDEA<\/li>\n\n\n\n<li>UNIFE \u2013 Laboratorio Teknehub<\/li>\n\n\n\n<li>UNIMORE-EN&amp;TECH<\/li>\n\n\n\n<li>Larcoicos- consorzio Ricos<\/li>\n<\/ul>\n\n\n\n<p><strong>Costo totale di progetto:<\/strong>&nbsp;685.290,25 euro<br><strong>Contributo totale di progetto:<\/strong>&nbsp;494.208,17 euro<br><strong>Costo totale Unipr:<\/strong>&nbsp;120.467,46 euro&nbsp;<br><strong>Contributo totale Unipr:<\/strong>&nbsp;84.672,22 euro<br><strong>Durata del progetto in mesi:<\/strong>&nbsp;30<br><strong>Data di inizio:<\/strong>&nbsp;30\/01\/2024<br><strong>Data di fine:<\/strong>&nbsp;30\/07\/2026<\/p>\n\n\n\n<p><strong>Il progetto \u00e8 realizzato grazie ai Fondi europei della Regione Emilia-Romagna<\/strong><\/p>\n\n\n\n<figure class=\"wp-block-image size-large\"><img decoding=\"async\" loading=\"lazy\" width=\"1024\" height=\"198\" src=\"https:\/\/www.centritecnopolo.unipr.it\/cidea\/wp-content\/uploads\/sites\/4\/2024\/10\/Loghi_CoesioneITA_UE_REP_ER_21-27_compatta_colore-1024x198.png\" alt=\"\" class=\"wp-image-1085\" srcset=\"https:\/\/www.centritecnopolo.unipr.it\/cidea\/wp-content\/uploads\/sites\/4\/2024\/10\/Loghi_CoesioneITA_UE_REP_ER_21-27_compatta_colore-1024x198.png 1024w, https:\/\/www.centritecnopolo.unipr.it\/cidea\/wp-content\/uploads\/sites\/4\/2024\/10\/Loghi_CoesioneITA_UE_REP_ER_21-27_compatta_colore-300x58.png 300w, https:\/\/www.centritecnopolo.unipr.it\/cidea\/wp-content\/uploads\/sites\/4\/2024\/10\/Loghi_CoesioneITA_UE_REP_ER_21-27_compatta_colore-768x148.png 768w, https:\/\/www.centritecnopolo.unipr.it\/cidea\/wp-content\/uploads\/sites\/4\/2024\/10\/Loghi_CoesioneITA_UE_REP_ER_21-27_compatta_colore-1536x296.png 1536w, https:\/\/www.centritecnopolo.unipr.it\/cidea\/wp-content\/uploads\/sites\/4\/2024\/10\/Loghi_CoesioneITA_UE_REP_ER_21-27_compatta_colore-2048x395.png 2048w\" sizes=\"(max-width: 1024px) 100vw, 1024px\" \/><\/figure>\n","protected":false},"excerpt":{"rendered":"<p>Abstract Il progetto SACER propone un approccio multi-livello per la modellazione di comunit\u00e0 energetiche rinnovabili (CER) e gruppi di autoconsumo [&hellip;]<\/p>\n","protected":false},"author":34,"featured_media":0,"parent":0,"menu_order":0,"comment_status":"closed","ping_status":"closed","template":"","meta":[],"acf":[],"_links":{"self":[{"href":"https:\/\/www.centritecnopolo.unipr.it\/cidea\/wp-json\/wp\/v2\/pages\/1183"}],"collection":[{"href":"https:\/\/www.centritecnopolo.unipr.it\/cidea\/wp-json\/wp\/v2\/pages"}],"about":[{"href":"https:\/\/www.centritecnopolo.unipr.it\/cidea\/wp-json\/wp\/v2\/types\/page"}],"author":[{"embeddable":true,"href":"https:\/\/www.centritecnopolo.unipr.it\/cidea\/wp-json\/wp\/v2\/users\/34"}],"replies":[{"embeddable":true,"href":"https:\/\/www.centritecnopolo.unipr.it\/cidea\/wp-json\/wp\/v2\/comments?post=1183"}],"version-history":[{"count":2,"href":"https:\/\/www.centritecnopolo.unipr.it\/cidea\/wp-json\/wp\/v2\/pages\/1183\/revisions"}],"predecessor-version":[{"id":1206,"href":"https:\/\/www.centritecnopolo.unipr.it\/cidea\/wp-json\/wp\/v2\/pages\/1183\/revisions\/1206"}],"wp:attachment":[{"href":"https:\/\/www.centritecnopolo.unipr.it\/cidea\/wp-json\/wp\/v2\/media?parent=1183"}],"curies":[{"name":"wp","href":"https:\/\/api.w.org\/{rel}","templated":true}]}}