{"id":1097,"date":"2024-10-14T14:51:33","date_gmt":"2024-10-14T12:51:33","guid":{"rendered":"https:\/\/www.centritecnopolo.unipr.it\/cidea\/?page_id=1097"},"modified":"2024-10-15T10:33:07","modified_gmt":"2024-10-15T08:33:07","slug":"aim-ebimadapted-information-management-for-existing-buildings-information-modeling","status":"publish","type":"page","link":"https:\/\/www.centritecnopolo.unipr.it\/cidea\/aim-ebimadapted-information-management-for-existing-buildings-information-modeling\/","title":{"rendered":"<strong>AIM-eBIMAdapted Information Management for existing Buildings Information Modeling<\/strong>"},"content":{"rendered":"\n<p><strong>Sito web del progetto<\/strong><\/p>\n\n\n\n<p><a href=\"https:\/\/www.aimebim.it\/\" target=\"_blank\" rel=\"noreferrer noopener\">www.aimebim.it<\/a><\/p>\n\n\n\n<p><strong>Abstract<\/strong><\/p>\n\n\n\n<p>Finanziato nell\u2019ambito del PR-FESR Emilia-Romagna 2021-2027, il progetto \u00e8 incentrato su processi innovativi per l\u2019utilizzo del dato digitale da rilievo integrato del costruito esistente e del patrimonio storico-architettonico, verso una modellazione BIM \u201cadattativa\u201d.&nbsp;<\/p>\n\n\n\n<p>Il progetto sviluppa nuovi processi e strumenti che consentano un uso \u201ccritico\u201d e tematizzato dei dati attraverso applicazioni di Intelligenza Artificiale e attraverso la modellazione BIM \u2013 Building Information Modeling. I processi di modellazione parametrica del patrimonio esistente tramite strumenti BIM stanno diventando tanto pervasivi quanto necessari, considerando il trend normativo di progressiva inclusione della modellazione BIM nelle gare d\u2019appalto e la necessit\u00e0 di utilizzare strumenti digitali collaborativi tra i diversi attori coinvolti nel processo di conservazione e intervento sul costruito esistente.<\/p>\n\n\n\n<p>AIM-eBIM, coordinato da TekneHub, \u00e8 sviluppato da un partenariato costituito da CRICT &#8211; Centro Interdipartimentale di Ricerca e per i Servizi nel settore delle Costruzioni e del Territorio dell\u2019Universit\u00e0 degli Studi di Modena e Reggio Emilia, dal CIRI EC &#8211; Centro Interdipartimentale di Ricerca Edilizia e Costruzioni dell\u2019Alma Mater Studiorum &#8211; Universit\u00e0 di Bologna, dal Centro Ceramico &#8211; Consorzio Universitario per la gestione del centro di ricerca e sperimentazione per l\u2019industria ceramica e dal CIDEA &#8211; Centro Interdipartimentale per l&#8217;Energia e l&#8217;Ambiente dell\u2019Universit\u00e0 degli Studi di Parma.&nbsp;<\/p>\n\n\n\n<p>Le imprese partecipanti al partneriato sono Politecnica Ingegneria e Architettura Soc. Coop., 2S.I. Software e Servizi per l\u2019Ingegneria S.r.l., TONALITE S.p.A., SAFE LM srl e INCEPTION srl, spin-off dell\u2019Universit\u00e0 degli Studi di Ferrara. AIM-eBIM propone un avanzamento dei risultati raggiunti in precedenti progetti finanziati nell\u2019ambito del POR FESR 2014-2020 per rispondere, in particolare, alle nuove necessit\u00e0 scaturite dalla rapida evoluzione degli strumenti di rilievo digitale, riconducibili alla difficolt\u00e0 di gestire e utilizzare grandi quantit\u00e0 di dati in modo efficiente.&nbsp;<\/p>\n\n\n\n<p><strong>Obiettivi e risultati attesi<\/strong>&nbsp;<\/p>\n\n\n\n<p>Il progetto AIM-eBIM interviene nel passaggio tra rilievo e modellazione, che pu\u00f2 essere resa pi\u00f9 efficiente \u201cscomponendo\u201d le diverse necessit\u00e0 analitico-progettuali creando modelli in grado di supportare la documentazione del patrimonio architettonico e la progettazione degli interventi. In questa direzione, gli ambiti di approfondimento riguardano l\u2019analisi dei materiali, tecniche, componenti, strutture e l\u2019analisi dello stato di conservazione. Le prime attivit\u00e0 riguardano la definizione di un Protocollo di ottimizzazione per il processo rilievomodellazione e per la scomposizione tematica e il popolamento dei modelli digitali, creando la struttura metodologica del progetto. La parte centrale delle attivit\u00e0 sar\u00e0 dedicata all\u2019analisi degli attuali strumenti di Intelligenza Artificiale applicabili per la suddivisione e classificazione dei dati digitali da rilievo, informazioni che andranno a popolare i modelli BIM. Oltre alla definizione di modelli BIM innovativi e interdisciplinari, il processo verr\u00e0 applicato a specifici casi studio, che comprendono edifici appartenenti al patrimonio esistente diffuso e al patrimonio storico-architettonico. I casi studio selezionati saranno diversificati per tipologia, materiali, assetto strutturale e stato conservativo, creando la pi\u00f9 ampia casistica per lo sviluppo di test tematici per diverse finalit\u00e0 (documentazione, analisi, monitoraggio, progetto) e secondo diversi criteri. In questa direzione, i Laboratori del partenariato si integrano mettendo a sistema le diverse competenze, background e infrastrutture di ricerca; le imprese coinvolte, allo stesso modo, rappresentano interlocutori ideali nello sviluppo delle attivit\u00e0, rappresentando settori cruciali per il raggiungimento degli obiettivi del progetto, e potendo indirizzarne gli sviluppi verso ricadute industriali effettive, perseguendo le esigenze della filiera.&nbsp;<\/p>\n\n\n\n<p>I risultati attesi del progetto prevedono anche l\u2019esplorazione di piattaforme collaborative e ambienti digitali per la condivisione aperta dei risultati del progetto, con l\u2019obiettivo di massima accessibilit\u00e0 e aprendo alla possibilit\u00e0 di collaborazioni e integrazioni interdisciplinari. AIM-eBIM si propone altres\u00ec di favorire l\u2019incremento nell\u2019utilizzo del BIM da parte di imprese e figure coinvolte nel processo di intervento sull\u2019esistente, di incentivare la condivisione di standard e piattaforme di collaborazione, e di supportare la permeabilit\u00e0 all\u2019innovazione tecnologica. La Strategia di Specializzazione Intelligente S3, infatti, rileva chiaramente che la digitalizzazione ormai pervasiva rende necessario l\u2019uso di modelli e applicazioni per l\u2019interoperabilit\u00e0 di processi e dati e per l\u2019attivazione di nuovi servizi a supporto dello sviluppo di nuovi prodotti. Tra le priorit\u00e0 S3 figura l\u2019incremento delle tecnologie digitali per le imprese, aumentandone le competenze e garantendo la diffusione di soluzioni tecnologiche avanzate. Il progetto AIM-eBIM si innesta in questo ambito, mettendo al centro la digitalizzazione a servizio della filiera del settore delle Costruzioni e il dato in tutto il suo ciclo di vita: creazione, elaborazione, integrazione, trasferimento, archiviazione. AIM-eBIM persegue l\u2019incremento nell\u2019uso di strumenti integrati per la gestione del progetto e del cantiere \u201cintelligente\u201d attraverso la gestione informatizzata dei processi, per accompagnare la rigenerazione del settore Costruzioni che si dovr\u00e0 basare sempre pi\u00f9 sugli strumenti digitali richiedendo nuove competenze e rendendo pi\u00f9 capillare l\u2019applicazione di tecnologie emergenti. Il BIM pu\u00f2 supportare il controllo del processo progettuale e dei processi decisionali e supportare le imprese nell\u2019elaborazione di modelli di simulazione progettuale nell\u2019intervento sul costruito esistente.<\/p>\n\n\n\n<p><strong>Dettagli del progetto<\/strong><\/p>\n\n\n\n<p><strong>Responsabile scientifico:<\/strong>&nbsp;Prof.ssa Chiara Vernizzi<\/p>\n\n\n\n<p><strong>Strutture Unipr coinvolte:<\/strong><br>CIDEA- Centro Interdipartimentale per l&#8217;Energia e l&#8217;Ambiente<\/p>\n\n\n\n<p><strong>Coordinatore:<\/strong><br>UNIFE &#8211; Laboratorio Teknehub<\/p>\n\n\n\n<p><strong>Partner:<\/strong><\/p>\n\n\n\n<ul>\n<li>UNIMORE &#8211; CRICT &#8211; Centro Interdipartimentale di Ricerca e per i Servizi nel settore delle Costruzioni e del Territorio<\/li>\n\n\n\n<li>Centro Ceramico<\/li>\n\n\n\n<li>UNIBO CIRI EC<\/li>\n\n\n\n<li>UNIPR CIDEA- Centro Interdipartimentale per l&#8217;Energia e l&#8217;Ambiente<\/li>\n<\/ul>\n\n\n\n<p><strong>Costo totale di progetto:&nbsp;<\/strong>699.731,93 euro<br><strong>Contributo totale di progetto:&nbsp;<\/strong>498.029,35 euro<br><strong>Costo totale Unipr:&nbsp;<\/strong>83.907,94 euro<br><strong>Contributo totale Unipr:&nbsp;<\/strong>59.124,06 euro<br><strong>Durata del progetto in mesi:&nbsp;<\/strong>30&nbsp;<br><strong>Data di inizio:&nbsp;<\/strong>05\/02\/2024<br><strong>Data di fine:&nbsp;<\/strong>05\/08\/2026<\/p>\n\n\n\n<p><strong>Il progetto \u00e8 realizzato grazie ai Fondi europei della Regione Emilia-Romagna<\/strong><\/p>\n\n\n\n<figure class=\"wp-block-image size-large\"><img decoding=\"async\" loading=\"lazy\" width=\"1024\" height=\"198\" src=\"https:\/\/www.centritecnopolo.unipr.it\/cidea\/wp-content\/uploads\/sites\/4\/2024\/10\/Loghi_CoesioneITA_UE_REP_ER_21-27_compatta_colore-1024x198.png\" alt=\"\" class=\"wp-image-1085\" srcset=\"https:\/\/www.centritecnopolo.unipr.it\/cidea\/wp-content\/uploads\/sites\/4\/2024\/10\/Loghi_CoesioneITA_UE_REP_ER_21-27_compatta_colore-1024x198.png 1024w, https:\/\/www.centritecnopolo.unipr.it\/cidea\/wp-content\/uploads\/sites\/4\/2024\/10\/Loghi_CoesioneITA_UE_REP_ER_21-27_compatta_colore-300x58.png 300w, https:\/\/www.centritecnopolo.unipr.it\/cidea\/wp-content\/uploads\/sites\/4\/2024\/10\/Loghi_CoesioneITA_UE_REP_ER_21-27_compatta_colore-768x148.png 768w, https:\/\/www.centritecnopolo.unipr.it\/cidea\/wp-content\/uploads\/sites\/4\/2024\/10\/Loghi_CoesioneITA_UE_REP_ER_21-27_compatta_colore-1536x296.png 1536w, https:\/\/www.centritecnopolo.unipr.it\/cidea\/wp-content\/uploads\/sites\/4\/2024\/10\/Loghi_CoesioneITA_UE_REP_ER_21-27_compatta_colore-2048x395.png 2048w\" sizes=\"(max-width: 1024px) 100vw, 1024px\" \/><\/figure>\n","protected":false},"excerpt":{"rendered":"<p>Sito web del progetto www.aimebim.it Abstract Finanziato nell\u2019ambito del PR-FESR Emilia-Romagna 2021-2027, il progetto \u00e8 incentrato su processi innovativi per [&hellip;]<\/p>\n","protected":false},"author":34,"featured_media":0,"parent":0,"menu_order":0,"comment_status":"closed","ping_status":"closed","template":"","meta":[],"acf":[],"_links":{"self":[{"href":"https:\/\/www.centritecnopolo.unipr.it\/cidea\/wp-json\/wp\/v2\/pages\/1097"}],"collection":[{"href":"https:\/\/www.centritecnopolo.unipr.it\/cidea\/wp-json\/wp\/v2\/pages"}],"about":[{"href":"https:\/\/www.centritecnopolo.unipr.it\/cidea\/wp-json\/wp\/v2\/types\/page"}],"author":[{"embeddable":true,"href":"https:\/\/www.centritecnopolo.unipr.it\/cidea\/wp-json\/wp\/v2\/users\/34"}],"replies":[{"embeddable":true,"href":"https:\/\/www.centritecnopolo.unipr.it\/cidea\/wp-json\/wp\/v2\/comments?post=1097"}],"version-history":[{"count":2,"href":"https:\/\/www.centritecnopolo.unipr.it\/cidea\/wp-json\/wp\/v2\/pages\/1097\/revisions"}],"predecessor-version":[{"id":1202,"href":"https:\/\/www.centritecnopolo.unipr.it\/cidea\/wp-json\/wp\/v2\/pages\/1097\/revisions\/1202"}],"wp:attachment":[{"href":"https:\/\/www.centritecnopolo.unipr.it\/cidea\/wp-json\/wp\/v2\/media?parent=1097"}],"curies":[{"name":"wp","href":"https:\/\/api.w.org\/{rel}","templated":true}]}}