{"id":269,"date":"2024-10-14T16:01:09","date_gmt":"2024-10-14T14:01:09","guid":{"rendered":"https:\/\/www.centritecnopolo.unipr.it\/ciccrei\/?page_id=269"},"modified":"2024-10-14T16:27:19","modified_gmt":"2024-10-14T14:27:19","slug":"allianceactive-passive-plugplay-integrated-technologies-for-facades-of-pebs","status":"publish","type":"page","link":"https:\/\/www.centritecnopolo.unipr.it\/ciccrei\/allianceactive-passive-plugplay-integrated-technologies-for-facades-of-pebs\/","title":{"rendered":"ALLIANCE_Active-passive pLug&amp;pLay IntegrAted techNologies for faCades of pEbs"},"content":{"rendered":"\n<p><\/p>\n\n\n\n<h2>Abstract<\/h2>\n\n\n\n<p>La trasformazione del patrimonio edilizio vetusto e di ridotte prestazioni energetiche in Positive Energy Building \u00e8 essenziale per la decarbonizzazione. ALLIANCE propone un SOSTANZIALE AVANZAMENTO TECNOLOGICO della filiera delle costruzioni poich\u00e9 mira a realizzare il paradigma dell\u2019integrazione involucro-impianto, risultato molto ambito sul mercato per rendere la filiera edilizia pi\u00f9 industrializzabile e promuovere la riqualificazione e costruzione di Citt\u00e0 e Comunit\u00e0 del Futuro, riducendo le disuguaglianze e consentendo a tutti l&#8217;accesso all&#8217;energia. La soluzione TECNOLOGICA INTEGRATA si basa su moduli di facciata ventilata ingegnerizzati in logica Plug&amp;Play e nasce da una duplice ALLEANZA di intenti e tecnologie, agendo al contempo su: ISOLAMENTO TERMICO per ridurre i fabbisogni di climatizzazione, EFFICIENZA IMPIANTISTICA per garantire condizioni di COMFORT, PRODUZIONE DI ENERGIA DA FONTI RINNOVABILI. Si valuter\u00e0 la scalabilit\u00e0 del prototipo su casi reali con modelli e oggetti BIM associati al dimostratore fornendo STRUMENTI PROGETTUALI per COSTRUIRE e RIQUALIFICARE su ampia scala. La condivisione con LE 5 IMPRESE partner permetter\u00e0 di DIMOSTRARE LA VALIDIT\u00c0 DELLA SOLUZIONE implementandola su edificio pilota e ANTICIPANDO LA RICADUTA INDUSTRIALE DEI RISULTATI.<\/p>\n\n\n\n<h2><strong>Obiettivi<\/strong><\/h2>\n\n\n\n<p>ALLIANCE risponde all\u2019ESIGENZA della filiera di sviluppare una SOLUZIONE TECNOLOGICA, INTEGRATA, AVANZATA E SOSTENIBILE per favorire la decarbonizzazione del patrimonio edilizio verso i modelli di PEBs\/PEDs:<\/p>\n\n\n\n<p>\u2022 Ob.1 SVILUPPARE, SPERIMENTARE E INGEGNERIZZARE un sistema impiantistico per climatizzazione civile, composto da innovativi pannelli termo-fotovoltaici (PVT)installati su facciate ventilate e funzionalizzati per valorizzare le superfici verticali per lo sfruttamento di energie rinnovabili<\/p>\n\n\n\n<p>\u2022 Ob.2 SVILUPPARE, SPERIMENTARE E INGEGNERIZZARE il modulo passivo (incluso l\u2019isolamento) di facciata ventilata e TESTARNE E VALIDARNE LE PRESTAZIONI a scala di laboratorio<\/p>\n\n\n\n<p>\u2022 Ob.3 INTEGRARE LE COMPONENTI IMPIANTISTICHE (emissione, VMC, PVT) e PASSIVE a scala di laboratorio e MODELLARE IL MODULO INTEGRATO per VALUTARNE le prestazioni energetiche complessive<\/p>\n\n\n\n<p>\u2022 Ob.4 DIMOSTRARE IN AMBIENTE RILEVANTE LA SOLUZIONE INTEGRATA INNOVATIVA PnP REALIZZANDO IL PROTOTIPO DIMOSTRATORE e MONITORANDONE LE PRESTAZIONI energetiche e di IAQ su 12 mesi in torretta pilota<\/p>\n\n\n\n<p>\u2022 Ob.5 VALIDARE il modello numerico mediante monitoraggio e SVILUPPARE oggetti BIM associati al dimostratore per VALUTARE LA SCALABILIT\u00c0 del prototipo a casi reali con diverse<\/p>\n\n\n\n<p>\u2022 Ob.6 Diffondere AVANZAMENTO TECNOLOGICO NELLA FILIERA REGIONALE EDILIZIA-COSTRUZIONI a partire dal coinvolgimento attivo di 5 imprese di SETTORI DIVERSI, che potranno incorporare i risultati scientifici-tecnologici nel loro processo produttivo.<\/p>\n\n\n\n<p><strong>Risultati attesi<\/strong><\/p>\n\n\n\n<p>1. Ricerca e messa a punto della componente \u201cimpiantistica\u201d (parte attiva)<\/p>\n\n\n\n<p>2. Ricerca e messa a punto della componente di \u201cfacciata\u201d (parte passiva)<\/p>\n\n\n\n<p>3. Integrazione e messa a punto del modulo di facciata attivo-passivo a scala di laboratorio:<\/p>\n\n\n\n<p>4. Prototipazione e caratterizzazione sperimentale del sistema integrato a scala di pilota e sua modellazione digitale in BIM.<\/p>\n\n\n\n<h2>Dettagli del progetto<\/h2>\n\n\n\n<p><strong>Responsabile scientifico:<\/strong>&nbsp;Prof.ssa Pamela Vocale<\/p>\n\n\n\n<p><strong>Strutture Unipr coinvolte:<\/strong><br>CICCREI- Centro Interdipartimentale di Ricerca per la Conservazione, la Costruzione e la Rigenerazione di Edifici e Infrastrutture<\/p>\n\n\n\n<p><strong>Coordinatore:<\/strong><br>Certimac soc. cons. a r.l.<\/p>\n\n\n\n<p><strong>Partner:<\/strong><\/p>\n\n\n\n<ul>\n<li>UNIFE &#8211; Laboratorio Teknehub<\/li>\n\n\n\n<li>UNIPR CICCREI- Centro Interdipartimentale di Ricerca per la Conservazione, la Costruzione e la Rigenerazione di Edifici e Infrastrutture<\/li>\n\n\n\n<li>UNIBO CIRI EC<\/li>\n<\/ul>\n\n\n\n<p><strong>Costo totale di progetto:<\/strong>\u00a0689.023,43 euro<br><strong>Contributo totale di progetto:<\/strong> 499.994,33 euro<br><strong>Costo totale Unipr:<\/strong> 107.987,10 euro<br><strong>Contributo totale Unipr:<\/strong> 79.933,90 euro<br><strong>Durata del progetto in mesi:<\/strong> 30<br><strong>Data di inizio: <\/strong>08\/02\/2024<br><strong>Data di fine:<\/strong>\u00a008\/08\/2026<\/p>\n\n\n\n<div style=\"height:64px\" aria-hidden=\"true\" class=\"wp-block-spacer\"><\/div>\n\n\n\n<p><em>Il progetto \u00e8 realizzato grazie ai Fondi europei della Regione Emilia-Romagna<\/em><\/p>\n\n\n\n<figure class=\"wp-block-image size-large\"><img decoding=\"async\" loading=\"lazy\" width=\"1024\" height=\"73\" src=\"https:\/\/www.centritecnopolo.unipr.it\/ciccrei\/wp-content\/uploads\/sites\/10\/2024\/10\/Loghi_CoesioneITA_UE_REP_ER_21-27_estesa_colore-1024x73.png\" alt=\"\" class=\"wp-image-262\" srcset=\"https:\/\/www.centritecnopolo.unipr.it\/ciccrei\/wp-content\/uploads\/sites\/10\/2024\/10\/Loghi_CoesioneITA_UE_REP_ER_21-27_estesa_colore-1024x73.png 1024w, https:\/\/www.centritecnopolo.unipr.it\/ciccrei\/wp-content\/uploads\/sites\/10\/2024\/10\/Loghi_CoesioneITA_UE_REP_ER_21-27_estesa_colore-300x21.png 300w, https:\/\/www.centritecnopolo.unipr.it\/ciccrei\/wp-content\/uploads\/sites\/10\/2024\/10\/Loghi_CoesioneITA_UE_REP_ER_21-27_estesa_colore-768x55.png 768w, https:\/\/www.centritecnopolo.unipr.it\/ciccrei\/wp-content\/uploads\/sites\/10\/2024\/10\/Loghi_CoesioneITA_UE_REP_ER_21-27_estesa_colore-1536x110.png 1536w, https:\/\/www.centritecnopolo.unipr.it\/ciccrei\/wp-content\/uploads\/sites\/10\/2024\/10\/Loghi_CoesioneITA_UE_REP_ER_21-27_estesa_colore-2048x147.png 2048w\" sizes=\"(max-width: 1024px) 100vw, 1024px\" \/><\/figure>\n","protected":false},"excerpt":{"rendered":"<p>Abstract La trasformazione del patrimonio edilizio vetusto e di ridotte prestazioni energetiche in Positive Energy Building \u00e8 essenziale per la [&hellip;]<\/p>\n","protected":false},"author":34,"featured_media":0,"parent":0,"menu_order":0,"comment_status":"closed","ping_status":"closed","template":"","meta":[],"acf":[],"_links":{"self":[{"href":"https:\/\/www.centritecnopolo.unipr.it\/ciccrei\/wp-json\/wp\/v2\/pages\/269"}],"collection":[{"href":"https:\/\/www.centritecnopolo.unipr.it\/ciccrei\/wp-json\/wp\/v2\/pages"}],"about":[{"href":"https:\/\/www.centritecnopolo.unipr.it\/ciccrei\/wp-json\/wp\/v2\/types\/page"}],"author":[{"embeddable":true,"href":"https:\/\/www.centritecnopolo.unipr.it\/ciccrei\/wp-json\/wp\/v2\/users\/34"}],"replies":[{"embeddable":true,"href":"https:\/\/www.centritecnopolo.unipr.it\/ciccrei\/wp-json\/wp\/v2\/comments?post=269"}],"version-history":[{"count":22,"href":"https:\/\/www.centritecnopolo.unipr.it\/ciccrei\/wp-json\/wp\/v2\/pages\/269\/revisions"}],"predecessor-version":[{"id":301,"href":"https:\/\/www.centritecnopolo.unipr.it\/ciccrei\/wp-json\/wp\/v2\/pages\/269\/revisions\/301"}],"wp:attachment":[{"href":"https:\/\/www.centritecnopolo.unipr.it\/ciccrei\/wp-json\/wp\/v2\/media?parent=269"}],"curies":[{"name":"wp","href":"https:\/\/api.w.org\/{rel}","templated":true}]}}