{"id":120,"date":"2023-04-17T12:02:15","date_gmt":"2023-04-17T10:02:15","guid":{"rendered":"https:\/\/app649.apps.aicod.it\/ciccrei\/?page_id=37"},"modified":"2024-06-04T18:11:50","modified_gmt":"2024-06-04T16:11:50","slug":"chi-siamo","status":"publish","type":"page","link":"https:\/\/www.centritecnopolo.unipr.it\/ciccrei\/il-centro\/chi-siamo\/","title":{"rendered":"Chi siamo"},"content":{"rendered":"\n<p>Il Centro CICCREI \u00e8 un <em>competence centre<\/em> attivo nell\u2019ambito delle tecnologie per il rilievo e l\u2019analisi materica, energetica e strutturale del costruito esistente, sia edilizio che infrastrutturale, del miglioramento della qualit\u00e0 urbana ed edilizia, della rigenerazione del territorio urbanizzato e dell\u2019edificato, dello sviluppo di nuovi materiali in un\u2019ottica di sostenibilit\u00e0 ambientale ed economica.<\/p>\n\n\n\n<p>Attraverso le competenze delle sue unit\u00e0 operative, il Centro svolge attivit\u00e0 di ricerca applicata per lo sviluppo di tecnologie, processi e materiali innovativi per il settore dell\u2019edilizia e delle infrastrutture, sia nuove che esistenti, e si propone come partner credibile e affidabile per imprese che intendano svolgere attivit\u00e0 di ricerca industriale e di trasferimento tecnologico in tali settori, oltre che per enti pubblici che abbiano in carico la gestione di costruzioni, alle diverse scale.<\/p>\n\n\n\n<p>La Mission del Centro \u00e8 quella di sviluppare attivit\u00e0 di ricerca industriale, sviluppo sperimentale e di trasferimento tecnologico (incluse attivit\u00e0 di aggiornamento e formazione professionale) relative a:<\/p>\n\n\n\n<p>&#8211; conservazione e valorizzazione del patrimonio costruito con valenza storica, artistica o urbanistico\/ambientale;<\/p>\n\n\n\n<p>&#8211; riduzione delle vulnerabilit\u00e0 del costruito esistente, incluse le opere civili presenti nelle infrastrutture idrauliche, di trasporto, per la protezione del territorio e di produzione dell\u2019energia;<\/p>\n\n\n\n<p>&#8211; efficienza energetica degli edifici per la sostenibilit\u00e0 ambientale ed economica;<\/p>\n\n\n\n<p>&#8211; rigenerazione del territorio urbanizzato e dell\u2019edificato, miglioramento del comfort e della qualit\u00e0 urbana ed edilizia in un\u2019ottica di smart city.<\/p>\n","protected":false},"excerpt":{"rendered":"<p>Il Centro CICCREI \u00e8 un competence centre attivo nell\u2019ambito delle tecnologie per il rilievo e l\u2019analisi materica, energetica e strutturale [&hellip;]<\/p>\n","protected":false},"author":23,"featured_media":0,"parent":119,"menu_order":0,"comment_status":"closed","ping_status":"closed","template":"","meta":[],"acf":[],"_links":{"self":[{"href":"https:\/\/www.centritecnopolo.unipr.it\/ciccrei\/wp-json\/wp\/v2\/pages\/120"}],"collection":[{"href":"https:\/\/www.centritecnopolo.unipr.it\/ciccrei\/wp-json\/wp\/v2\/pages"}],"about":[{"href":"https:\/\/www.centritecnopolo.unipr.it\/ciccrei\/wp-json\/wp\/v2\/types\/page"}],"author":[{"embeddable":true,"href":"https:\/\/www.centritecnopolo.unipr.it\/ciccrei\/wp-json\/wp\/v2\/users\/23"}],"replies":[{"embeddable":true,"href":"https:\/\/www.centritecnopolo.unipr.it\/ciccrei\/wp-json\/wp\/v2\/comments?post=120"}],"version-history":[{"count":2,"href":"https:\/\/www.centritecnopolo.unipr.it\/ciccrei\/wp-json\/wp\/v2\/pages\/120\/revisions"}],"predecessor-version":[{"id":226,"href":"https:\/\/www.centritecnopolo.unipr.it\/ciccrei\/wp-json\/wp\/v2\/pages\/120\/revisions\/226"}],"up":[{"embeddable":true,"href":"https:\/\/www.centritecnopolo.unipr.it\/ciccrei\/wp-json\/wp\/v2\/pages\/119"}],"wp:attachment":[{"href":"https:\/\/www.centritecnopolo.unipr.it\/ciccrei\/wp-json\/wp\/v2\/media?parent=120"}],"curies":[{"name":"wp","href":"https:\/\/api.w.org\/{rel}","templated":true}]}}