{"id":919,"date":"2024-10-15T10:05:29","date_gmt":"2024-10-15T08:05:29","guid":{"rendered":"https:\/\/www.centritecnopolo.unipr.it\/biopharmanet-tec\/?page_id=919"},"modified":"2024-10-15T10:29:50","modified_gmt":"2024-10-15T08:29:50","slug":"uni-recondition-una-nuova-soluzione-acellulare-per-ricondizionare-gli-organi-a-scopo-di-trapianto-durante-la-perfusione-ex-vivo","status":"publish","type":"page","link":"https:\/\/www.centritecnopolo.unipr.it\/biopharmanet-tec\/uni-recondition-una-nuova-soluzione-acellulare-per-ricondizionare-gli-organi-a-scopo-di-trapianto-durante-la-perfusione-ex-vivo\/","title":{"rendered":"<strong>UNI-RECONDITION \u00a0Una nuova soluzione acellulare per ricondizionare gli organi a scopo di trapianto durante la perfusione ex-vivo\u00a0<\/strong>"},"content":{"rendered":"\n<p><strong>Sito web del progetto<\/strong><\/p>\n\n\n\n<p><a href=\"https:\/\/unirecondition.it\/\">https:\/\/unirecondition.it\/<\/a><\/p>\n\n\n\n<div style=\"height:55px\" aria-hidden=\"true\" class=\"wp-block-spacer\"><\/div>\n\n\n\n<figure class=\"wp-block-image size-full is-resized\"><img decoding=\"async\" loading=\"lazy\" src=\"https:\/\/www.centritecnopolo.unipr.it\/biopharmanet-tec\/wp-content\/uploads\/sites\/3\/2024\/10\/unirecondition.jpeg\" alt=\"\" class=\"wp-image-922\" width=\"342\" height=\"171\" srcset=\"https:\/\/www.centritecnopolo.unipr.it\/biopharmanet-tec\/wp-content\/uploads\/sites\/3\/2024\/10\/unirecondition.jpeg 1024w, https:\/\/www.centritecnopolo.unipr.it\/biopharmanet-tec\/wp-content\/uploads\/sites\/3\/2024\/10\/unirecondition-300x151.jpeg 300w, https:\/\/www.centritecnopolo.unipr.it\/biopharmanet-tec\/wp-content\/uploads\/sites\/3\/2024\/10\/unirecondition-768x386.jpeg 768w\" sizes=\"(max-width: 342px) 100vw, 342px\" \/><\/figure>\n\n\n\n<div style=\"height:65px\" aria-hidden=\"true\" class=\"wp-block-spacer\"><\/div>\n\n\n\n<p><strong>ABSTRACT<\/strong><\/p>\n\n\n\n<p>Il progetto si propone di sviluppare un prodotto biotecnologico basato su emoglobina bovina modificata (SANO-O) per l\u2019ossigenazione ex-vivo di organi marginali \u2013 particolarmente reni e fegato &#8211; al fine di ricondizionarli come organi adatti al trapianto. Il prodotto \u00e8 gi\u00e0 stato validato in laboratorio e l\u2019ottimizzazione del prodotto sar\u00e0 condotta su una specifica macchina per trasfusione. Il progetto coinvolge due Centri del Tecnopolo di Parma \u2013 Biopharmanet-TEC e SITEIA.PARMA \u2013 per la produzione, caratterizzazione biochimica, biofisica e microbiologica del prodotto, insieme al Tecnopolo TPM di Mirandola per la caratterizzazione chimica e per la valutazione degli aspetti regolatori. Le aziende Medica S.p.A. e Ably S.R.L. appoggeranno il progetto con le rispettive competenze nel campo delle macchine per perfusione d&#8217;organo. Infine, il prodotto e la macchina saranno sperimentati dall\u2019IRCCS Azienda Ospedaliero-Universitaria di Bologna su organi umani. Democenter si occuper\u00e0 del piano di diffusione.<\/p>\n\n\n\n<p><strong>Obiettivi e risultati attesi<\/strong><\/p>\n\n\n\n<p>Obiettivo generale del progetto \u00e8 sviluppare il prodotto SANO-O definendo un protocollo preparativo pienamente validato in termini di controllo microbiologico e chimico. Primo obiettivo sar\u00e0 quindi lo scale-up della produzione, cui seguir\u00e0 la caratterizzazione con tecniche biochimiche e biofisiche in vista di richieste di registrazione. Il prodotto sar\u00e0 quindi controllato dal punto di vista microbiologico e chimico in ottemperanza alle normative previste. Infine, il progetto si propone di caratterizzare il prodotto in una macchina da perfusione con organi\\porzioni di organo umano, con valutazione dei parametri di fluidica e di cessione di ossigeno, ottimizzando cos\u00ec concentrazione dell\u2019HBOC, viscosit\u00e0 della soluzione ed eventuali additivi. Seguir\u00e0 l\u2019analisi del prodotto da un punto di vista della regolamentazione Europea (MDR 745:2017) e Americana (EPA). Il risultato finale sar\u00e0 la definizione di un protocollo validato di produzione di SANO-O ottimizzato per l\u2019impiego in macchine da riperfusione, definendo anche il percorso regolatorio con la prospettiva della sua commercializzazione. Si prevede di sviluppare il prodotto almeno a TRL 6.<\/p>\n\n\n\n<p><strong>Dettagli del progetto<\/strong><\/p>\n\n\n\n<p><strong>Responsabile scientifico:<\/strong>&nbsp;Prof. Stefano Bruno<\/p>\n\n\n\n<p><strong>Strutture Unipr coinvolte:<\/strong>&nbsp;<\/p>\n\n\n\n<p>Centro interdipartimentale per l\u2019Innovazione dei Prodotti per la Salute &#8211; Biopharmanet-Tec<br>Centro Interdipartimentale sulla Sicurezza, Tecnologie e Innovazione Agroalimentare &#8211; SITEIA.PARMA<\/p>\n\n\n\n<p><strong>Coordinatore:&nbsp;<\/strong><\/p>\n\n\n\n<p>Centro interdipartimentale per l\u2019Innovazione dei Prodotti per la Salute &#8211; Biopharmanet-Tec<\/p>\n\n\n\n<p><strong>Partner:<\/strong><\/p>\n\n\n\n<ul>\n<li>Centro Interdipartimentale sulla Sicurezza, Tecnologie e Innovazione Agroalimentare &#8211; SITEIA.PARMA<\/li>\n\n\n\n<li>Parco Scientifico e Tecnologico Materiali Innovativi e Ricerca Applicata del Mirandolese &#8211; TPM \u2013 TECNOPOLO<\/li>\n\n\n\n<li>Fondazione Democenter-Sipe \u2013 Democenter<\/li>\n\n\n\n<li>Chirurgia addominale nell&#8217;insufficienza d&#8217;organo terminale e nei pazienti con trapianto d&#8217;organo &#8211; CCS AOU BO<\/li>\n<\/ul>\n\n\n\n<p><strong>Costo totale di progetto:<\/strong>&nbsp;573.285,72 euro&nbsp;<br><strong>Contributo totale di progetto:&nbsp;<\/strong>413.300,00 euro<strong>&nbsp;<\/strong><br><strong>Costo totale BIOPHARMANET-TECH Unipr:&nbsp;<\/strong>188.000,00 euro&nbsp;<br><strong>Contributo totale BIOPHARMANET-TECH Unipr:<\/strong>: 131.600,00 euro<br><strong>Durata del progetto in mesi:<\/strong>&nbsp;30&nbsp;<br><strong>Data di inizio:&nbsp;<\/strong>06\/02\/2024&nbsp;<br><strong>Data di fine<\/strong>: 05\/08\/2026<\/p>\n\n\n\n<p><strong>Il progetto \u00e8 realizzato grazie ai Fondi europei della Regione Emilia-Romagna<\/strong><\/p>\n\n\n\n<figure class=\"wp-block-image size-full\"><img decoding=\"async\" loading=\"lazy\" width=\"920\" height=\"178\" src=\"https:\/\/www.centritecnopolo.unipr.it\/biopharmanet-tec\/wp-content\/uploads\/sites\/3\/2024\/10\/Loghi_CoesioneITA_UE_REP_ER_21-27_compatta_colore.jpg\" alt=\"\" class=\"wp-image-906\" srcset=\"https:\/\/www.centritecnopolo.unipr.it\/biopharmanet-tec\/wp-content\/uploads\/sites\/3\/2024\/10\/Loghi_CoesioneITA_UE_REP_ER_21-27_compatta_colore.jpg 920w, https:\/\/www.centritecnopolo.unipr.it\/biopharmanet-tec\/wp-content\/uploads\/sites\/3\/2024\/10\/Loghi_CoesioneITA_UE_REP_ER_21-27_compatta_colore-300x58.jpg 300w, https:\/\/www.centritecnopolo.unipr.it\/biopharmanet-tec\/wp-content\/uploads\/sites\/3\/2024\/10\/Loghi_CoesioneITA_UE_REP_ER_21-27_compatta_colore-768x149.jpg 768w\" sizes=\"(max-width: 920px) 100vw, 920px\" \/><\/figure>\n","protected":false},"excerpt":{"rendered":"<p>Sito web del progetto https:\/\/unirecondition.it\/ ABSTRACT Il progetto si propone di sviluppare un prodotto biotecnologico basato su emoglobina bovina modificata [&hellip;]<\/p>\n","protected":false},"author":34,"featured_media":0,"parent":0,"menu_order":0,"comment_status":"closed","ping_status":"closed","template":"","meta":[],"acf":[],"_links":{"self":[{"href":"https:\/\/www.centritecnopolo.unipr.it\/biopharmanet-tec\/wp-json\/wp\/v2\/pages\/919"}],"collection":[{"href":"https:\/\/www.centritecnopolo.unipr.it\/biopharmanet-tec\/wp-json\/wp\/v2\/pages"}],"about":[{"href":"https:\/\/www.centritecnopolo.unipr.it\/biopharmanet-tec\/wp-json\/wp\/v2\/types\/page"}],"author":[{"embeddable":true,"href":"https:\/\/www.centritecnopolo.unipr.it\/biopharmanet-tec\/wp-json\/wp\/v2\/users\/34"}],"replies":[{"embeddable":true,"href":"https:\/\/www.centritecnopolo.unipr.it\/biopharmanet-tec\/wp-json\/wp\/v2\/comments?post=919"}],"version-history":[{"count":2,"href":"https:\/\/www.centritecnopolo.unipr.it\/biopharmanet-tec\/wp-json\/wp\/v2\/pages\/919\/revisions"}],"predecessor-version":[{"id":924,"href":"https:\/\/www.centritecnopolo.unipr.it\/biopharmanet-tec\/wp-json\/wp\/v2\/pages\/919\/revisions\/924"}],"wp:attachment":[{"href":"https:\/\/www.centritecnopolo.unipr.it\/biopharmanet-tec\/wp-json\/wp\/v2\/media?parent=919"}],"curies":[{"name":"wp","href":"https:\/\/api.w.org\/{rel}","templated":true}]}}