{"id":909,"date":"2024-10-15T09:46:50","date_gmt":"2024-10-15T07:46:50","guid":{"rendered":"https:\/\/www.centritecnopolo.unipr.it\/biopharmanet-tec\/?page_id=909"},"modified":"2024-10-15T09:46:51","modified_gmt":"2024-10-15T07:46:51","slug":"ai4chemobrainun-modello-di-machine-learning-artificial-intelligence-per-la-medicina-personalizzata-sviluppo-di-un-dimostratore-predittivo-del-disturbo-cognitivo-in-corso-di-chemioterapia-basato-su-da","status":"publish","type":"page","link":"https:\/\/www.centritecnopolo.unipr.it\/biopharmanet-tec\/ai4chemobrainun-modello-di-machine-learning-artificial-intelligence-per-la-medicina-personalizzata-sviluppo-di-un-dimostratore-predittivo-del-disturbo-cognitivo-in-corso-di-chemioterapia-basato-su-da\/","title":{"rendered":"<strong>AI4ChemoBrainUn modello di machine learning\/artificial intelligence per la medicina personalizzata: sviluppo di un dimostratore predittivo del disturbo cognitivo in corso di chemioterapia basato su dati omici e fenotipici subject-derived<\/strong>."},"content":{"rendered":"\n<p><strong>Sito web del progetto<\/strong><\/p>\n\n\n\n<p><a href=\"https:\/\/ai4chemobrain.it\/en\/home\/\">https:\/\/ai4chemobrain.it\/en\/home\/<\/a><\/p>\n\n\n\n<div style=\"height:100px\" aria-hidden=\"true\" class=\"wp-block-spacer\"><\/div>\n\n\n\n<figure class=\"wp-block-image size-full\"><img decoding=\"async\" loading=\"lazy\" width=\"580\" height=\"108\" src=\"https:\/\/www.centritecnopolo.unipr.it\/biopharmanet-tec\/wp-content\/uploads\/sites\/3\/2024\/10\/ai4cmb.png\" alt=\"\" class=\"wp-image-910\" srcset=\"https:\/\/www.centritecnopolo.unipr.it\/biopharmanet-tec\/wp-content\/uploads\/sites\/3\/2024\/10\/ai4cmb.png 580w, https:\/\/www.centritecnopolo.unipr.it\/biopharmanet-tec\/wp-content\/uploads\/sites\/3\/2024\/10\/ai4cmb-300x56.png 300w\" sizes=\"(max-width: 580px) 100vw, 580px\" \/><\/figure>\n\n\n\n<div style=\"height:100px\" aria-hidden=\"true\" class=\"wp-block-spacer\"><\/div>\n\n\n\n<p><strong>Abstract<\/strong><\/p>\n\n\n\n<p>Il termine \u201cchemobrain\u201d indica un deterioramento cognitivo ad oggi ancora poco caratterizzato, che insorge nella maggioranza dei pazienti durante e dopo la chemioterapia, si crede come conseguenza di infiammazione sistemica e disbiosi intestinale. Il progetto ha come scopo la generazione di un dimostratore predittivo dell\u2019insorgenza di chemobrain, ad uso clinico, basato su un modello di machine learing\/artificial intelligence addestrato e validato con data set preclinici. Il modello ML\/AI sar\u00e0 istruito mediante l\u2019utilizzo di dati storici descrittivi del declino cognitivo, la cui qualit\u00e0 \u00e8 verificabile grazie alla completa tracciabilit\u00e0 del loro ciclo vitale, ottimizzandone il valore. Il modello ML\/AI sar\u00e0 poi validato mediante l\u2019utilizzo di data set raccolti da modelli murini di chemobrain generati ad hoc per il progetto. L\u2019approccio \u201cdata-driven\u201d sfruttato dal modello ML\/AI sar\u00e0 inoltre validato mediante analisi parallela di tutti i data set con statistica convenzionale (\u201capproccio hypotesis-oriented\u201d). L\u2019obiettivo finale \u00e8 la traslazione alla clinica del modello preclinico, con il rilascio di un dimostratore ML\/AI predittivo della condizione chemobrain nei pazienti oncologici al fine di promuovere terapie adiuvanti sfruttabili anche nell\u2019ottica della \u201cpersonalized medicine\u201d.<\/p>\n\n\n\n<p><strong>Obiettivi e risultati attesi<\/strong><\/p>\n\n\n\n<p>Il progetto prevede lo sviluppo di un modello predittivo del declino cognitivo basato su tecniche di apprendimento supervisionato e non supervisionato con metodiche ML\/AI, utilizzando diversi data set nelle 3 fasi: 1: Addestramento del modello ML\/AI: dati storici di fenotipo cognitivo e dati omici; tecnica di apprendimento supervisionato. 2: Test del modello ML\/AI: data set derivato da modello murino preclinico di chemobrain specificamente prodotto per questo studio. Confronto con statistica convenzionale e tecniche di apprendimento non supervisionato. 3: Validazione del modello ML\/AI utilizzando: &#8211; data set derivato da un secondo modello preclinico chemobrain (coorte interna IRET); &#8211; data set derivato da una coorte esterna (BIOPHARMANET-TEC). La combinazione dei data set consentir\u00e0 di studiare il contributo di ciascun descrittore rispetto alle capacit\u00e0 predittive del modello. Per superare eventuali problematiche legate alla disponibilit\u00e0 di grandi dataset nell\u2019ambito del chemobrain potranno essere utilizzate tecniche di data augmentation, transfer learning e fine-tuning al fine di migliorare le capacit\u00e0 predittive del modello ML\/AI. Il prodotto finale sar\u00e0 un dimostratore (software) TRL6 che utilizzer\u00e0 il modello ML\/AI predittivo sopra sviluppato e validato (TRL4 e TRL5).<\/p>\n\n\n\n<p><strong>Dettagli del progetto<\/strong><\/p>\n\n\n\n<p><strong>Responsabile scientifico:<\/strong>&nbsp;Prof. Alessandro Bartolomucci<\/p>\n\n\n\n<p><strong>Strutture Unipr coinvolte:<\/strong><br>Biopharmanet TEC &#8211; Centro Interdipartimentale di Ricerca per l\u2019Innovazione dei Prodotti per la Salute &#8211; Universit\u00e0 degli Studi di Parma (Italy)<\/p>\n\n\n\n<p><strong>Coordinatore:<\/strong><br>Fondazione IRET &#8211; L&#8217;Occhio della Conoscenza sul Cervello(Italy)<\/p>\n\n\n\n<p><strong>Partner:<\/strong><\/p>\n\n\n\n<ul>\n<li>Biopharmanet TEC &#8211; Centro Interdipartimentale di Ricerca per l\u2019Innovazione dei Prodotti per la Salute &#8211; Universit\u00e0 degli Studi di Parma (Italy)<\/li>\n\n\n\n<li>Dipartimento di Morfologia, Chirurgia e medicina Sperimentale &#8211; Laboratorio per le Tecnologie delle Terapie avanzate LTTA -Universit\u00e0 di Ferrara (Italy)<\/li>\n\n\n\n<li>ALMA MATER STUDIORUM &#8211; Universit\u00e0 di Bologna (Italy)<br>&nbsp;<\/li>\n<\/ul>\n\n\n\n<p><strong>Costo totale di progetto:<\/strong>\u00a0Euro (EUR) 694.525,16<br><strong>Contributo totale di progetto:<\/strong>\u00a0Euro (EUR) 499.157,61<br><strong>Costo totale BIOPHARMANET-TECH Unipr:<\/strong>\u00a0Euro (EUR) 63.206,10<br><strong>Contributo totale BIOPHARMANET-TECH Unipr:<\/strong>\u00a0Euro (EUR) 44.244,27<br><strong>Durata del progetto in mesi:<\/strong>\u00a030<br><strong>Data di inizio<\/strong>\u00a006\/02\/2024<br><strong>Data di fine:<\/strong>\u00a005\/08\/2026<\/p>\n\n\n\n<p><strong>Il progetto \u00e8 realizzato grazie ai Fondi europei della Regione Emilia-Romagna<\/strong><\/p>\n\n\n\n<figure class=\"wp-block-image size-full\"><img decoding=\"async\" loading=\"lazy\" width=\"920\" height=\"178\" src=\"https:\/\/www.centritecnopolo.unipr.it\/biopharmanet-tec\/wp-content\/uploads\/sites\/3\/2024\/10\/Loghi_CoesioneITA_UE_REP_ER_21-27_compatta_colore.jpg\" alt=\"\" class=\"wp-image-906\" srcset=\"https:\/\/www.centritecnopolo.unipr.it\/biopharmanet-tec\/wp-content\/uploads\/sites\/3\/2024\/10\/Loghi_CoesioneITA_UE_REP_ER_21-27_compatta_colore.jpg 920w, https:\/\/www.centritecnopolo.unipr.it\/biopharmanet-tec\/wp-content\/uploads\/sites\/3\/2024\/10\/Loghi_CoesioneITA_UE_REP_ER_21-27_compatta_colore-300x58.jpg 300w, https:\/\/www.centritecnopolo.unipr.it\/biopharmanet-tec\/wp-content\/uploads\/sites\/3\/2024\/10\/Loghi_CoesioneITA_UE_REP_ER_21-27_compatta_colore-768x149.jpg 768w\" sizes=\"(max-width: 920px) 100vw, 920px\" \/><\/figure>\n","protected":false},"excerpt":{"rendered":"<p>Sito web del progetto https:\/\/ai4chemobrain.it\/en\/home\/ Abstract Il termine \u201cchemobrain\u201d indica un deterioramento cognitivo ad oggi ancora poco caratterizzato, che insorge [&hellip;]<\/p>\n","protected":false},"author":34,"featured_media":0,"parent":0,"menu_order":0,"comment_status":"closed","ping_status":"closed","template":"","meta":[],"acf":[],"_links":{"self":[{"href":"https:\/\/www.centritecnopolo.unipr.it\/biopharmanet-tec\/wp-json\/wp\/v2\/pages\/909"}],"collection":[{"href":"https:\/\/www.centritecnopolo.unipr.it\/biopharmanet-tec\/wp-json\/wp\/v2\/pages"}],"about":[{"href":"https:\/\/www.centritecnopolo.unipr.it\/biopharmanet-tec\/wp-json\/wp\/v2\/types\/page"}],"author":[{"embeddable":true,"href":"https:\/\/www.centritecnopolo.unipr.it\/biopharmanet-tec\/wp-json\/wp\/v2\/users\/34"}],"replies":[{"embeddable":true,"href":"https:\/\/www.centritecnopolo.unipr.it\/biopharmanet-tec\/wp-json\/wp\/v2\/comments?post=909"}],"version-history":[{"count":1,"href":"https:\/\/www.centritecnopolo.unipr.it\/biopharmanet-tec\/wp-json\/wp\/v2\/pages\/909\/revisions"}],"predecessor-version":[{"id":911,"href":"https:\/\/www.centritecnopolo.unipr.it\/biopharmanet-tec\/wp-json\/wp\/v2\/pages\/909\/revisions\/911"}],"wp:attachment":[{"href":"https:\/\/www.centritecnopolo.unipr.it\/biopharmanet-tec\/wp-json\/wp\/v2\/media?parent=909"}],"curies":[{"name":"wp","href":"https:\/\/api.w.org\/{rel}","templated":true}]}}